{"id":23923,"date":"2023-05-07T01:15:43","date_gmt":"2023-05-07T01:15:43","guid":{"rendered":"https:\/\/pofix.com\/product\/podecor\/"},"modified":"2024-03-12T14:03:05","modified_gmt":"2024-03-12T14:03:05","slug":"podecor","status":"publish","type":"product","link":"https:\/\/pofix.com\/sq\/product\/podecor\/","title":{"rendered":"PODECOR"},"content":{"rendered":"<p><span style=\"font-weight: 400;\"><strong>Podecor<\/strong> \u00ebsht\u00eb nj\u00eb mortaj\u00eb akrilike e gatshme e p\u00ebrzier, nj\u00eb pallto dekorative me gur\u00eb me ngjyr\u00eb. \u00cbsht\u00eb ideale p\u00ebr piedestalet e sht\u00ebpive, bodrumin dhe hyrjet e garazheve. Aplikohet n\u00eb muret e jashtme dhe t\u00eb brendshme, ku d\u00ebshirohet q\u00ebndrueshm\u00ebria dhe dekorimi, n\u00eb mure betoni, sip\u00ebrfaqe minerale, d\u00ebrras\u00eb cigane etj, ku m\u00eb par\u00eb aplikohet Poputzgrund.<\/span><\/p>\n<p><span style=\"font-weight: 400;\">Podekor \u00ebsht\u00eb me cil\u00ebsi t\u00eb lart\u00eb dhe rezistent ndaj kushteve klimatike.<\/span><\/p>\n<p>&nbsp;<\/p>\n<p><img decoding=\"async\" class=\"lazyload alignnone size-full wp-image-20498\" src=\"https:\/\/pofix.com\/wp-content\/uploads\/2023\/05\/FUNK-3.png\" data-orig-src=\"https:\/\/pofix.com\/wp-content\/uploads\/2023\/05\/FUNK-3.png\" alt=\"\" width=\"294\" height=\"56\" srcset=\"data:image\/svg+xml,%3Csvg%20xmlns%3D%27http%3A%2F%2Fwww.w3.org%2F2000%2Fsvg%27%20width%3D%27294%27%20height%3D%2756%27%20viewBox%3D%270%200%20294%2056%27%3E%3Crect%20width%3D%27294%27%20height%3D%2756%27%20fill-opacity%3D%220%22%2F%3E%3C%2Fsvg%3E\" data-srcset=\"https:\/\/pofix.com\/wp-content\/uploads\/2023\/05\/FUNK-3-200x38.png 200w, https:\/\/pofix.com\/wp-content\/uploads\/2023\/05\/FUNK-3.png 294w\" data-sizes=\"auto\" data-orig-sizes=\"(max-width: 294px) 100vw, 294px\" \/><\/p>\n<\/p>\n<div class=\"table-1\">\n<table width=\"100%\">\n<thead>\n<tr>\n<th align=\"left\"><b>P\u00ebrgatitja dhe aplikimi<\/b><\/th>\n<th align=\"left\">Parametrat<\/th>\n<\/tr>\n<\/thead>\n<tbody>\n<tr>\n<td align=\"left\"><span style=\"font-weight: 400;\">Koha e aplikimit pas p\u00ebrzierjes me uj\u00eb<\/span><\/td>\n<td align=\"left\">\/<\/td>\n<\/tr>\n<tr>\n<td align=\"left\"><span style=\"font-weight: 400;\">Koha e tharjes s\u00eb materialit<\/span><\/td>\n<td align=\"left\"><span style=\"font-weight: 400;\">24 h.<\/span><\/td>\n<\/tr>\n<tr>\n<td align=\"left\"><span style=\"font-weight: 400;\">Trash\u00ebsia e aplikimit<\/span><\/td>\n<td align=\"left\"><span style=\"font-weight: 400;\">1 mm.<\/span><\/td>\n<\/tr>\n<tr>\n<td align=\"left\"><span style=\"font-weight: 400;\">Granulimi<\/span><\/td>\n<td align=\"left\"><span style=\"font-weight: 400;\">20<\/span><\/td>\n<\/tr>\n<tr>\n<td align=\"left\"><span style=\"font-weight: 400;\">Konsumi<\/span><\/td>\n<td align=\"left\"><span style=\"font-weight: 400;\">300 g\/m2.<\/span><\/td>\n<\/tr>\n<tr>\n<td align=\"left\"><span style=\"font-weight: 400;\">Temperatura e ajrit dhe e sip\u00ebrfaqes<\/span><\/td>\n<td align=\"left\"><span style=\"font-weight: 400;\">+5\/+25\u00b0C<\/span><\/td>\n<\/tr>\n<tr>\n<td align=\"left\"><span style=\"font-weight: 400;\">Ngjyr\u00eb<\/span><\/td>\n<td align=\"left\">Sipas zgjedhjes<\/td>\n<\/tr>\n<tr>\n<td align=\"left\"><span style=\"font-weight: 400;\">Qese kg<\/span><\/td>\n<td align=\"left\"><span style=\"font-weight: 400;\">10\/20<\/span><\/td>\n<\/tr>\n<tr>\n<td align=\"left\"><span style=\"font-weight: 400;\">\u00c7anta\/palet\u00eb<\/span><\/td>\n<td align=\"left\">60\/36<\/td>\n<\/tr>\n<\/tbody>\n<\/table>\n<\/div>\n<p>\n","protected":false},"excerpt":{"rendered":"<p><span style=\"font-weight: 400;\"><strong>Podecor<\/strong> \u00ebsht\u00eb nj\u00eb mortaj\u00eb akrilike e gatshme e p\u00ebrzier, nj\u00eb pallto dekorative me gur\u00eb me ngjyr\u00eb. \u00cbsht\u00eb ideale p\u00ebr piedestalet e sht\u00ebpive, bodrumin dhe hyrjet e garazheve. Aplikohet n\u00eb muret e jashtme dhe t\u00eb brendshme, ku d\u00ebshirohet q\u00ebndrueshm\u00ebria dhe dekorimi, n\u00eb mure betoni, sip\u00ebrfaqe minerale, d\u00ebrras\u00eb cigane etj, ku m\u00eb par\u00eb aplikohet Poputzgrund.<\/span><\/p>\n<p><span style=\"font-weight: 400;\">Podekor \u00ebsht\u00eb me cil\u00ebsi t\u00eb lart\u00eb dhe rezistent ndaj kushteve klimatike.<\/span><\/p>\n","protected":false},"featured_media":0,"template":"","meta":[],"product_brand":[],"product_cat":[406,409],"product_tag":[567,615,345,546],"class_list":{"0":"post-23923","1":"product","2":"type-product","3":"status-publish","5":"product_cat-llace-dekorative-akrilike","6":"product_cat-produkte-akrilike","7":"product_tag-mortaja-dekorative-akrilike","8":"product_tag-podecor-sq","9":"product_tag-pofix-sq-2","10":"product_tag-produkte-akrilike","12":"first","13":"instock","14":"featured","15":"shipping-taxable","16":"purchasable","17":"product-type-simple"},"aioseo_notices":[],"_links":{"self":[{"href":"https:\/\/pofix.com\/sq\/wp-json\/wp\/v2\/product\/23923","targetHints":{"allow":["GET"]}}],"collection":[{"href":"https:\/\/pofix.com\/sq\/wp-json\/wp\/v2\/product"}],"about":[{"href":"https:\/\/pofix.com\/sq\/wp-json\/wp\/v2\/types\/product"}],"wp:attachment":[{"href":"https:\/\/pofix.com\/sq\/wp-json\/wp\/v2\/media?parent=23923"}],"wp:term":[{"taxonomy":"product_brand","embeddable":true,"href":"https:\/\/pofix.com\/sq\/wp-json\/wp\/v2\/product_brand?post=23923"},{"taxonomy":"product_cat","embeddable":true,"href":"https:\/\/pofix.com\/sq\/wp-json\/wp\/v2\/product_cat?post=23923"},{"taxonomy":"product_tag","embeddable":true,"href":"https:\/\/pofix.com\/sq\/wp-json\/wp\/v2\/product_tag?post=23923"}],"curies":[{"name":"wp","href":"https:\/\/api.w.org\/{rel}","templated":true}]}}