{"id":23822,"date":"2023-05-14T17:43:49","date_gmt":"2023-05-14T17:43:49","guid":{"rendered":"https:\/\/pofix.com\/product\/p-04-profili-i-kendit\/"},"modified":"2024-03-12T14:03:06","modified_gmt":"2024-03-12T14:03:06","slug":"p-04-profili-i-kendit","status":"publish","type":"product","link":"https:\/\/pofix.com\/sq\/product\/p-04-profili-i-kendit\/","title":{"rendered":"P-04 PROFILI I K\u00cbNDIT"},"content":{"rendered":"<p><span style=\"font-weight: 400;\"><strong>P-04 PROFILI I K\u00cbNDIT POFIX<\/strong><\/span><\/p>\n<p><span style=\"font-weight: 400;\"><br \/>\n  <strong>P-04 <\/strong><br \/>\n<\/span>profil p\u00ebr nd\u00ebrtimin e that\u00eb ose p\u00ebr veshje t\u00eb holl\u00eb suva. Profilet e k\u00ebndit p\u00ebr nd\u00ebrtimin e that\u00eb sh\u00ebrbejn\u00eb p\u00ebr t\u00eb mbrojtur skajet dhe k\u00ebndet kund\u00ebr d\u00ebmtimeve mekanike. Profilet jan\u00eb prodhuar n\u00eb dizajne dhe materiale t\u00eb ndryshme. Profilet duhet t\u00eb p\u00ebrballen me mesin e bordit<br \/>\nP\u00ebr t&#8217;u zbutur.<\/p>\n<p><img decoding=\"async\" class=\"lazyload alignnone size-medium wp-image-20515\" src=\"https:\/\/pofix.com\/wp-content\/uploads\/2023\/05\/P-01-198x300.png\" data-orig-src=\"https:\/\/pofix.com\/wp-content\/uploads\/2023\/05\/P-01-198x300.png\" alt=\"\" width=\"198\" height=\"300\" srcset=\"data:image\/svg+xml,%3Csvg%20xmlns%3D%27http%3A%2F%2Fwww.w3.org%2F2000%2Fsvg%27%20width%3D%27198%27%20height%3D%27300%27%20viewBox%3D%270%200%20198%20300%27%3E%3Crect%20width%3D%27198%27%20height%3D%27300%27%20fill-opacity%3D%220%22%2F%3E%3C%2Fsvg%3E\" data-srcset=\"https:\/\/pofix.com\/wp-content\/uploads\/2023\/05\/P-01-198x300.png 198w, https:\/\/pofix.com\/wp-content\/uploads\/2023\/05\/P-01-200x304.png 200w, https:\/\/pofix.com\/wp-content\/uploads\/2023\/05\/P-01-400x607.png 400w, https:\/\/pofix.com\/wp-content\/uploads\/2023\/05\/P-01-500x759.png 500w, https:\/\/pofix.com\/wp-content\/uploads\/2023\/05\/P-01.png 550w\" data-sizes=\"auto\" data-orig-sizes=\"(max-width: 198px) 100vw, 198px\" \/> <img decoding=\"async\" class=\"lazyload alignnone size-medium wp-image-20519\" src=\"https:\/\/pofix.com\/wp-content\/uploads\/2023\/05\/P-01-dim-1-198x300.png\" data-orig-src=\"https:\/\/pofix.com\/wp-content\/uploads\/2023\/05\/P-01-dim-1-198x300.png\" alt=\"\" width=\"198\" height=\"300\" srcset=\"data:image\/svg+xml,%3Csvg%20xmlns%3D%27http%3A%2F%2Fwww.w3.org%2F2000%2Fsvg%27%20width%3D%27198%27%20height%3D%27300%27%20viewBox%3D%270%200%20198%20300%27%3E%3Crect%20width%3D%27198%27%20height%3D%27300%27%20fill-opacity%3D%220%22%2F%3E%3C%2Fsvg%3E\" data-srcset=\"https:\/\/pofix.com\/wp-content\/uploads\/2023\/05\/P-01-dim-1-198x300.png 198w, https:\/\/pofix.com\/wp-content\/uploads\/2023\/05\/P-01-dim-1-200x304.png 200w, https:\/\/pofix.com\/wp-content\/uploads\/2023\/05\/P-01-dim-1-400x607.png 400w, https:\/\/pofix.com\/wp-content\/uploads\/2023\/05\/P-01-dim-1-500x759.png 500w, https:\/\/pofix.com\/wp-content\/uploads\/2023\/05\/P-01-dim-1.png 550w\" data-sizes=\"auto\" data-orig-sizes=\"(max-width: 198px) 100vw, 198px\" \/> <img decoding=\"async\" class=\"lazyload alignnone size-medium wp-image-20517\" src=\"https:\/\/pofix.com\/wp-content\/uploads\/2023\/05\/P-01-ZOOM-198x300.png\" data-orig-src=\"https:\/\/pofix.com\/wp-content\/uploads\/2023\/05\/P-01-ZOOM-198x300.png\" alt=\"\" width=\"198\" height=\"300\" srcset=\"data:image\/svg+xml,%3Csvg%20xmlns%3D%27http%3A%2F%2Fwww.w3.org%2F2000%2Fsvg%27%20width%3D%27198%27%20height%3D%27300%27%20viewBox%3D%270%200%20198%20300%27%3E%3Crect%20width%3D%27198%27%20height%3D%27300%27%20fill-opacity%3D%220%22%2F%3E%3C%2Fsvg%3E\" data-srcset=\"https:\/\/pofix.com\/wp-content\/uploads\/2023\/05\/P-01-ZOOM-198x300.png 198w, https:\/\/pofix.com\/wp-content\/uploads\/2023\/05\/P-01-ZOOM-200x304.png 200w, https:\/\/pofix.com\/wp-content\/uploads\/2023\/05\/P-01-ZOOM-400x607.png 400w, https:\/\/pofix.com\/wp-content\/uploads\/2023\/05\/P-01-ZOOM-500x759.png 500w, https:\/\/pofix.com\/wp-content\/uploads\/2023\/05\/P-01-ZOOM.png 550w\" data-sizes=\"auto\" data-orig-sizes=\"(max-width: 198px) 100vw, 198px\" \/><\/p>\n<\/p>\n<div class=\"table-1\">\n<table width=\"100%\">\n<thead>\n<tr>\n<th align=\"left\"><b>Specifikimet<\/b><\/th>\n<th align=\"left\">Parametrat<\/th>\n<\/tr>\n<\/thead>\n<tbody>\n<tr>\n<td align=\"left\">gjat\u00ebsia<\/td>\n<td align=\"left\"><span style=\"font-weight: 400;\">2800 mm<\/span><\/td>\n<\/tr>\n<tr>\n<td align=\"left\"><span style=\"font-weight: 400;\">Trash\u00ebsia e aplikimit<\/span><\/td>\n<td align=\"left\"><span style=\"font-weight: 400;\">1 mm.<\/span><\/td>\n<\/tr>\n<tr>\n<td align=\"left\"><span style=\"font-weight: 400;\">gjat\u00ebsia e nj\u00ebr\u00ebs an\u00eb<\/span><\/td>\n<td align=\"left\"><span style=\"font-weight: 400;\">25 mm.<\/span><\/td>\n<\/tr>\n<tr>\n<td align=\"left\"><span style=\"font-weight: 400;\">gjat\u00ebsia e an\u00ebs s\u00eb dyt\u00eb<\/span><\/td>\n<td align=\"left\"><span style=\"font-weight: 400;\">25 mm.<\/span><\/td>\n<\/tr>\n<tr>\n<td align=\"left\"><span style=\"font-weight: 400;\">Materiali<\/span><\/td>\n<td align=\"left\"><span style=\"font-weight: 400;\">metalike<\/span><\/td>\n<\/tr>\n<tr>\n<td align=\"left\"><span style=\"font-weight: 400;\">Ngjyr\u00eb<\/span><\/td>\n<td align=\"left\"><img decoding=\"async\" class=\"lazyload alignnone size-full wp-image-20279\" src=\"data:image\/svg+xml,%3Csvg%20xmlns%3D%27http%3A%2F%2Fwww.w3.org%2F2000%2Fsvg%27%20width%3D%2725%27%20height%3D%2725%27%20viewBox%3D%270%200%2025%2025%27%3E%3Crect%20width%3D%2725%27%20height%3D%2725%27%20fill-opacity%3D%220%22%2F%3E%3C%2Fsvg%3E\" data-orig-src=\"https:\/\/pofix.com\/wp-content\/uploads\/2015\/10\/greeColor.png\" alt=\"\" width=\"25\" height=\"25\">  (Argjend)<\/td>\n<\/tr>\n<\/tbody>\n<\/table>\n<\/div>\n<p>\n","protected":false},"excerpt":{"rendered":"<p><span style=\"font-weight: 400;\"><strong>P-04 PROFILI I K\u00cbNDIT POFIX<\/strong><\/span><\/p>\n<p><span style=\"font-weight: 400;\"><br \/>\n  <strong>P-04 <\/strong><br \/>\n<\/span>profil p\u00ebr nd\u00ebrtimin e that\u00eb ose p\u00ebr veshje t\u00eb holl\u00eb suva.<br \/>\nProfilet e k\u00ebndit p\u00ebr nd\u00ebrtimin e that\u00eb sh\u00ebrbejn\u00eb p\u00ebr t\u00eb mbrojtur skajet dhe k\u00ebndet kund\u00ebr d\u00ebmtimeve mekanike.<br \/>\nProfilet jan\u00eb prodhuar n\u00eb dizajne dhe materiale t\u00eb ndryshme. Profilet duhet t\u00eb p\u00ebrballen me mesin e bordit<br \/>\nP\u00ebr t&#8217;u zbutur.<\/p>\n","protected":false},"featured_media":0,"template":"","meta":[],"product_brand":[],"product_cat":[342],"product_tag":[599,598,345,464],"class_list":{"0":"post-23822","1":"product","2":"type-product","3":"status-publish","5":"product_cat-profilet","6":"product_tag-2800x25x25-sq","7":"product_tag-p-04-sq","8":"product_tag-pofix-sq-2","9":"product_tag-profili-i-kendit","11":"first","12":"instock","13":"shipping-taxable","14":"purchasable","15":"product-type-simple"},"aioseo_notices":[],"_links":{"self":[{"href":"https:\/\/pofix.com\/sq\/wp-json\/wp\/v2\/product\/23822","targetHints":{"allow":["GET"]}}],"collection":[{"href":"https:\/\/pofix.com\/sq\/wp-json\/wp\/v2\/product"}],"about":[{"href":"https:\/\/pofix.com\/sq\/wp-json\/wp\/v2\/types\/product"}],"wp:attachment":[{"href":"https:\/\/pofix.com\/sq\/wp-json\/wp\/v2\/media?parent=23822"}],"wp:term":[{"taxonomy":"product_brand","embeddable":true,"href":"https:\/\/pofix.com\/sq\/wp-json\/wp\/v2\/product_brand?post=23822"},{"taxonomy":"product_cat","embeddable":true,"href":"https:\/\/pofix.com\/sq\/wp-json\/wp\/v2\/product_cat?post=23822"},{"taxonomy":"product_tag","embeddable":true,"href":"https:\/\/pofix.com\/sq\/wp-json\/wp\/v2\/product_tag?post=23822"}],"curies":[{"name":"wp","href":"https:\/\/api.w.org\/{rel}","templated":true}]}}