{"id":23820,"date":"2023-05-07T00:52:35","date_gmt":"2023-05-07T00:52:35","guid":{"rendered":"https:\/\/pofix.com\/product\/aquastop\/"},"modified":"2024-03-12T14:03:08","modified_gmt":"2024-03-12T14:03:08","slug":"aquastop","status":"publish","type":"product","link":"https:\/\/pofix.com\/sq\/product\/aquastop\/","title":{"rendered":"AQUASTOP"},"content":{"rendered":"<p><b>I pap\u00ebrshkuesh\u00ebm nga uji<\/b><\/p>\n<p><span style=\"font-weight: 400;\">Aquastop \u00ebsht\u00eb gati material i p\u00ebrzier, dhe rezistent ndaj lag\u00ebshtis\u00eb p\u00ebr vende si pishina, banjo, tarraca, kuzhina, bodrume, etj. Sip\u00ebrfaqja duhet t\u00eb jet\u00eb e shesht\u00eb, e fort\u00eb, e that\u00eb dhe e past\u00ebr nga pluhuri. Para p\u00ebrdorimit aqua stop p\u00ebrzihet me 10% uj\u00eb. Aplikohet n\u00eb dy shtresa p\u00ebr nj\u00eb periudh\u00eb kohore nga 12 or\u00eb.<\/span><\/p>\n<p>&nbsp;<\/p>\n<p><img decoding=\"async\" class=\"lazyload alignnone size-full wp-image-20493\" src=\"https:\/\/pofix.com\/wp-content\/uploads\/2023\/05\/functioningAqua.png\" data-orig-src=\"https:\/\/pofix.com\/wp-content\/uploads\/2023\/05\/functioningAqua.png\" alt=\"\" width=\"294\" height=\"56\" srcset=\"data:image\/svg+xml,%3Csvg%20xmlns%3D%27http%3A%2F%2Fwww.w3.org%2F2000%2Fsvg%27%20width%3D%27294%27%20height%3D%2756%27%20viewBox%3D%270%200%20294%2056%27%3E%3Crect%20width%3D%27294%27%20height%3D%2756%27%20fill-opacity%3D%220%22%2F%3E%3C%2Fsvg%3E\" data-srcset=\"https:\/\/pofix.com\/wp-content\/uploads\/2023\/05\/functioningAqua-200x38.png 200w, https:\/\/pofix.com\/wp-content\/uploads\/2023\/05\/functioningAqua.png 294w\" data-sizes=\"auto\" data-orig-sizes=\"(max-width: 294px) 100vw, 294px\" \/><\/p>\n<\/p>\n<div class=\"table-1\">\n<table width=\"100%\">\n<thead>\n<tr>\n<th align=\"left\"><b>P\u00ebrgatitja dhe aplikimi<\/b><\/th>\n<th align=\"left\">Parametrat<\/th>\n<\/tr>\n<\/thead>\n<tbody>\n<tr>\n<td align=\"left\"><span style=\"font-weight: 400;\">Koha e aplikimit pas p\u00ebrzierjes me uj\u00eb<\/span><\/td>\n<td align=\"left\">\/<\/td>\n<\/tr>\n<tr>\n<td align=\"left\"><span style=\"font-weight: 400;\">Koha e tharjes s\u00eb materialit<\/span><\/td>\n<td align=\"left\"><span style=\"font-weight: 400;\">24 h.<\/span><\/td>\n<\/tr>\n<tr>\n<td align=\"left\"><span style=\"font-weight: 400;\">Trash\u00ebsia e aplikimit<\/span><\/td>\n<td align=\"left\"><span style=\"font-weight: 400;\">1 mm.<\/span><\/td>\n<\/tr>\n<tr>\n<td align=\"left\"><span style=\"font-weight: 400;\">Granulimi<\/span><\/td>\n<td align=\"left\"><span style=\"font-weight: 400;\">10<\/span><\/td>\n<\/tr>\n<tr>\n<td align=\"left\"><span style=\"font-weight: 400;\">Konsumi<\/span><\/td>\n<td align=\"left\"><span style=\"font-weight: 400;\">400 g\/m2.<\/span><\/td>\n<\/tr>\n<tr>\n<td align=\"left\"><span style=\"font-weight: 400;\">Temperatura e ajrit dhe e sip\u00ebrfaqes<\/span><\/td>\n<td align=\"left\"><span style=\"font-weight: 400;\">+5\/+25\u00b0C<\/span><\/td>\n<\/tr>\n<tr>\n<td align=\"left\"><span style=\"font-weight: 400;\">Ngjyr\u00eb<\/span><\/td>\n<td align=\"left\"><img decoding=\"async\" class=\"lazyload alignnone size-full wp-image-20295\" src=\"data:image\/svg+xml,%3Csvg%20xmlns%3D%27http%3A%2F%2Fwww.w3.org%2F2000%2Fsvg%27%20width%3D%2725%27%20height%3D%2725%27%20viewBox%3D%270%200%2025%2025%27%3E%3Crect%20width%3D%2725%27%20height%3D%2725%27%20fill-opacity%3D%220%22%2F%3E%3C%2Fsvg%3E\" data-orig-src=\"https:\/\/pofix.com\/wp-content\/uploads\/2023\/05\/white.png\" alt=\"\" width=\"25\" height=\"25\"><img decoding=\"async\" class=\"lazyload alignnone size-full wp-image-20492\" src=\"data:image\/svg+xml,%3Csvg%20xmlns%3D%27http%3A%2F%2Fwww.w3.org%2F2000%2Fsvg%27%20width%3D%2731%27%20height%3D%2731%27%20viewBox%3D%270%200%2031%2031%27%3E%3Crect%20width%3D%2731%27%20height%3D%2731%27%20fill-opacity%3D%220%22%2F%3E%3C%2Fsvg%3E\" data-orig-src=\"https:\/\/pofix.com\/wp-content\/uploads\/2023\/05\/yell.png\" alt=\"\" width=\"31\" height=\"31\"><\/td>\n<\/tr>\n<tr>\n<td align=\"left\"><span style=\"font-weight: 400;\">Qese kg<\/span><\/td>\n<td align=\"left\"><span style=\"font-weight: 400;\">8\/15<\/span><\/td>\n<\/tr>\n<tr>\n<td align=\"left\"><span style=\"font-weight: 400;\">\u00c7anta\/palet\u00eb<\/span><\/td>\n<td align=\"left\">60\/36<\/td>\n<\/tr>\n<\/tbody>\n<\/table>\n<\/div>\n<p>\n","protected":false},"excerpt":{"rendered":"<p><b>Aquastop Waterproofing<\/b><\/p>\n<p><span style=\"font-weight: 400;\">Aquastop \u00ebsht\u00eb gati material i p\u00ebrzier, dhe rezistent ndaj lag\u00ebshtis\u00eb p\u00ebr vende si pishina, banjo, tarraca, kuzhina, bodrume, etj. Sip\u00ebrfaqja duhet t\u00eb jet\u00eb e shesht\u00eb, e fort\u00eb, e that\u00eb dhe e past\u00ebr nga pluhuri. Para p\u00ebrdorimit aqua stop p\u00ebrzihet me 10% uj\u00eb. Aplikohet n\u00eb dy shtresa p\u00ebr nj\u00eb periudh\u00eb kohore nga 12 or\u00eb.<\/span><\/p>\n","protected":false},"featured_media":0,"template":"","meta":[],"product_brand":[],"product_cat":[402,409],"product_tag":[596,580,594,345,593],"class_list":{"0":"post-23820","1":"product","2":"type-product","3":"status-publish","5":"product_cat-pofluid-others-sq","6":"product_cat-produkte-akrilike","7":"product_tag-aquastop-sq","8":"product_tag-boje-e-brendshme","9":"product_tag-i-papershkueshem-nga-uji","10":"product_tag-pofix-sq-2","11":"product_tag-pofluids-sq","13":"first","14":"instock","15":"shipping-taxable","16":"purchasable","17":"product-type-simple"},"aioseo_notices":[],"_links":{"self":[{"href":"https:\/\/pofix.com\/sq\/wp-json\/wp\/v2\/product\/23820","targetHints":{"allow":["GET"]}}],"collection":[{"href":"https:\/\/pofix.com\/sq\/wp-json\/wp\/v2\/product"}],"about":[{"href":"https:\/\/pofix.com\/sq\/wp-json\/wp\/v2\/types\/product"}],"wp:attachment":[{"href":"https:\/\/pofix.com\/sq\/wp-json\/wp\/v2\/media?parent=23820"}],"wp:term":[{"taxonomy":"product_brand","embeddable":true,"href":"https:\/\/pofix.com\/sq\/wp-json\/wp\/v2\/product_brand?post=23820"},{"taxonomy":"product_cat","embeddable":true,"href":"https:\/\/pofix.com\/sq\/wp-json\/wp\/v2\/product_cat?post=23820"},{"taxonomy":"product_tag","embeddable":true,"href":"https:\/\/pofix.com\/sq\/wp-json\/wp\/v2\/product_tag?post=23820"}],"curies":[{"name":"wp","href":"https:\/\/api.w.org\/{rel}","templated":true}]}}