{"id":23817,"date":"2023-05-07T00:19:15","date_gmt":"2023-05-07T00:19:15","guid":{"rendered":"https:\/\/pofix.com\/product\/pocolor-extra\/"},"modified":"2024-03-12T13:47:30","modified_gmt":"2024-03-12T13:47:30","slug":"pocolor-extra","status":"publish","type":"product","link":"https:\/\/pofix.com\/sq\/product\/pocolor-extra\/","title":{"rendered":"POCOLOR EXTRA"},"content":{"rendered":"<p><strong>Pocolor Extra<\/strong><br \/>\nPocolor Extra \u00ebsht\u00eb ngjyra e jashtme dispersive p\u00ebr mbrojtjen dhe dekorimin e fronteve t\u00eb sht\u00ebpis\u00eb dhe sip\u00ebrfaqeve t\u00eb tjera t\u00eb jashtme t\u00eb murit, rezistente ndaj kushteve atmosferike, alkalive dhe krip\u00ebrave, dhe \u00ebsht\u00eb e perceptueshme. Para se t\u00eb aplikoni rekomandohet fort t\u00eb p\u00ebrzieni produktin dhe t\u00eb shtoni 10% uj\u00eb t\u00eb past\u00ebr. Aplikohet manualisht me nj\u00eb fur\u00e7\u00eb ose roller cilindrik. Baza duhet t\u00eb pastrohet, t\u00eb jet\u00eb e fort\u00eb dhe e that\u00eb.<\/p>\n<p>&nbsp;<\/p>\n<p><img decoding=\"async\" class=\"lazyload alignnone size-medium wp-image-20491\" src=\"https:\/\/pofix.com\/wp-content\/uploads\/2023\/05\/functioning-300x45.png\" data-orig-src=\"https:\/\/pofix.com\/wp-content\/uploads\/2023\/05\/functioning-300x45.png\" alt=\"\" width=\"300\" height=\"45\" srcset=\"data:image\/svg+xml,%3Csvg%20xmlns%3D%27http%3A%2F%2Fwww.w3.org%2F2000%2Fsvg%27%20width%3D%27300%27%20height%3D%2745%27%20viewBox%3D%270%200%20300%2045%27%3E%3Crect%20width%3D%27300%27%20height%3D%2745%27%20fill-opacity%3D%220%22%2F%3E%3C%2Fsvg%3E\" data-srcset=\"https:\/\/pofix.com\/wp-content\/uploads\/2023\/05\/functioning-200x30.png 200w, https:\/\/pofix.com\/wp-content\/uploads\/2023\/05\/functioning-300x45.png 300w, https:\/\/pofix.com\/wp-content\/uploads\/2023\/05\/functioning.png 374w\" data-sizes=\"auto\" data-orig-sizes=\"(max-width: 300px) 100vw, 300px\" \/><\/p>\n<\/p>\n<div class=\"table-1\">\n<table width=\"100%\">\n<thead>\n<tr>\n<th align=\"left\"><b>P\u00ebrgatitja dhe aplikimi<\/b><\/th>\n<th align=\"left\">Parametrat<\/th>\n<\/tr>\n<\/thead>\n<tbody>\n<tr>\n<td align=\"left\"><span style=\"font-weight: 400;\">Koha e aplikimit pas p\u00ebrzierjes me uj\u00eb<\/span><\/td>\n<td align=\"left\">\/<\/td>\n<\/tr>\n<tr>\n<td align=\"left\"><span style=\"font-weight: 400;\">Koha e tharjes s\u00eb materialit<\/span><\/td>\n<td align=\"left\"><span style=\"font-weight: 400;\">24 h.<\/span><\/td>\n<\/tr>\n<tr>\n<td align=\"left\"><span style=\"font-weight: 400;\">Trash\u00ebsia e aplikimit<\/span><\/td>\n<td align=\"left\"><span style=\"font-weight: 400;\">1 mm.<\/span><\/td>\n<\/tr>\n<tr>\n<td align=\"left\"><span style=\"font-weight: 400;\">Granulimi<\/span><\/td>\n<td align=\"left\"><span style=\"font-weight: 400;\">20<\/span><\/td>\n<\/tr>\n<tr>\n<td align=\"left\"><span style=\"font-weight: 400;\">Konsumi<\/span><\/td>\n<td align=\"left\"><span style=\"font-weight: 400;\">300 g\/m2.<\/span><\/td>\n<\/tr>\n<tr>\n<td align=\"left\"><span style=\"font-weight: 400;\">Temperatura e ajrit dhe e sip\u00ebrfaqes<\/span><\/td>\n<td align=\"left\"><span style=\"font-weight: 400;\">+5\/+25\u00b0C<\/span><\/td>\n<\/tr>\n<tr>\n<td align=\"left\"><span style=\"font-weight: 400;\">Ngjyr\u00eb<\/span><\/td>\n<td align=\"left\"><img decoding=\"async\" class=\"lazyload alignnone size-full wp-image-20295\" src=\"data:image\/svg+xml,%3Csvg%20xmlns%3D%27http%3A%2F%2Fwww.w3.org%2F2000%2Fsvg%27%20width%3D%2725%27%20height%3D%2725%27%20viewBox%3D%270%200%2025%2025%27%3E%3Crect%20width%3D%2725%27%20height%3D%2725%27%20fill-opacity%3D%220%22%2F%3E%3C%2Fsvg%3E\" data-orig-src=\"https:\/\/pofix.com\/wp-content\/uploads\/2023\/05\/white.png\" alt=\"\" width=\"25\" height=\"25\"><\/td>\n<\/tr>\n<tr>\n<td align=\"left\"><span style=\"font-weight: 400;\">Qese kg<\/span><\/td>\n<td align=\"left\"><span style=\"font-weight: 400;\">10\/20<\/span><\/td>\n<\/tr>\n<tr>\n<td align=\"left\"><span style=\"font-weight: 400;\">\u00c7anta\/palet\u00eb<\/span><\/td>\n<td align=\"left\">60\/36<\/td>\n<\/tr>\n<\/tbody>\n<\/table>\n<\/div>\n<p>\n","protected":false},"excerpt":{"rendered":"<p><strong>Pocolor Extra<\/strong><br \/>\nPocolor Extra \u00ebsht\u00eb ngjyra e jashtme dispersive p\u00ebr mbrojtjen dhe dekorimin e fronteve t\u00eb sht\u00ebpis\u00eb dhe sip\u00ebrfaqeve t\u00eb tjera t\u00eb jashtme t\u00eb murit, rezistente ndaj kushteve atmosferike, alkalive dhe krip\u00ebrave, dhe \u00ebsht\u00eb e perceptueshme. Para se t\u00eb aplikoni rekomandohet fort t\u00eb p\u00ebrzieni produktin dhe t\u00eb shtoni 10% uj\u00eb t\u00eb past\u00ebr. Aplikohet manualisht me nj\u00eb fur\u00e7\u00eb ose roller cilindrik. Baza duhet t\u00eb pastrohet, t\u00eb jet\u00eb e fort\u00eb dhe e that\u00eb.<\/p>\n","protected":false},"featured_media":0,"template":"","meta":[],"product_brand":[],"product_cat":[406,403,409],"product_tag":[551,567,592,591,345,546],"class_list":{"0":"post-23817","1":"product","2":"type-product","3":"status-publish","5":"product_cat-llace-dekorative-akrilike","6":"product_cat-llace-dhe-bojera-akrilike","7":"product_cat-produkte-akrilike","8":"product_tag-baza-akrilike","9":"product_tag-mortaja-dekorative-akrilike","10":"product_tag-ngjyra-e-jashtme","11":"product_tag-pocolor-extra-sq","12":"product_tag-pofix-sq-2","13":"product_tag-produkte-akrilike","15":"first","16":"instock","17":"featured","18":"shipping-taxable","19":"purchasable","20":"product-type-simple"},"aioseo_notices":[],"_links":{"self":[{"href":"https:\/\/pofix.com\/sq\/wp-json\/wp\/v2\/product\/23817","targetHints":{"allow":["GET"]}}],"collection":[{"href":"https:\/\/pofix.com\/sq\/wp-json\/wp\/v2\/product"}],"about":[{"href":"https:\/\/pofix.com\/sq\/wp-json\/wp\/v2\/types\/product"}],"wp:attachment":[{"href":"https:\/\/pofix.com\/sq\/wp-json\/wp\/v2\/media?parent=23817"}],"wp:term":[{"taxonomy":"product_brand","embeddable":true,"href":"https:\/\/pofix.com\/sq\/wp-json\/wp\/v2\/product_brand?post=23817"},{"taxonomy":"product_cat","embeddable":true,"href":"https:\/\/pofix.com\/sq\/wp-json\/wp\/v2\/product_cat?post=23817"},{"taxonomy":"product_tag","embeddable":true,"href":"https:\/\/pofix.com\/sq\/wp-json\/wp\/v2\/product_tag?post=23817"}],"curies":[{"name":"wp","href":"https:\/\/api.w.org\/{rel}","templated":true}]}}