{"id":23791,"date":"2023-05-06T18:02:27","date_gmt":"2023-05-06T18:02:27","guid":{"rendered":"https:\/\/pofix.com\/product\/potiefgrund\/"},"modified":"2024-03-12T13:47:28","modified_gmt":"2024-03-12T13:47:28","slug":"potiefgrund","status":"publish","type":"product","link":"https:\/\/pofix.com\/sq\/product\/potiefgrund\/","title":{"rendered":"POTIEFGRUND"},"content":{"rendered":"<p><strong>Potiefgrund<\/strong><br \/>\n\u00ebsht\u00eb rr\u00ebshir\u00eb akrilike p\u00ebr p\u00ebrdorim t\u00eb brendsh\u00ebm dhe t\u00eb jasht\u00ebm. P\u00ebrdoret p\u00ebr rregullimin e thithjes s\u00eb lag\u00ebshtis\u00eb n\u00eb sip\u00ebrfaqe (q\u00eb mund t\u00eb jet\u00eb prej tulle, betoni, suvaje t\u00eb vjet\u00ebr etj.) p\u00ebrpara aplikimit t\u00eb lla\u00e7it, kartonit, ngjyr\u00ebs me baz\u00eb cigane, etj. Potiefgrund \u00ebsht\u00eb gati p\u00ebr p\u00ebrdorim dhe nuk duhet t\u00eb p\u00ebrzihet me uj\u00eb. Para aplikimit, pluhuri dhe papast\u00ebrtit\u00eb e tjera n\u00eb sip\u00ebrfaqe duhet t\u00eb eliminohen.<\/p>\n<p>&nbsp;<\/p>\n<p><img decoding=\"async\" class=\"lazyload alignnone size-full wp-image-20453\" src=\"https:\/\/pofix.com\/wp-content\/uploads\/2023\/05\/funk.png\" data-orig-src=\"https:\/\/pofix.com\/wp-content\/uploads\/2023\/05\/funk.png\" alt=\"\" width=\"212\" height=\"53\" srcset=\"data:image\/svg+xml,%3Csvg%20xmlns%3D%27http%3A%2F%2Fwww.w3.org%2F2000%2Fsvg%27%20width%3D%27212%27%20height%3D%2753%27%20viewBox%3D%270%200%20212%2053%27%3E%3Crect%20width%3D%27212%27%20height%3D%2753%27%20fill-opacity%3D%220%22%2F%3E%3C%2Fsvg%3E\" data-srcset=\"https:\/\/pofix.com\/wp-content\/uploads\/2023\/05\/funk-200x50.png 200w, https:\/\/pofix.com\/wp-content\/uploads\/2023\/05\/funk.png 212w\" data-sizes=\"auto\" data-orig-sizes=\"(max-width: 212px) 100vw, 212px\" \/><\/p>\n<\/p>\n<div class=\"table-1\">\n<table width=\"100%\">\n<thead>\n<tr>\n<th align=\"left\"><b>P\u00ebrgatitja dhe aplikimi<\/b><\/th>\n<th align=\"left\">Parametrat<\/th>\n<\/tr>\n<\/thead>\n<tbody>\n<tr>\n<td align=\"left\"><span style=\"font-weight: 400;\">Koha e aplikimit pas p\u00ebrzierjes me uj\u00eb<\/span><\/td>\n<td align=\"left\">2 h.<\/td>\n<\/tr>\n<tr>\n<td align=\"left\"><span style=\"font-weight: 400;\">Koha e tharjes s\u00eb materialit<\/span><\/td>\n<td align=\"left\"><span style=\"font-weight: 400;\">12 h.<\/span><\/td>\n<\/tr>\n<tr>\n<td align=\"left\"><span style=\"font-weight: 400;\">Trash\u00ebsia e aplikimit<\/span><\/td>\n<td align=\"left\"><span style=\"font-weight: 400;\">1 &#8211; 2 mm.<\/span><\/td>\n<\/tr>\n<tr>\n<td align=\"left\"><span style=\"font-weight: 400;\">Granulimi<\/span><\/td>\n<td align=\"left\"><span style=\"font-weight: 400;\">0-1.2 mm.<\/span><\/td>\n<\/tr>\n<tr>\n<td align=\"left\"><span style=\"font-weight: 400;\">Konsumi<\/span><\/td>\n<td align=\"left\"><span style=\"font-weight: 400;\">350 g\/m2.<\/span><\/td>\n<\/tr>\n<tr>\n<td align=\"left\"><span style=\"font-weight: 400;\">Temperatura e ajrit dhe e sip\u00ebrfaqes<\/span><\/td>\n<td align=\"left\"><span style=\"font-weight: 400;\">+5\/+25\u00b0C<\/span><\/td>\n<\/tr>\n<tr>\n<td align=\"left\"><span style=\"font-weight: 400;\">Ngjyr\u00eb<\/span><\/td>\n<td align=\"left\"><img decoding=\"async\" class=\"lazyload alignnone size-full wp-image-20446\" src=\"data:image\/svg+xml,%3Csvg%20xmlns%3D%27http%3A%2F%2Fwww.w3.org%2F2000%2Fsvg%27%20width%3D%2725%27%20height%3D%2725%27%20viewBox%3D%270%200%2025%2025%27%3E%3Crect%20width%3D%2725%27%20height%3D%2725%27%20fill-opacity%3D%220%22%2F%3E%3C%2Fsvg%3E\" data-orig-src=\"https:\/\/pofix.com\/wp-content\/uploads\/2023\/05\/RedColor.png\" alt=\"\" width=\"25\" height=\"25\"><\/td>\n<\/tr>\n<tr>\n<td align=\"left\"><span style=\"font-weight: 400;\">Qese kg<\/span><\/td>\n<td align=\"left\"><span style=\"font-weight: 400;\">10\/20<\/span><\/td>\n<\/tr>\n<tr>\n<td align=\"left\"><span style=\"font-weight: 400;\">\u00c7anta\/palet\u00eb<\/span><\/td>\n<td align=\"left\">60\/36<\/td>\n<\/tr>\n<\/tbody>\n<\/table>\n<\/div>\n<p>\n","protected":false},"excerpt":{"rendered":"<p><strong>Potiefgrund<\/strong><br \/>\n\u00ebsht\u00eb rr\u00ebshir\u00eb akrilike p\u00ebr p\u00ebrdorim t\u00eb brendsh\u00ebm dhe t\u00eb jasht\u00ebm. P\u00ebrdoret p\u00ebr rregullimin e thithjes s\u00eb lag\u00ebshtis\u00eb n\u00eb sip\u00ebrfaqe (q\u00eb mund t\u00eb jet\u00eb prej tulle, betoni, suvaje t\u00eb vjet\u00ebr etj.) p\u00ebrpara aplikimit t\u00eb lla\u00e7it, kartonit, ngjyr\u00ebs me baz\u00eb cigane, etj. Potiefgrund \u00ebsht\u00eb gati p\u00ebr p\u00ebrdorim dhe nuk duhet t\u00eb p\u00ebrzihet me uj\u00eb. Para aplikimit, pluhuri dhe papast\u00ebrtit\u00eb e tjera n\u00eb sip\u00ebrfaqe duhet t\u00eb eliminohen.<\/p>\n","protected":false},"featured_media":0,"template":"","meta":[],"product_brand":[],"product_cat":[403,409],"product_tag":[551,547,569,345,576,546],"class_list":{"0":"post-23791","1":"product","2":"type-product","3":"status-publish","5":"product_cat-llace-dhe-bojera-akrilike","6":"product_cat-produkte-akrilike","7":"product_tag-baza-akrilike","8":"product_tag-mortaja-akrilike-dhe-bojera","9":"product_tag-pobetonkontakt","10":"product_tag-pofix-sq-2","11":"product_tag-potiefgrund-sq","12":"product_tag-produkte-akrilike","14":"first","15":"instock","16":"shipping-taxable","17":"purchasable","18":"product-type-simple"},"aioseo_notices":[],"_links":{"self":[{"href":"https:\/\/pofix.com\/sq\/wp-json\/wp\/v2\/product\/23791","targetHints":{"allow":["GET"]}}],"collection":[{"href":"https:\/\/pofix.com\/sq\/wp-json\/wp\/v2\/product"}],"about":[{"href":"https:\/\/pofix.com\/sq\/wp-json\/wp\/v2\/types\/product"}],"wp:attachment":[{"href":"https:\/\/pofix.com\/sq\/wp-json\/wp\/v2\/media?parent=23791"}],"wp:term":[{"taxonomy":"product_brand","embeddable":true,"href":"https:\/\/pofix.com\/sq\/wp-json\/wp\/v2\/product_brand?post=23791"},{"taxonomy":"product_cat","embeddable":true,"href":"https:\/\/pofix.com\/sq\/wp-json\/wp\/v2\/product_cat?post=23791"},{"taxonomy":"product_tag","embeddable":true,"href":"https:\/\/pofix.com\/sq\/wp-json\/wp\/v2\/product_tag?post=23791"}],"curies":[{"name":"wp","href":"https:\/\/api.w.org\/{rel}","templated":true}]}}