{"id":23769,"date":"2023-05-06T17:51:56","date_gmt":"2023-05-06T17:51:56","guid":{"rendered":"https:\/\/pofix.com\/product\/pobetonkontakt\/"},"modified":"2024-03-12T13:47:26","modified_gmt":"2024-03-12T13:47:26","slug":"pobetonkontakt","status":"publish","type":"product","link":"https:\/\/pofix.com\/sq\/product\/pobetonkontakt\/","title":{"rendered":"POBETONKONTAKT"},"content":{"rendered":"<p><strong>Pobetonkontakt<\/strong><br \/>\n\u00cbsht\u00eb vendosur n\u00eb sip\u00ebrfaqe t\u00eb brendshme dhe t\u00eb jashtme t\u00eb l\u00ebmuara betoni. Pobetoncontact \u00ebsht\u00eb gati p\u00ebr p\u00ebrdorim. Para aplikimit rekomandohet fuqimisht t\u00eb p\u00ebrzihet mir\u00eb produkti dhe t\u00eb shtoni 10% uj\u00eb t\u00eb past\u00ebr. \u00cbsht\u00eb shtruar manualisht duke p\u00ebrdorur rollerin cilindrik.<br \/>\nKoha e tharjes \u00ebsht\u00eb 24 or\u00eb.<\/p>\n<p>&nbsp;<\/p>\n<p><img decoding=\"async\" class=\"lazyload alignnone size-full wp-image-20442\" src=\"https:\/\/pofix.com\/wp-content\/uploads\/2023\/05\/SPEC.png\" data-orig-src=\"https:\/\/pofix.com\/wp-content\/uploads\/2023\/05\/SPEC.png\" alt=\"\" width=\"287\" height=\"56\" srcset=\"data:image\/svg+xml,%3Csvg%20xmlns%3D%27http%3A%2F%2Fwww.w3.org%2F2000%2Fsvg%27%20width%3D%27287%27%20height%3D%2756%27%20viewBox%3D%270%200%20287%2056%27%3E%3Crect%20width%3D%27287%27%20height%3D%2756%27%20fill-opacity%3D%220%22%2F%3E%3C%2Fsvg%3E\" data-srcset=\"https:\/\/pofix.com\/wp-content\/uploads\/2023\/05\/SPEC-200x39.png 200w, https:\/\/pofix.com\/wp-content\/uploads\/2023\/05\/SPEC.png 287w\" data-sizes=\"auto\" data-orig-sizes=\"(max-width: 287px) 100vw, 287px\" \/><\/p>\n<\/p>\n<div class=\"table-1\">\n<table width=\"100%\">\n<thead>\n<tr>\n<th align=\"left\"><b>P\u00ebrgatitja dhe aplikimi<\/b><\/th>\n<th align=\"left\">Parametrat<\/th>\n<\/tr>\n<\/thead>\n<tbody>\n<tr>\n<td align=\"left\"><span style=\"font-weight: 400;\">Koha e aplikimit pas p\u00ebrzierjes me uj\u00eb<\/span><\/td>\n<td align=\"left\">2 h.<\/td>\n<\/tr>\n<tr>\n<td align=\"left\"><span style=\"font-weight: 400;\">Koha e tharjes s\u00eb materialit<\/span><\/td>\n<td align=\"left\"><span style=\"font-weight: 400;\">12 h.<\/span><\/td>\n<\/tr>\n<tr>\n<td align=\"left\"><span style=\"font-weight: 400;\">Trash\u00ebsia e aplikimit<\/span><\/td>\n<td align=\"left\"><span style=\"font-weight: 400;\">1 &#8211; 2 mm.<\/span><\/td>\n<\/tr>\n<tr>\n<td align=\"left\"><span style=\"font-weight: 400;\">Granulimi<\/span><\/td>\n<td align=\"left\"><span style=\"font-weight: 400;\">0-1.2 mm.<\/span><\/td>\n<\/tr>\n<tr>\n<td align=\"left\"><span style=\"font-weight: 400;\">Konsumi<\/span><\/td>\n<td align=\"left\"><span style=\"font-weight: 400;\">350 g\/m2.<\/span><\/td>\n<\/tr>\n<tr>\n<td align=\"left\"><span style=\"font-weight: 400;\">Temperatura e ajrit dhe e sip\u00ebrfaqes<\/span><\/td>\n<td align=\"left\"><span style=\"font-weight: 400;\">+5\/+25\u00b0C<\/span><\/td>\n<\/tr>\n<tr>\n<td align=\"left\"><span style=\"font-weight: 400;\">Ngjyr\u00eb<\/span><\/td>\n<td align=\"left\"><img decoding=\"async\" class=\"lazyload alignnone size-full wp-image-20446\" src=\"data:image\/svg+xml,%3Csvg%20xmlns%3D%27http%3A%2F%2Fwww.w3.org%2F2000%2Fsvg%27%20width%3D%2725%27%20height%3D%2725%27%20viewBox%3D%270%200%2025%2025%27%3E%3Crect%20width%3D%2725%27%20height%3D%2725%27%20fill-opacity%3D%220%22%2F%3E%3C%2Fsvg%3E\" data-orig-src=\"https:\/\/pofix.com\/wp-content\/uploads\/2023\/05\/RedColor.png\" alt=\"\" width=\"25\" height=\"25\"><\/td>\n<\/tr>\n<tr>\n<td align=\"left\"><span style=\"font-weight: 400;\">Qese kg<\/span><\/td>\n<td align=\"left\"><span style=\"font-weight: 400;\">10\/20<\/span><\/td>\n<\/tr>\n<tr>\n<td align=\"left\"><span style=\"font-weight: 400;\">\u00c7anta\/palet\u00eb<\/span><\/td>\n<td align=\"left\">60\/36<\/td>\n<\/tr>\n<\/tbody>\n<\/table>\n<\/div>\n<p>\n","protected":false},"excerpt":{"rendered":"<p><strong>Pobetonkontakt<\/strong><br \/>\n\u00cbsht\u00eb vendosur n\u00eb sip\u00ebrfaqe t\u00eb brendshme dhe t\u00eb jashtme t\u00eb l\u00ebmuara betoni. Pobetoncontact \u00ebsht\u00eb gati p\u00ebr p\u00ebrdorim. Para aplikimit rekomandohet fuqimisht t\u00eb p\u00ebrzihet mir\u00eb produkti dhe t\u00eb shtoni 10% uj\u00eb t\u00eb past\u00ebr. \u00cbsht\u00eb shtruar manualisht duke p\u00ebrdorur rollerin cilindrik.<br \/>\nKoha e tharjes \u00ebsht\u00eb 24 or\u00eb.<\/p>\n","protected":false},"featured_media":0,"template":"","meta":[],"product_brand":[],"product_cat":[403,409],"product_tag":[551,547,569,345,546],"class_list":{"0":"post-23769","1":"product","2":"type-product","3":"status-publish","5":"product_cat-llace-dhe-bojera-akrilike","6":"product_cat-produkte-akrilike","7":"product_tag-baza-akrilike","8":"product_tag-mortaja-akrilike-dhe-bojera","9":"product_tag-pobetonkontakt","10":"product_tag-pofix-sq-2","11":"product_tag-produkte-akrilike","13":"first","14":"instock","15":"featured","16":"shipping-taxable","17":"purchasable","18":"product-type-simple"},"aioseo_notices":[],"_links":{"self":[{"href":"https:\/\/pofix.com\/sq\/wp-json\/wp\/v2\/product\/23769","targetHints":{"allow":["GET"]}}],"collection":[{"href":"https:\/\/pofix.com\/sq\/wp-json\/wp\/v2\/product"}],"about":[{"href":"https:\/\/pofix.com\/sq\/wp-json\/wp\/v2\/types\/product"}],"wp:attachment":[{"href":"https:\/\/pofix.com\/sq\/wp-json\/wp\/v2\/media?parent=23769"}],"wp:term":[{"taxonomy":"product_brand","embeddable":true,"href":"https:\/\/pofix.com\/sq\/wp-json\/wp\/v2\/product_brand?post=23769"},{"taxonomy":"product_cat","embeddable":true,"href":"https:\/\/pofix.com\/sq\/wp-json\/wp\/v2\/product_cat?post=23769"},{"taxonomy":"product_tag","embeddable":true,"href":"https:\/\/pofix.com\/sq\/wp-json\/wp\/v2\/product_tag?post=23769"}],"curies":[{"name":"wp","href":"https:\/\/api.w.org\/{rel}","templated":true}]}}