{"id":23768,"date":"2023-05-07T00:06:38","date_gmt":"2023-05-07T00:06:38","guid":{"rendered":"https:\/\/pofix.com\/product\/poabrib-plot\/"},"modified":"2024-03-12T13:47:28","modified_gmt":"2024-03-12T13:47:28","slug":"poabrib-plot","status":"publish","type":"product","link":"https:\/\/pofix.com\/sq\/product\/poabrib-plot\/","title":{"rendered":"POABRIB PLOT"},"content":{"rendered":"<p><strong>Poabribi i plot\u00eb<\/strong><\/p>\n<p><span style=\"font-weight: 400;\">Poabrib FULL \u00ebsht\u00eb me cil\u00ebsi t\u00eb lart\u00eb, i gatsh\u00ebm p\u00ebr p\u00ebrdorim, lla\u00e7 i l\u00ebngsh\u00ebm dekorativ dhe i leht\u00eb p\u00ebr t&#8217;u aplikuar, i cili p\u00ebrdoret p\u00ebr sip\u00ebrfaqet e brendshme dhe t\u00eb jashtme. Baza duhet t\u00eb jet\u00eb intensive, e l\u00ebmuar, e past\u00ebr nga pluhuri dhe jo e ngrir\u00eb. \u00cbsht\u00eb shtruar me nj\u00eb mjet \u00e7eliku, me trash\u00ebsi t\u00eb nj\u00ebjt\u00eb me granulimin m\u00eb t\u00eb madh. P\u00ebrpunohet me mjetin plastik nd\u00ebrsa materiali i shtruar \u00ebsht\u00eb i lag\u00ebsht. Produkti p\u00ebrfundimtar, i cili tashm\u00eb \u00ebsht\u00eb aplikuar, \u00ebsht\u00eb i fort\u00eb, i pap\u00ebrshkuesh\u00ebm nga uji dhe rezistent ndaj ujit dhe nuk ndikohet n\u00eb form\u00ebn e kushteve atmosferike.<\/span><\/p>\n<p>&nbsp;<\/p>\n<p><img decoding=\"async\" class=\"lazyload alignnone size-medium wp-image-20462\" src=\"https:\/\/pofix.com\/wp-content\/uploads\/2023\/05\/funk-1-300x37.png\" data-orig-src=\"https:\/\/pofix.com\/wp-content\/uploads\/2023\/05\/funk-1-300x37.png\" alt=\"\" width=\"300\" height=\"37\" srcset=\"data:image\/svg+xml,%3Csvg%20xmlns%3D%27http%3A%2F%2Fwww.w3.org%2F2000%2Fsvg%27%20width%3D%27300%27%20height%3D%2737%27%20viewBox%3D%270%200%20300%2037%27%3E%3Crect%20width%3D%27300%27%20height%3D%2737%27%20fill-opacity%3D%220%22%2F%3E%3C%2Fsvg%3E\" data-srcset=\"https:\/\/pofix.com\/wp-content\/uploads\/2023\/05\/funk-1-200x25.png 200w, https:\/\/pofix.com\/wp-content\/uploads\/2023\/05\/funk-1-300x37.png 300w, https:\/\/pofix.com\/wp-content\/uploads\/2023\/05\/funk-1-400x49.png 400w, https:\/\/pofix.com\/wp-content\/uploads\/2023\/05\/funk-1.png 455w\" data-sizes=\"auto\" data-orig-sizes=\"(max-width: 300px) 100vw, 300px\" \/><\/p>\n<\/p>\n<div class=\"table-1\">\n<table width=\"100%\">\n<thead>\n<tr>\n<th align=\"left\"><b>P\u00ebrgatitja dhe aplikimi<\/b><\/th>\n<th align=\"left\">Parametrat<\/th>\n<\/tr>\n<\/thead>\n<tbody>\n<tr>\n<td align=\"left\"><span style=\"font-weight: 400;\">Koha e aplikimit pas p\u00ebrzierjes me uj\u00eb<\/span><\/td>\n<td align=\"left\">2 h.<\/td>\n<\/tr>\n<tr>\n<td align=\"left\"><span style=\"font-weight: 400;\">Koha e tharjes s\u00eb materialit<\/span><\/td>\n<td align=\"left\"><span style=\"font-weight: 400;\">24 h.<\/span><\/td>\n<\/tr>\n<tr>\n<td align=\"left\"><span style=\"font-weight: 400;\">Trash\u00ebsia e aplikimit<\/span><\/td>\n<td align=\"left\"><span style=\"font-weight: 400;\">1.5 mm.<\/span><\/p>\n<p><span style=\"font-weight: 400;\">2 mm.<\/span><\/td>\n<\/tr>\n<tr>\n<td align=\"left\"><span style=\"font-weight: 400;\">Granulimi<\/span><\/td>\n<td align=\"left\"><span style=\"font-weight: 400;\">3 mm.<\/span><\/td>\n<\/tr>\n<tr>\n<td align=\"left\"><span style=\"font-weight: 400;\">Konsumi<\/span><\/td>\n<td align=\"left\"><span style=\"font-weight: 400;\">2-4 kg\/m2.<\/span><\/td>\n<\/tr>\n<tr>\n<td align=\"left\"><span style=\"font-weight: 400;\">Temperatura e ajrit dhe e sip\u00ebrfaqes<\/span><\/td>\n<td align=\"left\"><span style=\"font-weight: 400;\">+5\/+25\u00b0C<\/span><\/td>\n<\/tr>\n<tr>\n<td align=\"left\"><span style=\"font-weight: 400;\">Ngjyr\u00eb<\/span><\/td>\n<td align=\"left\"><img decoding=\"async\" class=\"lazyload alignnone size-full wp-image-20295\" src=\"data:image\/svg+xml,%3Csvg%20xmlns%3D%27http%3A%2F%2Fwww.w3.org%2F2000%2Fsvg%27%20width%3D%2725%27%20height%3D%2725%27%20viewBox%3D%270%200%2025%2025%27%3E%3Crect%20width%3D%2725%27%20height%3D%2725%27%20fill-opacity%3D%220%22%2F%3E%3C%2Fsvg%3E\" data-orig-src=\"https:\/\/pofix.com\/wp-content\/uploads\/2023\/05\/white.png\" alt=\"\" width=\"25\" height=\"25\"><\/td>\n<\/tr>\n<tr>\n<td align=\"left\"><span style=\"font-weight: 400;\">Qese kg<\/span><\/td>\n<td align=\"left\"><span style=\"font-weight: 400;\">25<\/span><\/td>\n<\/tr>\n<tr>\n<td align=\"left\"><span style=\"font-weight: 400;\">\u00c7anta\/palet\u00eb<\/span><\/td>\n<td align=\"left\">36<\/td>\n<\/tr>\n<\/tbody>\n<\/table>\n<\/div>\n<p>\n","protected":false},"excerpt":{"rendered":"<p><strong>Poabribi i plot\u00eb<\/strong><\/p>\n<p><span style=\"font-weight: 400;\">Poabrib FULL \u00ebsht\u00eb me cil\u00ebsi t\u00eb lart\u00eb, i gatsh\u00ebm p\u00ebr p\u00ebrdorim, lla\u00e7 i l\u00ebngsh\u00ebm dekorativ dhe i leht\u00eb p\u00ebr t&#8217;u aplikuar, i cili p\u00ebrdoret p\u00ebr sip\u00ebrfaqet e brendshme dhe t\u00eb jashtme. Baza duhet t\u00eb jet\u00eb intensive, e l\u00ebmuar, e past\u00ebr nga pluhuri dhe jo e ngrir\u00eb. \u00cbsht\u00eb shtruar me nj\u00eb mjet \u00e7eliku, me trash\u00ebsi t\u00eb nj\u00ebjt\u00eb me granulimin m\u00eb t\u00eb madh. P\u00ebrpunohet me mjetin plastik nd\u00ebrsa materiali i shtruar \u00ebsht\u00eb i lag\u00ebsht. Produkti p\u00ebrfundimtar, i cili tashm\u00eb \u00ebsht\u00eb aplikuar, \u00ebsht\u00eb i fort\u00eb, i pap\u00ebrshkuesh\u00ebm nga uji dhe rezistent ndaj ujit dhe nuk ndikohet n\u00eb form\u00ebn e kushteve atmosferike.<\/span><\/p>\n","protected":false},"featured_media":0,"template":"","meta":[],"product_brand":[],"product_cat":[406,409],"product_tag":[551,567,345,546],"class_list":{"0":"post-23768","1":"product","2":"type-product","3":"status-publish","5":"product_cat-llace-dekorative-akrilike","6":"product_cat-produkte-akrilike","7":"product_tag-baza-akrilike","8":"product_tag-mortaja-dekorative-akrilike","9":"product_tag-pofix-sq-2","10":"product_tag-produkte-akrilike","12":"first","13":"instock","14":"shipping-taxable","15":"purchasable","16":"product-type-simple"},"aioseo_notices":[],"_links":{"self":[{"href":"https:\/\/pofix.com\/sq\/wp-json\/wp\/v2\/product\/23768","targetHints":{"allow":["GET"]}}],"collection":[{"href":"https:\/\/pofix.com\/sq\/wp-json\/wp\/v2\/product"}],"about":[{"href":"https:\/\/pofix.com\/sq\/wp-json\/wp\/v2\/types\/product"}],"wp:attachment":[{"href":"https:\/\/pofix.com\/sq\/wp-json\/wp\/v2\/media?parent=23768"}],"wp:term":[{"taxonomy":"product_brand","embeddable":true,"href":"https:\/\/pofix.com\/sq\/wp-json\/wp\/v2\/product_brand?post=23768"},{"taxonomy":"product_cat","embeddable":true,"href":"https:\/\/pofix.com\/sq\/wp-json\/wp\/v2\/product_cat?post=23768"},{"taxonomy":"product_tag","embeddable":true,"href":"https:\/\/pofix.com\/sq\/wp-json\/wp\/v2\/product_tag?post=23768"}],"curies":[{"name":"wp","href":"https:\/\/api.w.org\/{rel}","templated":true}]}}