{"id":23749,"date":"2023-05-06T18:14:06","date_gmt":"2023-05-06T18:14:06","guid":{"rendered":"https:\/\/pofix.com\/product\/pocolor-primer\/"},"modified":"2024-03-12T13:47:21","modified_gmt":"2024-03-12T13:47:21","slug":"pocolor-primer","status":"publish","type":"product","link":"https:\/\/pofix.com\/sq\/product\/pocolor-primer\/","title":{"rendered":"POCOLOR PRIMER"},"content":{"rendered":"<p><strong>POCOLOR PRIMER<\/strong><br \/>\n\u00ebsht\u00eb rr\u00ebshir\u00eb akrilike p\u00ebr p\u00ebrdorim t\u00eb brendsh\u00ebm dhe t\u00eb jasht\u00ebm. Mund t\u00eb p\u00ebrdoret p\u00ebr mbulimin e sip\u00ebrfaqeve para se t\u00eb aplikohet boja. Me Pocolor Primer aft\u00ebsia e sip\u00ebrfaqes p\u00ebr t\u00eb absorbuar reduktohet, forcon sip\u00ebrfaqen e b\u00ebn at\u00eb t\u00eb l\u00ebmuar dhe boja p\u00ebrfundimtare rezulton m\u00eb e mir\u00eb. P\u00ebr rezultate t\u00eb shk\u00eblqyera, reciprociteti i shp\u00ebrb\u00ebrjes me uj\u00eb \u00ebsht\u00eb 1:2, por tolerohet n\u00eb 1:5.<\/p>\n<p>&nbsp;<\/p>\n<p><img decoding=\"async\" class=\"lazyload alignnone size-full wp-image-20453\" src=\"https:\/\/pofix.com\/wp-content\/uploads\/2023\/05\/funk.png\" data-orig-src=\"https:\/\/pofix.com\/wp-content\/uploads\/2023\/05\/funk.png\" alt=\"\" width=\"212\" height=\"53\" srcset=\"data:image\/svg+xml,%3Csvg%20xmlns%3D%27http%3A%2F%2Fwww.w3.org%2F2000%2Fsvg%27%20width%3D%27212%27%20height%3D%2753%27%20viewBox%3D%270%200%20212%2053%27%3E%3Crect%20width%3D%27212%27%20height%3D%2753%27%20fill-opacity%3D%220%22%2F%3E%3C%2Fsvg%3E\" data-srcset=\"https:\/\/pofix.com\/wp-content\/uploads\/2023\/05\/funk-200x50.png 200w, https:\/\/pofix.com\/wp-content\/uploads\/2023\/05\/funk.png 212w\" data-sizes=\"auto\" data-orig-sizes=\"(max-width: 212px) 100vw, 212px\" \/><\/p>\n<\/p>\n<div class=\"table-1\">\n<table width=\"100%\">\n<thead>\n<tr>\n<th align=\"left\"><b>P\u00ebrgatitja dhe aplikimi<\/b><\/th>\n<th align=\"left\">Parametrat<\/th>\n<\/tr>\n<\/thead>\n<tbody>\n<tr>\n<td align=\"left\"><span style=\"font-weight: 400;\">Koha e aplikimit pas p\u00ebrzierjes me uj\u00eb<\/span><\/td>\n<td align=\"left\">2 h.<\/td>\n<\/tr>\n<tr>\n<td align=\"left\"><span style=\"font-weight: 400;\">Koha e tharjes s\u00eb materialit<\/span><\/td>\n<td align=\"left\"><span style=\"font-weight: 400;\">12 h.<\/span><\/td>\n<\/tr>\n<tr>\n<td align=\"left\"><span style=\"font-weight: 400;\">Trash\u00ebsia e aplikimit<\/span><\/td>\n<td align=\"left\"><span style=\"font-weight: 400;\">1 &#8211; 2 mm.<\/span><\/td>\n<\/tr>\n<tr>\n<td align=\"left\"><span style=\"font-weight: 400;\">Granulimi<\/span><\/td>\n<td align=\"left\"><span style=\"font-weight: 400;\">0-1.2 mm.<\/span><\/td>\n<\/tr>\n<tr>\n<td align=\"left\"><span style=\"font-weight: 400;\">Konsumi<\/span><\/td>\n<td align=\"left\"><span style=\"font-weight: 400;\">350 g\/m2.<\/span><\/td>\n<\/tr>\n<tr>\n<td align=\"left\"><span style=\"font-weight: 400;\">Temperatura e ajrit dhe e sip\u00ebrfaqes<\/span><\/td>\n<td align=\"left\"><span style=\"font-weight: 400;\">+5\/+25\u00b0C<\/span><\/td>\n<\/tr>\n<tr>\n<td align=\"left\"><span style=\"font-weight: 400;\">Ngjyr\u00eb<\/span><\/td>\n<td align=\"left\"><img decoding=\"async\" class=\"lazyload alignnone size-full wp-image-20295\" src=\"data:image\/svg+xml,%3Csvg%20xmlns%3D%27http%3A%2F%2Fwww.w3.org%2F2000%2Fsvg%27%20width%3D%2725%27%20height%3D%2725%27%20viewBox%3D%270%200%2025%2025%27%3E%3Crect%20width%3D%2725%27%20height%3D%2725%27%20fill-opacity%3D%220%22%2F%3E%3C%2Fsvg%3E\" data-orig-src=\"https:\/\/pofix.com\/wp-content\/uploads\/2023\/05\/white.png\" alt=\"\" width=\"25\" height=\"25\"><\/td>\n<\/tr>\n<tr>\n<td align=\"left\"><span style=\"font-weight: 400;\">Qese kg<\/span><\/td>\n<td align=\"left\"><span style=\"font-weight: 400;\">10\/20<\/span><\/td>\n<\/tr>\n<tr>\n<td align=\"left\"><span style=\"font-weight: 400;\">\u00c7anta\/palet\u00eb<\/span><\/td>\n<td align=\"left\">60\/36<\/td>\n<\/tr>\n<\/tbody>\n<\/table>\n<\/div>\n<p>\n","protected":false},"excerpt":{"rendered":"<p><strong>Pocolor Primer<\/strong><br \/>\n\u00ebsht\u00eb rr\u00ebshir\u00eb akrilike p\u00ebr p\u00ebrdorim t\u00eb brendsh\u00ebm dhe t\u00eb jasht\u00ebm. Mund t\u00eb p\u00ebrdoret p\u00ebr mbulimin e sip\u00ebrfaqeve para se t\u00eb aplikohet boja. Me Pocolor Primer aft\u00ebsia e sip\u00ebrfaqes p\u00ebr t\u00eb absorbuar reduktohet, forcon sip\u00ebrfaqen e b\u00ebn at\u00eb t\u00eb l\u00ebmuar dhe boja p\u00ebrfundimtare rezulton m\u00eb e mir\u00eb. P\u00ebr rezultate t\u00eb shk\u00eblqyera, reciprociteti i shp\u00ebrb\u00ebrjes me uj\u00eb \u00ebsht\u00eb 1:2, por tolerohet n\u00eb 1:5.<\/p>\n","protected":false},"featured_media":0,"template":"","meta":[],"product_brand":[],"product_cat":[403,409],"product_tag":[551,547,554,345,546],"class_list":{"0":"post-23749","1":"product","2":"type-product","3":"status-publish","5":"product_cat-llace-dhe-bojera-akrilike","6":"product_cat-produkte-akrilike","7":"product_tag-baza-akrilike","8":"product_tag-mortaja-akrilike-dhe-bojera","9":"product_tag-pocolor-primer-sq","10":"product_tag-pofix-sq-2","11":"product_tag-produkte-akrilike","13":"first","14":"instock","15":"shipping-taxable","16":"purchasable","17":"product-type-simple"},"aioseo_notices":[],"_links":{"self":[{"href":"https:\/\/pofix.com\/sq\/wp-json\/wp\/v2\/product\/23749","targetHints":{"allow":["GET"]}}],"collection":[{"href":"https:\/\/pofix.com\/sq\/wp-json\/wp\/v2\/product"}],"about":[{"href":"https:\/\/pofix.com\/sq\/wp-json\/wp\/v2\/types\/product"}],"wp:attachment":[{"href":"https:\/\/pofix.com\/sq\/wp-json\/wp\/v2\/media?parent=23749"}],"wp:term":[{"taxonomy":"product_brand","embeddable":true,"href":"https:\/\/pofix.com\/sq\/wp-json\/wp\/v2\/product_brand?post=23749"},{"taxonomy":"product_cat","embeddable":true,"href":"https:\/\/pofix.com\/sq\/wp-json\/wp\/v2\/product_cat?post=23749"},{"taxonomy":"product_tag","embeddable":true,"href":"https:\/\/pofix.com\/sq\/wp-json\/wp\/v2\/product_tag?post=23749"}],"curies":[{"name":"wp","href":"https:\/\/api.w.org\/{rel}","templated":true}]}}