{"id":23746,"date":"2023-05-06T17:16:28","date_gmt":"2023-05-06T17:16:28","guid":{"rendered":"https:\/\/pofix.com\/product\/poputzgrund\/"},"modified":"2024-03-12T13:47:21","modified_gmt":"2024-03-12T13:47:21","slug":"poputzgrund","status":"publish","type":"product","link":"https:\/\/pofix.com\/sq\/product\/poputzgrund\/","title":{"rendered":"POPUTZGRUND"},"content":{"rendered":"<p><strong>Poputzgrund<\/strong><br \/>\n\u00cbsht\u00eb nj\u00eb rr\u00ebshir\u00eb baz\u00eb p\u00ebr p\u00ebrdorim t\u00eb brendsh\u00ebm dhe t\u00eb jasht\u00ebm. Para aplikimit t\u00eb produktit duhet t\u00eb p\u00ebrzihet me 30% uj\u00eb t\u00eb past\u00ebr. Ajo \u00ebsht\u00eb shtruar manualisht me nj\u00eb fur\u00e7\u00eb ose roller cilindrik. N\u00eb sip\u00ebrfaqet e thata dhe poroze Poputzgrund duhet t\u00eb aplikohet dy her\u00eb midis 2-3 or\u00ebve. Koha e tharjes \u00ebsht\u00eb 24 or\u00eb. Q\u00ebndroni n\u00eb vende t\u00eb mbrojtura nga ngrirja.<\/p>\n<p>&nbsp;<\/p>\n<p><img decoding=\"async\" class=\"lazyload alignnone size-full wp-image-20442\" src=\"https:\/\/pofix.com\/wp-content\/uploads\/2023\/05\/SPEC.png\" data-orig-src=\"https:\/\/pofix.com\/wp-content\/uploads\/2023\/05\/SPEC.png\" alt=\"\" width=\"287\" height=\"56\" srcset=\"data:image\/svg+xml,%3Csvg%20xmlns%3D%27http%3A%2F%2Fwww.w3.org%2F2000%2Fsvg%27%20width%3D%27287%27%20height%3D%2756%27%20viewBox%3D%270%200%20287%2056%27%3E%3Crect%20width%3D%27287%27%20height%3D%2756%27%20fill-opacity%3D%220%22%2F%3E%3C%2Fsvg%3E\" data-srcset=\"https:\/\/pofix.com\/wp-content\/uploads\/2023\/05\/SPEC-200x39.png 200w, https:\/\/pofix.com\/wp-content\/uploads\/2023\/05\/SPEC.png 287w\" data-sizes=\"auto\" data-orig-sizes=\"(max-width: 287px) 100vw, 287px\" \/><\/p>\n<\/p>\n<div class=\"table-1\">\n<table width=\"100%\">\n<thead>\n<tr>\n<th align=\"left\"><b>P\u00ebrgatitja dhe aplikimi<\/b><\/th>\n<th align=\"left\">Parametrat<\/th>\n<\/tr>\n<\/thead>\n<tbody>\n<tr>\n<td align=\"left\"><span style=\"font-weight: 400;\">Koha e aplikimit pas p\u00ebrzierjes me uj\u00eb<\/span><\/td>\n<td align=\"left\">2 h.<\/td>\n<\/tr>\n<tr>\n<td align=\"left\"><span style=\"font-weight: 400;\">Koha e tharjes s\u00eb materialit<\/span><\/td>\n<td align=\"left\"><span style=\"font-weight: 400;\">12 h.<\/span><\/td>\n<\/tr>\n<tr>\n<td align=\"left\"><span style=\"font-weight: 400;\">Trash\u00ebsia e aplikimit<\/span><\/td>\n<td align=\"left\"><span style=\"font-weight: 400;\">1 &#8211; 2 mm.<\/span><\/td>\n<\/tr>\n<tr>\n<td align=\"left\"><span style=\"font-weight: 400;\">Granulimi<\/span><\/td>\n<td align=\"left\"><span style=\"font-weight: 400;\">0-0,7 mm.<\/span><\/td>\n<\/tr>\n<tr>\n<td align=\"left\"><span style=\"font-weight: 400;\">Konsumi<\/span><\/td>\n<td align=\"left\"><span style=\"font-weight: 400;\">350 g\/m2.<\/span><\/td>\n<\/tr>\n<tr>\n<td align=\"left\"><span style=\"font-weight: 400;\">Temperatura e ajrit dhe e sip\u00ebrfaqes<\/span><\/td>\n<td align=\"left\"><span style=\"font-weight: 400;\">+5\/+25\u00b0C<\/span><\/td>\n<\/tr>\n<tr>\n<td align=\"left\"><span style=\"font-weight: 400;\">Ngjyr\u00eb<\/span><\/td>\n<td align=\"left\"><img decoding=\"async\" class=\"lazyload alignnone size-full wp-image-20295\" src=\"data:image\/svg+xml,%3Csvg%20xmlns%3D%27http%3A%2F%2Fwww.w3.org%2F2000%2Fsvg%27%20width%3D%2725%27%20height%3D%2725%27%20viewBox%3D%270%200%2025%2025%27%3E%3Crect%20width%3D%2725%27%20height%3D%2725%27%20fill-opacity%3D%220%22%2F%3E%3C%2Fsvg%3E\" data-orig-src=\"https:\/\/pofix.com\/wp-content\/uploads\/2023\/05\/white.png\" alt=\"\" width=\"25\" height=\"25\"><\/td>\n<\/tr>\n<tr>\n<td align=\"left\"><span style=\"font-weight: 400;\">Qese kg<\/span><\/td>\n<td align=\"left\"><span style=\"font-weight: 400;\">8\/19<\/span><\/td>\n<\/tr>\n<tr>\n<td align=\"left\"><span style=\"font-weight: 400;\">\u00c7anta\/palet\u00eb<\/span><\/td>\n<td align=\"left\">60\/36<\/td>\n<\/tr>\n<\/tbody>\n<\/table>\n<\/div>\n<p>\n","protected":false},"excerpt":{"rendered":"<p><strong>Poputzgrund<\/strong><br \/>\n\u00cbsht\u00eb nj\u00eb rr\u00ebshir\u00eb baz\u00eb p\u00ebr p\u00ebrdorim t\u00eb brendsh\u00ebm dhe t\u00eb jasht\u00ebm. Para aplikimit t\u00eb produktit duhet t\u00eb p\u00ebrzihet me 30% uj\u00eb t\u00eb past\u00ebr. Ajo \u00ebsht\u00eb shtruar manualisht me nj\u00eb fur\u00e7\u00eb ose roller cilindrik. N\u00eb sip\u00ebrfaqet e thata dhe poroze Poputzgrund duhet t\u00eb aplikohet dy her\u00eb midis 2-3 or\u00ebve. Koha e tharjes \u00ebsht\u00eb 24 or\u00eb. Q\u00ebndroni n\u00eb vende t\u00eb mbrojtura nga ngrirja.<\/p>\n","protected":false},"featured_media":0,"template":"","meta":[],"product_brand":[],"product_cat":[403,409],"product_tag":[551,547,345,546],"class_list":{"0":"post-23746","1":"product","2":"type-product","3":"status-publish","5":"product_cat-llace-dhe-bojera-akrilike","6":"product_cat-produkte-akrilike","7":"product_tag-baza-akrilike","8":"product_tag-mortaja-akrilike-dhe-bojera","9":"product_tag-pofix-sq-2","10":"product_tag-produkte-akrilike","12":"first","13":"instock","14":"shipping-taxable","15":"purchasable","16":"product-type-simple"},"aioseo_notices":[],"_links":{"self":[{"href":"https:\/\/pofix.com\/sq\/wp-json\/wp\/v2\/product\/23746","targetHints":{"allow":["GET"]}}],"collection":[{"href":"https:\/\/pofix.com\/sq\/wp-json\/wp\/v2\/product"}],"about":[{"href":"https:\/\/pofix.com\/sq\/wp-json\/wp\/v2\/types\/product"}],"wp:attachment":[{"href":"https:\/\/pofix.com\/sq\/wp-json\/wp\/v2\/media?parent=23746"}],"wp:term":[{"taxonomy":"product_brand","embeddable":true,"href":"https:\/\/pofix.com\/sq\/wp-json\/wp\/v2\/product_brand?post=23746"},{"taxonomy":"product_cat","embeddable":true,"href":"https:\/\/pofix.com\/sq\/wp-json\/wp\/v2\/product_cat?post=23746"},{"taxonomy":"product_tag","embeddable":true,"href":"https:\/\/pofix.com\/sq\/wp-json\/wp\/v2\/product_tag?post=23746"}],"curies":[{"name":"wp","href":"https:\/\/api.w.org\/{rel}","templated":true}]}}