{"id":23736,"date":"2023-05-01T19:19:44","date_gmt":"2023-05-01T19:19:44","guid":{"rendered":"https:\/\/pofix.com\/product\/pofugenfiler\/"},"modified":"2024-03-12T13:46:09","modified_gmt":"2024-03-12T13:46:09","slug":"pofugenfiler","status":"publish","type":"product","link":"https:\/\/pofix.com\/sq\/product\/pofugenfiler\/","title":{"rendered":"POFUGENFILER"},"content":{"rendered":"<p><b>Mesh\u00eb p\u00ebr mbush\u00ebs t\u00eb p\u00ebrbashk\u00ebt<\/b><\/p>\n<p><span style=\"font-weight: 400;\"><strong>Pofugenfiler<\/strong> \u00ebsht\u00eb nj\u00eb material pluhur i fabrikuar p\u00ebr pllakat e suvas\u00eb s\u00eb mbush\u00ebsve t\u00eb p\u00ebrbashk\u00ebt. <\/span><span style=\"font-weight: 400;\">Nj\u00eb fash\u00eb mbush\u00ebse e p\u00ebrbashk\u00ebt tjegullash p\u00ebrdoret n\u00eb kartonin e suvas\u00eb me skaje ovale. <\/span><span style=\"font-weight: 400;\">Pllakat prej kartoni suvaje duhet t\u00eb lidhen n\u00eb nj\u00eb t\u00eb fort\u00eb n\u00eb nd\u00ebrtim e sip\u00ebr dhe vendet e fudging duhet t\u00eb jen\u00eb t\u00eb pastra, t\u00eb thata dhe pa pluhur.<\/span><\/p>\n<p>&nbsp;<\/p>\n<p><img decoding=\"async\" class=\"lazyload alignnone size-medium wp-image-20395\" src=\"https:\/\/pofix.com\/wp-content\/uploads\/2023\/05\/IMFunkc-300x47.png\" data-orig-src=\"https:\/\/pofix.com\/wp-content\/uploads\/2023\/05\/IMFunkc-300x47.png\" alt=\"\" width=\"300\" height=\"47\" srcset=\"data:image\/svg+xml,%3Csvg%20xmlns%3D%27http%3A%2F%2Fwww.w3.org%2F2000%2Fsvg%27%20width%3D%27300%27%20height%3D%2747%27%20viewBox%3D%270%200%20300%2047%27%3E%3Crect%20width%3D%27300%27%20height%3D%2747%27%20fill-opacity%3D%220%22%2F%3E%3C%2Fsvg%3E\" data-srcset=\"https:\/\/pofix.com\/wp-content\/uploads\/2023\/05\/IMFunkc-200x32.png 200w, https:\/\/pofix.com\/wp-content\/uploads\/2023\/05\/IMFunkc-300x47.png 300w, https:\/\/pofix.com\/wp-content\/uploads\/2023\/05\/IMFunkc.png 355w\" data-sizes=\"auto\" data-orig-sizes=\"(max-width: 300px) 100vw, 300px\" \/><\/p>\n<\/p>\n<div class=\"table-1\">\n<table width=\"100%\">\n<thead>\n<tr>\n<th align=\"left\"><b>P\u00ebrgatitja dhe aplikimi<\/b><\/th>\n<th align=\"left\">Parametrat<\/th>\n<\/tr>\n<\/thead>\n<tbody>\n<tr>\n<td align=\"left\"><span style=\"font-weight: 400;\">Koha e aplikimit pas p\u00ebrzierjes me uj\u00eb<\/span><\/td>\n<td align=\"left\">60 min.<\/td>\n<\/tr>\n<tr>\n<td align=\"left\"><span style=\"font-weight: 400;\">Koha e tharjes s\u00eb materialit<\/span><\/td>\n<td align=\"left\"><span style=\"font-weight: 400;\">24 h.<\/span><\/td>\n<\/tr>\n<tr>\n<td align=\"left\"><span style=\"font-weight: 400;\">Trash\u00ebsia e aplikimit<\/span><\/td>\n<td align=\"left\"><span style=\"font-weight: 400;\">3 &#8211; 5 mm.<\/span><\/td>\n<\/tr>\n<tr>\n<td align=\"left\"><span style=\"font-weight: 400;\">Granulimi<\/span><\/td>\n<td align=\"left\"><span style=\"font-weight: 400;\">0.7 mm.<\/span><\/td>\n<\/tr>\n<tr>\n<td align=\"left\"><span style=\"font-weight: 400;\">Konsumi<\/span><\/td>\n<td align=\"left\"><span style=\"font-weight: 400;\">4- 5 kg\/m2.<\/span><\/td>\n<\/tr>\n<tr>\n<td align=\"left\"><span style=\"font-weight: 400;\">Temperatura e ajrit dhe e sip\u00ebrfaqes<\/span><\/td>\n<td align=\"left\"><span style=\"font-weight: 400;\">+5\/+35\u00b0C<\/span><\/td>\n<\/tr>\n<tr>\n<td align=\"left\"><span style=\"font-weight: 400;\">Ngjyr\u00eb<\/span><\/td>\n<td align=\"left\"><img decoding=\"async\" class=\"lazyload alignnone size-full wp-image-20279\" src=\"data:image\/svg+xml,%3Csvg%20xmlns%3D%27http%3A%2F%2Fwww.w3.org%2F2000%2Fsvg%27%20width%3D%2725%27%20height%3D%2725%27%20viewBox%3D%270%200%2025%2025%27%3E%3Crect%20width%3D%2725%27%20height%3D%2725%27%20fill-opacity%3D%220%22%2F%3E%3C%2Fsvg%3E\" data-orig-src=\"https:\/\/pofix.com\/wp-content\/uploads\/2015\/10\/greeColor.png\" alt=\"\" width=\"25\" height=\"25\"><\/td>\n<\/tr>\n<tr>\n<td align=\"left\"><span style=\"font-weight: 400;\">Qese kg<\/span><\/td>\n<td align=\"left\"><span style=\"font-weight: 400;\">30<\/span><\/td>\n<\/tr>\n<tr>\n<td align=\"left\"><span style=\"font-weight: 400;\">\u00c7anta\/palet\u00eb<\/span><\/td>\n<td align=\"left\">40<\/td>\n<\/tr>\n<\/tbody>\n<\/table>\n<\/div>\n<p>\n","protected":false},"excerpt":{"rendered":"<p><b>Mesh\u00eb p\u00ebr mbush\u00ebs t\u00eb p\u00ebrbashk\u00ebt<\/b><\/p>\n<p><span style=\"font-weight: 400;\"><strong>Pofugenfiler<\/strong> \u00ebsht\u00eb nj\u00eb material pluhur i fabrikuar p\u00ebr pllakat e suvas\u00eb s\u00eb mbush\u00ebsve t\u00eb p\u00ebrbashk\u00ebt. <\/span><span style=\"font-weight: 400;\">Nj\u00eb fash\u00eb mbush\u00ebse e p\u00ebrbashk\u00ebt tjegullash p\u00ebrdoret n\u00eb kartonin e suvas\u00eb me skaje ovale. <\/span><span style=\"font-weight: 400;\">Pllakat prej kartoni suvaje duhet t\u00eb lidhen n\u00eb nj\u00eb t\u00eb fort\u00eb n\u00eb nd\u00ebrtim e sip\u00ebr dhe vendet e fudging duhet t\u00eb jen\u00eb t\u00eb pastra, t\u00eb thata dhe pa pluhur.<\/span><\/p>\n","protected":false},"featured_media":0,"template":"","meta":[],"product_brand":[],"product_cat":[397,251],"product_tag":[541,480,479,483,543,289],"class_list":{"0":"post-23736","1":"product","2":"type-product","3":"status-publish","5":"product_cat-ngjites-ndertimor","6":"product_cat-produktet-minerale","7":"product_tag-meshe-per-mbushes-te-perbashket","8":"product_tag-ngjites-ndertimi","9":"product_tag-ngjites-per-eps-dhe-bordet-e-izolimit","10":"product_tag-ngjites-tjegullash","11":"product_tag-pofugenfiller-sq","12":"product_tag-produktet-minerale","14":"first","15":"instock","16":"shipping-taxable","17":"purchasable","18":"product-type-simple"},"aioseo_notices":[],"_links":{"self":[{"href":"https:\/\/pofix.com\/sq\/wp-json\/wp\/v2\/product\/23736","targetHints":{"allow":["GET"]}}],"collection":[{"href":"https:\/\/pofix.com\/sq\/wp-json\/wp\/v2\/product"}],"about":[{"href":"https:\/\/pofix.com\/sq\/wp-json\/wp\/v2\/types\/product"}],"wp:attachment":[{"href":"https:\/\/pofix.com\/sq\/wp-json\/wp\/v2\/media?parent=23736"}],"wp:term":[{"taxonomy":"product_brand","embeddable":true,"href":"https:\/\/pofix.com\/sq\/wp-json\/wp\/v2\/product_brand?post=23736"},{"taxonomy":"product_cat","embeddable":true,"href":"https:\/\/pofix.com\/sq\/wp-json\/wp\/v2\/product_cat?post=23736"},{"taxonomy":"product_tag","embeddable":true,"href":"https:\/\/pofix.com\/sq\/wp-json\/wp\/v2\/product_tag?post=23736"}],"curies":[{"name":"wp","href":"https:\/\/api.w.org\/{rel}","templated":true}]}}