{"id":23724,"date":"2023-05-01T18:25:25","date_gmt":"2023-05-01T18:25:25","guid":{"rendered":"https:\/\/pofix.com\/product\/poflex\/"},"modified":"2024-03-12T13:46:05","modified_gmt":"2024-03-12T13:46:05","slug":"poflex","status":"publish","type":"product","link":"https:\/\/pofix.com\/sq\/product\/poflex\/","title":{"rendered":"POFLEX"},"content":{"rendered":"<p><strong>Ngjit\u00ebs i bardh\u00eb p\u00ebr pllaka<\/strong><\/p>\n<p><span style=\"font-weight: 400;\"><strong>Poflex<\/strong> \u00ebsht\u00eb nj\u00eb shtres\u00eb e holl\u00eb ngjit\u00ebse p\u00ebr tjegulla n\u00eb baz\u00eb t\u00eb \u00e7imentos s\u00eb bardh\u00eb dhe plot\u00ebsimeve. P\u00ebrdoret p\u00ebr t\u00eb ngjitur pllaka qeramike dhe mermeri n\u00eb dysheme dhe mure. Prodhohet me ngjyr\u00eb t\u00eb bardh\u00eb. Sip\u00ebrfaqja duhet t\u00eb plot\u00ebsoj\u00eb disa standarde nd\u00ebrtimi.<\/span><\/p>\n<p><span style=\"font-weight: 400;\">Temperatura e ajrit dhe e sip\u00ebrfaqes<\/span><\/p>\n<p>&nbsp;<\/p>\n<p><img decoding=\"async\" class=\"lazyload alignnone size-medium wp-image-20395\" src=\"https:\/\/pofix.com\/wp-content\/uploads\/2023\/05\/IMFunkc-300x47.png\" data-orig-src=\"https:\/\/pofix.com\/wp-content\/uploads\/2023\/05\/IMFunkc-300x47.png\" alt=\"\" width=\"300\" height=\"47\" srcset=\"data:image\/svg+xml,%3Csvg%20xmlns%3D%27http%3A%2F%2Fwww.w3.org%2F2000%2Fsvg%27%20width%3D%27300%27%20height%3D%2747%27%20viewBox%3D%270%200%20300%2047%27%3E%3Crect%20width%3D%27300%27%20height%3D%2747%27%20fill-opacity%3D%220%22%2F%3E%3C%2Fsvg%3E\" data-srcset=\"https:\/\/pofix.com\/wp-content\/uploads\/2023\/05\/IMFunkc-200x32.png 200w, https:\/\/pofix.com\/wp-content\/uploads\/2023\/05\/IMFunkc-300x47.png 300w, https:\/\/pofix.com\/wp-content\/uploads\/2023\/05\/IMFunkc.png 355w\" data-sizes=\"auto\" data-orig-sizes=\"(max-width: 300px) 100vw, 300px\" \/><\/p>\n<\/p>\n<div class=\"table-1\">\n<table width=\"100%\">\n<thead>\n<tr>\n<th align=\"left\"><b>P\u00ebrgatitja dhe aplikimi<\/b><\/th>\n<th align=\"left\">Parametrat<\/th>\n<\/tr>\n<\/thead>\n<tbody>\n<tr>\n<td align=\"left\"><span style=\"font-weight: 400;\">Koha e aplikimit pas p\u00ebrzierjes me uj\u00eb<\/span><\/td>\n<td align=\"left\">60 min.<\/td>\n<\/tr>\n<tr>\n<td align=\"left\"><span style=\"font-weight: 400;\">Koha e tharjes s\u00eb materialit<\/span><\/td>\n<td align=\"left\"><span style=\"font-weight: 400;\">24 h.<\/span><\/td>\n<\/tr>\n<tr>\n<td align=\"left\"><span style=\"font-weight: 400;\">Trash\u00ebsia e aplikimit<\/span><\/td>\n<td align=\"left\"><span style=\"font-weight: 400;\">3 &#8211; 5 mm.<\/span><\/td>\n<\/tr>\n<tr>\n<td align=\"left\"><span style=\"font-weight: 400;\">Granulimi<\/span><\/td>\n<td align=\"left\"><span style=\"font-weight: 400;\">0 &#8211; 0,7 mm.<\/span><\/td>\n<\/tr>\n<tr>\n<td align=\"left\"><span style=\"font-weight: 400;\">Konsumi<\/span><\/td>\n<td align=\"left\"><span style=\"font-weight: 400;\">4- 5 kg\/m2.<\/span><\/td>\n<\/tr>\n<tr>\n<td align=\"left\"><span style=\"font-weight: 400;\">Temperatura e ajrit dhe e sip\u00ebrfaqes<\/span><\/td>\n<td align=\"left\"><span style=\"font-weight: 400;\">+5\/+35\u00b0C<\/span><\/td>\n<\/tr>\n<tr>\n<td align=\"left\"><span style=\"font-weight: 400;\">Ngjyr\u00eb<\/span><\/td>\n<td align=\"left\"><img decoding=\"async\" class=\"lazyload alignnone size-full wp-image-20279\" src=\"data:image\/svg+xml,%3Csvg%20xmlns%3D%27http%3A%2F%2Fwww.w3.org%2F2000%2Fsvg%27%20width%3D%2725%27%20height%3D%2725%27%20viewBox%3D%270%200%2025%2025%27%3E%3Crect%20width%3D%2725%27%20height%3D%2725%27%20fill-opacity%3D%220%22%2F%3E%3C%2Fsvg%3E\" data-orig-src=\"https:\/\/pofix.com\/wp-content\/uploads\/2015\/10\/greeColor.png\" alt=\"\" width=\"25\" height=\"25\"><\/td>\n<\/tr>\n<tr>\n<td align=\"left\"><span style=\"font-weight: 400;\">Qese kg<\/span><\/td>\n<td align=\"left\"><span style=\"font-weight: 400;\">25\/10<\/span><\/td>\n<\/tr>\n<tr>\n<td align=\"left\"><span style=\"font-weight: 400;\">\u00c7anta\/palet\u00eb<\/span><\/td>\n<td align=\"left\">48\/121<\/td>\n<\/tr>\n<\/tbody>\n<\/table>\n<\/div>\n<p>\n","protected":false},"excerpt":{"rendered":"<p><strong>Ngjit\u00ebs i bardh\u00eb p\u00ebr pllaka<\/strong><\/p>\n<p><span style=\"font-weight: 400;\"><strong>Poflex<\/strong> \u00ebsht\u00eb nj\u00eb shtres\u00eb e holl\u00eb ngjit\u00ebse p\u00ebr tjegulla n\u00eb baz\u00eb t\u00eb \u00e7imentos s\u00eb bardh\u00eb dhe plot\u00ebsimeve. P\u00ebrdoret p\u00ebr t\u00eb ngjitur pllaka qeramike dhe mermeri n\u00eb dysheme dhe mure. Prodhohet me ngjyr\u00eb t\u00eb bardh\u00eb. Sip\u00ebrfaqja duhet t\u00eb plot\u00ebsoj\u00eb disa standarde nd\u00ebrtimi.<\/span><\/p>\n<p><span style=\"font-weight: 400;\">Temperatura e ajrit dhe e sip\u00ebrfaqes<\/span><\/p>\n","protected":false},"featured_media":0,"template":"","meta":[],"product_brand":[],"product_cat":[397,251],"product_tag":[394,480,479,527,289,484],"class_list":{"0":"post-23724","1":"product","2":"type-product","3":"status-publish","5":"product_cat-ngjites-ndertimor","6":"product_cat-produktet-minerale","7":"product_tag-abrib-sq","8":"product_tag-ngjites-ndertimi","9":"product_tag-ngjites-per-eps-dhe-bordet-e-izolimit","10":"product_tag-poflex-sq","11":"product_tag-produktet-minerale","12":"product_tag-standardi-stirokol","14":"first","15":"instock","16":"featured","17":"shipping-taxable","18":"purchasable","19":"product-type-simple"},"aioseo_notices":[],"_links":{"self":[{"href":"https:\/\/pofix.com\/sq\/wp-json\/wp\/v2\/product\/23724","targetHints":{"allow":["GET"]}}],"collection":[{"href":"https:\/\/pofix.com\/sq\/wp-json\/wp\/v2\/product"}],"about":[{"href":"https:\/\/pofix.com\/sq\/wp-json\/wp\/v2\/types\/product"}],"wp:attachment":[{"href":"https:\/\/pofix.com\/sq\/wp-json\/wp\/v2\/media?parent=23724"}],"wp:term":[{"taxonomy":"product_brand","embeddable":true,"href":"https:\/\/pofix.com\/sq\/wp-json\/wp\/v2\/product_brand?post=23724"},{"taxonomy":"product_cat","embeddable":true,"href":"https:\/\/pofix.com\/sq\/wp-json\/wp\/v2\/product_cat?post=23724"},{"taxonomy":"product_tag","embeddable":true,"href":"https:\/\/pofix.com\/sq\/wp-json\/wp\/v2\/product_tag?post=23724"}],"curies":[{"name":"wp","href":"https:\/\/api.w.org\/{rel}","templated":true}]}}