{"id":23716,"date":"2023-05-01T18:12:51","date_gmt":"2023-05-01T18:12:51","guid":{"rendered":"https:\/\/pofix.com\/product\/stirokol-standard-white\/"},"modified":"2024-03-12T13:46:07","modified_gmt":"2024-03-12T13:46:07","slug":"stirokol-standard-white","status":"publish","type":"product","link":"https:\/\/pofix.com\/sq\/product\/stirokol-standard-white\/","title":{"rendered":"STIROKOL STANDARD WHITE"},"content":{"rendered":"<p><strong>Ngjit\u00ebs p\u00ebr EPS dhe bordet e izolimit<\/strong><\/p>\n<p><span style=\"font-weight: 400;\"><strong>Stirokol 3 White<\/strong> \u00ebsht\u00eb i sajuar ngjit\u00ebs shtres\u00eb e holl\u00eb n\u00eb baz\u00eb t\u00eb \u00e7imentos dhe plot\u00ebsimeve. P\u00ebrdoret p\u00ebr aderimin e d\u00ebrrasave mbi tulla, beton, lla\u00e7 t\u00eb vjet\u00ebr etj. Baza  <\/span><span style=\"font-weight: 400;\">Duhet t\u00eb jet\u00eb i fort\u00eb, i l\u00ebmuar, i past\u00ebr nga pluhuri dhe jo i ngrir\u00eb. Forcimi me vida plastike \u00ebsht\u00eb i detyruesh\u00ebm.<\/span><\/p>\n<p>&nbsp;<\/p>\n<p><img decoding=\"async\" class=\"lazyload alignnone size-medium wp-image-20322\" src=\"https:\/\/pofix.com\/wp-content\/uploads\/2023\/05\/imp-300x47.png\" data-orig-src=\"https:\/\/pofix.com\/wp-content\/uploads\/2023\/05\/imp-300x47.png\" alt=\"\" width=\"300\" height=\"47\" srcset=\"data:image\/svg+xml,%3Csvg%20xmlns%3D%27http%3A%2F%2Fwww.w3.org%2F2000%2Fsvg%27%20width%3D%27300%27%20height%3D%2747%27%20viewBox%3D%270%200%20300%2047%27%3E%3Crect%20width%3D%27300%27%20height%3D%2747%27%20fill-opacity%3D%220%22%2F%3E%3C%2Fsvg%3E\" data-srcset=\"https:\/\/pofix.com\/wp-content\/uploads\/2023\/05\/imp-200x32.png 200w, https:\/\/pofix.com\/wp-content\/uploads\/2023\/05\/imp-300x47.png 300w, https:\/\/pofix.com\/wp-content\/uploads\/2023\/05\/imp.png 355w\" data-sizes=\"auto\" data-orig-sizes=\"(max-width: 300px) 100vw, 300px\" \/><\/p>\n<\/p>\n<div class=\"table-1\">\n<table width=\"100%\">\n<thead>\n<tr>\n<th align=\"left\"><b>P\u00ebrgatitja dhe aplikimi<\/b><\/th>\n<th align=\"left\">Parametrat<\/th>\n<\/tr>\n<\/thead>\n<tbody>\n<tr>\n<td align=\"left\"><span style=\"font-weight: 400;\">Koha e aplikimit pas p\u00ebrzierjes me uj\u00eb<\/span><\/td>\n<td align=\"left\">60 min.<\/td>\n<\/tr>\n<tr>\n<td align=\"left\"><span style=\"font-weight: 400;\">Koha e tharjes s\u00eb materialit<\/span><\/td>\n<td align=\"left\"><span style=\"font-weight: 400;\">24 h.<\/span><\/td>\n<\/tr>\n<tr>\n<td align=\"left\"><span style=\"font-weight: 400;\">Trash\u00ebsia e aplikimit<\/span><\/td>\n<td align=\"left\"><span style=\"font-weight: 400;\">3 &#8211; 5 mm.<\/span><\/td>\n<\/tr>\n<tr>\n<td align=\"left\"><span style=\"font-weight: 400;\">Granulimi<\/span><\/td>\n<td align=\"left\"><span style=\"font-weight: 400;\">0 &#8211; 0,7 mm.<\/span><\/td>\n<\/tr>\n<tr>\n<td align=\"left\"><span style=\"font-weight: 400;\">Konsumi<\/span><\/td>\n<td align=\"left\"><span style=\"font-weight: 400;\">4- 6 kg\/m2.<\/span><\/td>\n<\/tr>\n<tr>\n<td align=\"left\"><span style=\"font-weight: 400;\">Temperatura e ajrit dhe e sip\u00ebrfaqes<\/span><\/td>\n<td align=\"left\"><span style=\"font-weight: 400;\">+5\/+35\u00b0C<\/span><\/td>\n<\/tr>\n<tr>\n<td align=\"left\"><span style=\"font-weight: 400;\">Ngjyr\u00eb<\/span><\/td>\n<td align=\"left\"><img decoding=\"async\" class=\"lazyload alignnone size-full wp-image-20279\" src=\"data:image\/svg+xml,%3Csvg%20xmlns%3D%27http%3A%2F%2Fwww.w3.org%2F2000%2Fsvg%27%20width%3D%2725%27%20height%3D%2725%27%20viewBox%3D%270%200%2025%2025%27%3E%3Crect%20width%3D%2725%27%20height%3D%2725%27%20fill-opacity%3D%220%22%2F%3E%3C%2Fsvg%3E\" data-orig-src=\"https:\/\/pofix.com\/wp-content\/uploads\/2015\/10\/greeColor.png\" alt=\"\" width=\"25\" height=\"25\"><\/td>\n<\/tr>\n<tr>\n<td align=\"left\"><span style=\"font-weight: 400;\">Qese kg<\/span><\/td>\n<td align=\"left\"><span style=\"font-weight: 400;\">25<\/span><\/td>\n<\/tr>\n<tr>\n<td align=\"left\"><span style=\"font-weight: 400;\">\u00c7anta\/palet\u00eb<\/span><\/td>\n<td align=\"left\">48<\/td>\n<\/tr>\n<\/tbody>\n<\/table>\n<\/div>\n<p>\n","protected":false},"excerpt":{"rendered":"<p><strong>Ngjit\u00ebs p\u00ebr EPS dhe bordet e izolimit<\/strong><\/p>\n<p><span style=\"font-weight: 400;\"><strong>Stirokol 3 White<\/strong> \u00ebsht\u00eb i sajuar ngjit\u00ebs shtres\u00eb e holl\u00eb n\u00eb baz\u00eb t\u00eb \u00e7imentos dhe plot\u00ebsimeve. P\u00ebrdoret p\u00ebr aderimin e d\u00ebrrasave mbi tulla, beton, lla\u00e7 t\u00eb vjet\u00ebr etj. Baza  <\/span><span style=\"font-weight: 400;\">Duhet t\u00eb jet\u00eb i fort\u00eb, i l\u00ebmuar, i past\u00ebr nga pluhuri dhe jo i ngrir\u00eb. Forcimi me vida plastike \u00ebsht\u00eb i detyruesh\u00ebm.<\/span><\/p>\n","protected":false},"featured_media":0,"template":"","meta":[],"product_brand":[],"product_cat":[397,251],"product_tag":[394,480,479,289,516,514],"class_list":{"0":"post-23716","1":"product","2":"type-product","3":"status-publish","5":"product_cat-ngjites-ndertimor","6":"product_cat-produktet-minerale","7":"product_tag-abrib-sq","8":"product_tag-ngjites-ndertimi","9":"product_tag-ngjites-per-eps-dhe-bordet-e-izolimit","10":"product_tag-produktet-minerale","11":"product_tag-stirokol-3-bardhe","12":"product_tag-stirokol-standard-white-sq","14":"first","15":"instock","16":"featured","17":"shipping-taxable","18":"purchasable","19":"product-type-simple"},"aioseo_notices":[],"_links":{"self":[{"href":"https:\/\/pofix.com\/sq\/wp-json\/wp\/v2\/product\/23716","targetHints":{"allow":["GET"]}}],"collection":[{"href":"https:\/\/pofix.com\/sq\/wp-json\/wp\/v2\/product"}],"about":[{"href":"https:\/\/pofix.com\/sq\/wp-json\/wp\/v2\/types\/product"}],"wp:attachment":[{"href":"https:\/\/pofix.com\/sq\/wp-json\/wp\/v2\/media?parent=23716"}],"wp:term":[{"taxonomy":"product_brand","embeddable":true,"href":"https:\/\/pofix.com\/sq\/wp-json\/wp\/v2\/product_brand?post=23716"},{"taxonomy":"product_cat","embeddable":true,"href":"https:\/\/pofix.com\/sq\/wp-json\/wp\/v2\/product_cat?post=23716"},{"taxonomy":"product_tag","embeddable":true,"href":"https:\/\/pofix.com\/sq\/wp-json\/wp\/v2\/product_tag?post=23716"}],"curies":[{"name":"wp","href":"https:\/\/api.w.org\/{rel}","templated":true}]}}