{"id":23689,"date":"2023-05-01T16:17:18","date_gmt":"2023-05-01T16:17:18","guid":{"rendered":"https:\/\/pofix.com\/product\/pofix-705\/"},"modified":"2024-03-12T13:35:35","modified_gmt":"2024-03-12T13:35:35","slug":"pofix-705","status":"publish","type":"product","link":"https:\/\/pofix.com\/sq\/product\/pofix-705\/","title":{"rendered":"POFIX 705"},"content":{"rendered":"<p><strong>Lla\u00e7 strukturor i bardh\u00eb &#8211; ABRIB<\/strong><\/p>\n<p><span style=\"font-weight: 400;\"><strong>Pofix 705<\/strong>-Abrib is fabricated, enabling the decoration of mineral mortar for external walls. Shtrohet mbi lla\u00e7et baz\u00eb mekanike (Pofix 10, Pofix 090 etj.) termoizoluese, lla\u00e7e zgjatuese, eps dhe d\u00ebrrasat e leshit mineral t\u00eb rrafshuara m\u00eb par\u00eb me Pofix 50. Para aplikimit t\u00eb Pofix 705 \u00ebsht\u00eb e rekomanduar p\u00ebr t\u00eb p\u00ebrdorur Poputzgrund.<\/span><\/p>\n<p><img decoding=\"async\" class=\"lazyload alignnone size-medium wp-image-20322\" src=\"https:\/\/pofix.com\/wp-content\/uploads\/2023\/05\/imp-300x47.png\" data-orig-src=\"https:\/\/pofix.com\/wp-content\/uploads\/2023\/05\/imp-300x47.png\" alt=\"\" width=\"300\" height=\"47\" srcset=\"data:image\/svg+xml,%3Csvg%20xmlns%3D%27http%3A%2F%2Fwww.w3.org%2F2000%2Fsvg%27%20width%3D%27300%27%20height%3D%2747%27%20viewBox%3D%270%200%20300%2047%27%3E%3Crect%20width%3D%27300%27%20height%3D%2747%27%20fill-opacity%3D%220%22%2F%3E%3C%2Fsvg%3E\" data-srcset=\"https:\/\/pofix.com\/wp-content\/uploads\/2023\/05\/imp-200x32.png 200w, https:\/\/pofix.com\/wp-content\/uploads\/2023\/05\/imp-300x47.png 300w, https:\/\/pofix.com\/wp-content\/uploads\/2023\/05\/imp.png 355w\" data-sizes=\"auto\" data-orig-sizes=\"(max-width: 300px) 100vw, 300px\" \/><\/p>\n<\/p>\n<div class=\"table-1\">\n<table width=\"100%\">\n<thead>\n<tr>\n<th align=\"left\"><b>P\u00ebrgatitja dhe aplikimi<\/b><\/th>\n<th align=\"left\">Parametrat<\/th>\n<\/tr>\n<\/thead>\n<tbody>\n<tr>\n<td align=\"left\"><span style=\"font-weight: 400;\">Koha e aplikimit pas p\u00ebrzierjes me uj\u00eb<\/span><\/td>\n<td align=\"left\">60 min.<\/td>\n<\/tr>\n<tr>\n<td align=\"left\"><span style=\"font-weight: 400;\">Koha e tharjes s\u00eb materialit<\/span><\/td>\n<td align=\"left\"><span style=\"font-weight: 400;\">24 h.<\/span><\/td>\n<\/tr>\n<tr>\n<td align=\"left\"><span style=\"font-weight: 400;\">Trash\u00ebsia e aplikimit<\/span><\/td>\n<td align=\"left\"><span style=\"font-weight: 400;\">1 mm; 1,5 mm; 2 mm<\/span><\/td>\n<\/tr>\n<tr>\n<td align=\"left\"><span style=\"font-weight: 400;\">Granulimi<\/span><\/td>\n<td align=\"left\"><span style=\"font-weight: 400;\">3 mm.<\/span><\/td>\n<\/tr>\n<tr>\n<td align=\"left\"><span style=\"font-weight: 400;\">Konsumi<\/span><\/td>\n<td align=\"left\"><span style=\"font-weight: 400;\">2-4 kg\/m2.<\/span><\/td>\n<\/tr>\n<tr>\n<td align=\"left\"><span style=\"font-weight: 400;\">Temperatura e ajrit dhe e sip\u00ebrfaqes<\/span><\/td>\n<td align=\"left\"><span style=\"font-weight: 400;\">+5\/+35\u00b0C<\/span><\/td>\n<\/tr>\n<tr>\n<td align=\"left\"><span style=\"font-weight: 400;\">Ngjyr\u00eb<\/span><\/td>\n<td align=\"left\"><img decoding=\"async\" class=\"lazyload alignnone size-full wp-image-20295\" src=\"data:image\/svg+xml,%3Csvg%20xmlns%3D%27http%3A%2F%2Fwww.w3.org%2F2000%2Fsvg%27%20width%3D%2725%27%20height%3D%2725%27%20viewBox%3D%270%200%2025%2025%27%3E%3Crect%20width%3D%2725%27%20height%3D%2725%27%20fill-opacity%3D%220%22%2F%3E%3C%2Fsvg%3E\" data-orig-src=\"https:\/\/pofix.com\/wp-content\/uploads\/2023\/05\/white.png\" alt=\"\" width=\"25\" height=\"25\"><\/td>\n<\/tr>\n<tr>\n<td align=\"left\"><span style=\"font-weight: 400;\">Qese kg<\/span><\/td>\n<td align=\"left\"><span style=\"font-weight: 400;\">25<\/span><\/td>\n<\/tr>\n<tr>\n<td align=\"left\"><span style=\"font-weight: 400;\">\u00c7anta\/palet\u00eb<\/span><\/td>\n<td align=\"left\">68<\/td>\n<\/tr>\n<\/tbody>\n<\/table>\n<\/div>\n<p>\n","protected":false},"excerpt":{"rendered":"<p><strong><span style=\"font-weight: 400;\"><strong>Pofix 705 &#8211;<\/strong><\/span>Lla\u00e7 i bardh\u00eb strukturore &#8211; ABRIB<\/strong><\/p>\n<p><span style=\"font-weight: 400;\">\u00ebsht\u00eb fabrikuar duke mund\u00ebsuar dekorimin me lla\u00e7 mineral p\u00ebr muret e brendshme. Shtrohet mbi lla\u00e7et baz\u00eb mekanike (Pofix 10, Pofix 090 etj.) termoizoluese, lla\u00e7e zgjatuese, eps dhe d\u00ebrrasat e leshit mineral t\u00eb rrafshuara m\u00eb par\u00eb me Pofix 50. P\u00ebrpara aplikimit t\u00eb Pofix 366 rekomandohet p\u00ebrdorimi i Poputzgrund.<\/span><\/p>\n","protected":false},"featured_media":0,"template":"","meta":[],"product_brand":[],"product_cat":[390,251],"product_tag":[394,393,392,474,289],"class_list":{"0":"post-23689","1":"product","2":"type-product","3":"status-publish","5":"product_cat-llace-dekorative","6":"product_cat-produktet-minerale","7":"product_tag-abrib-sq","8":"product_tag-llac-strukturor-i-bardhe","9":"product_tag-llace-dekorative","10":"product_tag-pofix-705-sq","11":"product_tag-produktet-minerale","13":"first","14":"instock","15":"shipping-taxable","16":"purchasable","17":"product-type-simple"},"aioseo_notices":[],"_links":{"self":[{"href":"https:\/\/pofix.com\/sq\/wp-json\/wp\/v2\/product\/23689","targetHints":{"allow":["GET"]}}],"collection":[{"href":"https:\/\/pofix.com\/sq\/wp-json\/wp\/v2\/product"}],"about":[{"href":"https:\/\/pofix.com\/sq\/wp-json\/wp\/v2\/types\/product"}],"wp:attachment":[{"href":"https:\/\/pofix.com\/sq\/wp-json\/wp\/v2\/media?parent=23689"}],"wp:term":[{"taxonomy":"product_brand","embeddable":true,"href":"https:\/\/pofix.com\/sq\/wp-json\/wp\/v2\/product_brand?post=23689"},{"taxonomy":"product_cat","embeddable":true,"href":"https:\/\/pofix.com\/sq\/wp-json\/wp\/v2\/product_cat?post=23689"},{"taxonomy":"product_tag","embeddable":true,"href":"https:\/\/pofix.com\/sq\/wp-json\/wp\/v2\/product_tag?post=23689"}],"curies":[{"name":"wp","href":"https:\/\/api.w.org\/{rel}","templated":true}]}}