{"id":23685,"date":"2023-05-14T18:18:38","date_gmt":"2023-05-14T18:18:38","guid":{"rendered":"https:\/\/pofix.com\/product\/p-05-ud-profil-tavani\/"},"modified":"2024-03-12T13:26:26","modified_gmt":"2024-03-12T13:26:26","slug":"p-05-ud-profil-tavani","status":"publish","type":"product","link":"https:\/\/pofix.com\/sq\/product\/p-05-ud-profil-tavani\/","title":{"rendered":"P-05 UD PROFIL TAVANI"},"content":{"rendered":"<p><strong>P-05 UD PROFIL TAVAN<\/strong><\/p>\n<p><span style=\"font-weight: 400;\"><strong>P-05 <\/strong>\u00ebsht\u00eb nj\u00eb profil tavan standard U-wall. Profili i murit U mb\u00ebrthehet n\u00eb mur gjat\u00eb gjith\u00eb koh\u00ebs sipas lart\u00ebsis\u00eb s\u00eb d\u00ebshiruar t\u00eb instalimit.<\/span><\/p>\n<p><img decoding=\"async\" class=\"lazyload alignnone size-medium wp-image-20515\" src=\"https:\/\/pofix.com\/wp-content\/uploads\/2023\/05\/P-01-198x300.png\" data-orig-src=\"https:\/\/pofix.com\/wp-content\/uploads\/2023\/05\/P-01-198x300.png\" alt=\"\" width=\"198\" height=\"300\" srcset=\"data:image\/svg+xml,%3Csvg%20xmlns%3D%27http%3A%2F%2Fwww.w3.org%2F2000%2Fsvg%27%20width%3D%27198%27%20height%3D%27300%27%20viewBox%3D%270%200%20198%20300%27%3E%3Crect%20width%3D%27198%27%20height%3D%27300%27%20fill-opacity%3D%220%22%2F%3E%3C%2Fsvg%3E\" data-srcset=\"https:\/\/pofix.com\/wp-content\/uploads\/2023\/05\/P-01-198x300.png 198w, https:\/\/pofix.com\/wp-content\/uploads\/2023\/05\/P-01-200x304.png 200w, https:\/\/pofix.com\/wp-content\/uploads\/2023\/05\/P-01-400x607.png 400w, https:\/\/pofix.com\/wp-content\/uploads\/2023\/05\/P-01-500x759.png 500w, https:\/\/pofix.com\/wp-content\/uploads\/2023\/05\/P-01.png 550w\" data-sizes=\"auto\" data-orig-sizes=\"(max-width: 198px) 100vw, 198px\" \/> <img decoding=\"async\" class=\"lazyload alignnone size-medium wp-image-20519\" src=\"https:\/\/pofix.com\/wp-content\/uploads\/2023\/05\/P-01-dim-1-198x300.png\" data-orig-src=\"https:\/\/pofix.com\/wp-content\/uploads\/2023\/05\/P-01-dim-1-198x300.png\" alt=\"\" width=\"198\" height=\"300\" srcset=\"data:image\/svg+xml,%3Csvg%20xmlns%3D%27http%3A%2F%2Fwww.w3.org%2F2000%2Fsvg%27%20width%3D%27198%27%20height%3D%27300%27%20viewBox%3D%270%200%20198%20300%27%3E%3Crect%20width%3D%27198%27%20height%3D%27300%27%20fill-opacity%3D%220%22%2F%3E%3C%2Fsvg%3E\" data-srcset=\"https:\/\/pofix.com\/wp-content\/uploads\/2023\/05\/P-01-dim-1-198x300.png 198w, https:\/\/pofix.com\/wp-content\/uploads\/2023\/05\/P-01-dim-1-200x304.png 200w, https:\/\/pofix.com\/wp-content\/uploads\/2023\/05\/P-01-dim-1-400x607.png 400w, https:\/\/pofix.com\/wp-content\/uploads\/2023\/05\/P-01-dim-1-500x759.png 500w, https:\/\/pofix.com\/wp-content\/uploads\/2023\/05\/P-01-dim-1.png 550w\" data-sizes=\"auto\" data-orig-sizes=\"(max-width: 198px) 100vw, 198px\" \/> <img decoding=\"async\" class=\"lazyload alignnone size-medium wp-image-20517\" src=\"https:\/\/pofix.com\/wp-content\/uploads\/2023\/05\/P-01-ZOOM-198x300.png\" data-orig-src=\"https:\/\/pofix.com\/wp-content\/uploads\/2023\/05\/P-01-ZOOM-198x300.png\" alt=\"\" width=\"198\" height=\"300\" srcset=\"data:image\/svg+xml,%3Csvg%20xmlns%3D%27http%3A%2F%2Fwww.w3.org%2F2000%2Fsvg%27%20width%3D%27198%27%20height%3D%27300%27%20viewBox%3D%270%200%20198%20300%27%3E%3Crect%20width%3D%27198%27%20height%3D%27300%27%20fill-opacity%3D%220%22%2F%3E%3C%2Fsvg%3E\" data-srcset=\"https:\/\/pofix.com\/wp-content\/uploads\/2023\/05\/P-01-ZOOM-198x300.png 198w, https:\/\/pofix.com\/wp-content\/uploads\/2023\/05\/P-01-ZOOM-200x304.png 200w, https:\/\/pofix.com\/wp-content\/uploads\/2023\/05\/P-01-ZOOM-400x607.png 400w, https:\/\/pofix.com\/wp-content\/uploads\/2023\/05\/P-01-ZOOM-500x759.png 500w, https:\/\/pofix.com\/wp-content\/uploads\/2023\/05\/P-01-ZOOM.png 550w\" data-sizes=\"auto\" data-orig-sizes=\"(max-width: 198px) 100vw, 198px\" \/><\/p>\n<\/p>\n<div class=\"table-1\">\n<table width=\"100%\">\n<thead>\n<tr>\n<th align=\"left\"><b>Specifikimet<\/b><\/th>\n<th align=\"left\">Parametrat<\/th>\n<\/tr>\n<\/thead>\n<tbody>\n<tr>\n<td align=\"left\">gjat\u00ebsia<\/td>\n<td align=\"left\"><span style=\"font-weight: 400;\">2800 mm<\/span><\/td>\n<\/tr>\n<tr>\n<td align=\"left\"><span style=\"font-weight: 400;\">Trash\u00ebsia e aplikimit<\/span><\/td>\n<td align=\"left\"><span style=\"font-weight: 400;\">1 mm.<\/span><\/td>\n<\/tr>\n<tr>\n<td align=\"left\"><span style=\"font-weight: 400;\">gjat\u00ebsia e nj\u00ebr\u00ebs an\u00eb<\/span><\/td>\n<td align=\"left\"><span style=\"font-weight: 400;\">25 mm.<\/span><\/td>\n<\/tr>\n<tr>\n<td align=\"left\"><span style=\"font-weight: 400;\">gjat\u00ebsia e an\u00ebs s\u00eb dyt\u00eb<\/span><\/td>\n<td align=\"left\"><span style=\"font-weight: 400;\">25 mm.<\/span><\/td>\n<\/tr>\n<tr>\n<td align=\"left\"><span style=\"font-weight: 400;\">Materiali<\/span><\/td>\n<td align=\"left\"><span style=\"font-weight: 400;\">metalike<\/span><\/td>\n<\/tr>\n<tr>\n<td align=\"left\"><span style=\"font-weight: 400;\">Ngjyr\u00eb<\/span><\/td>\n<td align=\"left\"><img decoding=\"async\" class=\"lazyload alignnone size-full wp-image-20279\" src=\"data:image\/svg+xml,%3Csvg%20xmlns%3D%27http%3A%2F%2Fwww.w3.org%2F2000%2Fsvg%27%20width%3D%2725%27%20height%3D%2725%27%20viewBox%3D%270%200%2025%2025%27%3E%3Crect%20width%3D%2725%27%20height%3D%2725%27%20fill-opacity%3D%220%22%2F%3E%3C%2Fsvg%3E\" data-orig-src=\"https:\/\/pofix.com\/wp-content\/uploads\/2015\/10\/greeColor.png\" alt=\"\" width=\"25\" height=\"25\">  (Argjend)<\/td>\n<\/tr>\n<\/tbody>\n<\/table>\n<\/div>\n<p>\n","protected":false},"excerpt":{"rendered":"<p><strong>P-05 UD PROFIL TAVANI<\/strong><\/p>\n<p><span style=\"font-weight: 400;\"><strong>P-05 <\/strong>\u00ebsht\u00eb nj\u00eb profil tavan standard U-wall. Profili i murit U mb\u00ebrthehet n\u00eb mur gjat\u00eb gjith\u00eb koh\u00ebs sipas lart\u00ebsis\u00eb s\u00eb d\u00ebshiruar t\u00eb instalimit.<\/span><\/p>\n","protected":false},"featured_media":0,"template":"","meta":[],"product_brand":[],"product_cat":[342],"product_tag":[466,345,464,465],"class_list":{"0":"post-23685","1":"product","2":"type-product","3":"status-publish","5":"product_cat-profilet","6":"product_tag-p-05-sq","7":"product_tag-pofix-sq-2","8":"product_tag-profili-i-kendit","9":"product_tag-profili-i-tavanit-ud","11":"first","12":"instock","13":"shipping-taxable","14":"purchasable","15":"product-type-simple"},"aioseo_notices":[],"_links":{"self":[{"href":"https:\/\/pofix.com\/sq\/wp-json\/wp\/v2\/product\/23685","targetHints":{"allow":["GET"]}}],"collection":[{"href":"https:\/\/pofix.com\/sq\/wp-json\/wp\/v2\/product"}],"about":[{"href":"https:\/\/pofix.com\/sq\/wp-json\/wp\/v2\/types\/product"}],"wp:attachment":[{"href":"https:\/\/pofix.com\/sq\/wp-json\/wp\/v2\/media?parent=23685"}],"wp:term":[{"taxonomy":"product_brand","embeddable":true,"href":"https:\/\/pofix.com\/sq\/wp-json\/wp\/v2\/product_brand?post=23685"},{"taxonomy":"product_cat","embeddable":true,"href":"https:\/\/pofix.com\/sq\/wp-json\/wp\/v2\/product_cat?post=23685"},{"taxonomy":"product_tag","embeddable":true,"href":"https:\/\/pofix.com\/sq\/wp-json\/wp\/v2\/product_tag?post=23685"}],"curies":[{"name":"wp","href":"https:\/\/api.w.org\/{rel}","templated":true}]}}