{"id":23305,"date":"2023-05-14T21:12:30","date_gmt":"2023-05-14T21:12:30","guid":{"rendered":"https:\/\/pofix.com\/product\/p-07-cw-profili-i-tavanit\/"},"modified":"2024-03-12T01:48:49","modified_gmt":"2024-03-12T01:48:49","slug":"p-07-cw-profili-i-tavanit","status":"publish","type":"product","link":"https:\/\/pofix.com\/sq\/product\/p-07-cw-profili-i-tavanit\/","title":{"rendered":"P-07 CW PROFILI i tavanit"},"content":{"rendered":"<p><strong>P-07 CW PROFILI i tavanit<\/strong><\/p>\n<p><span style=\"font-weight: 400;\"><strong>P-07<\/strong> \u00ebsht\u00eb nj\u00eb profil standard i tavanit me mur C. Profili i murit C mb\u00ebrthehet n\u00eb mur gjat\u00eb gjith\u00eb koh\u00ebs sipas lart\u00ebsis\u00eb s\u00eb d\u00ebshiruar t\u00eb instalimit. Kur krijoni nj\u00eb var\u00ebse tavani, veshje tavani ose shnd\u00ebrrim papafingo me profilet e tavanit Pofix CD, kushtojini v\u00ebmendje vizatimit p\u00ebrkat\u00ebs t\u00eb detajuar, p\u00ebr t\u00eb rritur q\u00ebndrueshm\u00ebrin\u00eb n\u00eb tavane, \u00ebsht\u00eb absolutisht e nevojshme vendosja e d\u00ebrrasave n\u00ebp\u00ebr profile (profili mbajt\u00ebs). Magazinimi i pambrojtur n\u00eb natyr\u00eb mund t\u00eb \u00e7oj\u00eb n\u00eb t\u00eb ashtuquajtur\u00ebn lag\u00ebshti Shfaqet ndryshk i bardh\u00eb, i cili nuk ndikon n\u00eb jet\u00ebgjat\u00ebsin\u00eb dhe cil\u00ebsin\u00eb e profilit, profilet e tavanit Pofix CD nuk jan\u00eb t\u00eb destinuara p\u00ebr p\u00ebrdorim t\u00eb jasht\u00ebm, profilet e tavanit Pofx shkurtohen me copa kallaji ose copa elektronike kallaji<\/span><\/p>\n<p><img decoding=\"async\" class=\"lazyload alignnone size-medium wp-image-20543\" src=\"https:\/\/pofix.com\/wp-content\/uploads\/2023\/05\/P-07dimm-198x300.png\" data-orig-src=\"https:\/\/pofix.com\/wp-content\/uploads\/2023\/05\/P-07dimm-198x300.png\" alt=\"\" width=\"198\" height=\"300\" srcset=\"data:image\/svg+xml,%3Csvg%20xmlns%3D%27http%3A%2F%2Fwww.w3.org%2F2000%2Fsvg%27%20width%3D%27198%27%20height%3D%27300%27%20viewBox%3D%270%200%20198%20300%27%3E%3Crect%20width%3D%27198%27%20height%3D%27300%27%20fill-opacity%3D%220%22%2F%3E%3C%2Fsvg%3E\" data-srcset=\"https:\/\/pofix.com\/wp-content\/uploads\/2023\/05\/P-07dimm-198x300.png 198w, https:\/\/pofix.com\/wp-content\/uploads\/2023\/05\/P-07dimm-200x304.png 200w, https:\/\/pofix.com\/wp-content\/uploads\/2023\/05\/P-07dimm-400x607.png 400w, https:\/\/pofix.com\/wp-content\/uploads\/2023\/05\/P-07dimm-500x759.png 500w, https:\/\/pofix.com\/wp-content\/uploads\/2023\/05\/P-07dimm.png 550w\" data-sizes=\"auto\" data-orig-sizes=\"(max-width: 198px) 100vw, 198px\" \/> <img decoding=\"async\" class=\"lazyload alignnone size-medium wp-image-20544\" src=\"https:\/\/pofix.com\/wp-content\/uploads\/2023\/05\/P-07Main-198x300.png\" data-orig-src=\"https:\/\/pofix.com\/wp-content\/uploads\/2023\/05\/P-07Main-198x300.png\" alt=\"\" width=\"198\" height=\"300\" srcset=\"data:image\/svg+xml,%3Csvg%20xmlns%3D%27http%3A%2F%2Fwww.w3.org%2F2000%2Fsvg%27%20width%3D%27198%27%20height%3D%27300%27%20viewBox%3D%270%200%20198%20300%27%3E%3Crect%20width%3D%27198%27%20height%3D%27300%27%20fill-opacity%3D%220%22%2F%3E%3C%2Fsvg%3E\" data-srcset=\"https:\/\/pofix.com\/wp-content\/uploads\/2023\/05\/P-07Main-198x300.png 198w, https:\/\/pofix.com\/wp-content\/uploads\/2023\/05\/P-07Main-200x304.png 200w, https:\/\/pofix.com\/wp-content\/uploads\/2023\/05\/P-07Main-400x607.png 400w, https:\/\/pofix.com\/wp-content\/uploads\/2023\/05\/P-07Main-500x759.png 500w, https:\/\/pofix.com\/wp-content\/uploads\/2023\/05\/P-07Main.png 550w\" data-sizes=\"auto\" data-orig-sizes=\"(max-width: 198px) 100vw, 198px\" \/> <img decoding=\"async\" class=\"lazyload alignnone size-medium wp-image-20545\" src=\"https:\/\/pofix.com\/wp-content\/uploads\/2023\/05\/P-07Zoom-198x300.png\" data-orig-src=\"https:\/\/pofix.com\/wp-content\/uploads\/2023\/05\/P-07Zoom-198x300.png\" alt=\"\" width=\"198\" height=\"300\" srcset=\"data:image\/svg+xml,%3Csvg%20xmlns%3D%27http%3A%2F%2Fwww.w3.org%2F2000%2Fsvg%27%20width%3D%27198%27%20height%3D%27300%27%20viewBox%3D%270%200%20198%20300%27%3E%3Crect%20width%3D%27198%27%20height%3D%27300%27%20fill-opacity%3D%220%22%2F%3E%3C%2Fsvg%3E\" data-srcset=\"https:\/\/pofix.com\/wp-content\/uploads\/2023\/05\/P-07Zoom-198x300.png 198w, https:\/\/pofix.com\/wp-content\/uploads\/2023\/05\/P-07Zoom-200x304.png 200w, https:\/\/pofix.com\/wp-content\/uploads\/2023\/05\/P-07Zoom-400x607.png 400w, https:\/\/pofix.com\/wp-content\/uploads\/2023\/05\/P-07Zoom-500x759.png 500w, https:\/\/pofix.com\/wp-content\/uploads\/2023\/05\/P-07Zoom.png 550w\" data-sizes=\"auto\" data-orig-sizes=\"(max-width: 198px) 100vw, 198px\" \/><\/p>\n<\/p>\n<div class=\"table-1\">\n<table width=\"100%\">\n<thead>\n<tr>\n<th align=\"left\"><b>Specifikimet<\/b><\/th>\n<th align=\"left\">Parametrat<\/th>\n<\/tr>\n<\/thead>\n<tbody>\n<tr>\n<td align=\"left\">gjat\u00ebsia<\/td>\n<td align=\"left\"><span style=\"font-weight: 400;\">3000 mm<\/span><\/td>\n<\/tr>\n<tr>\n<td align=\"left\">gjer\u00ebsia<\/td>\n<td align=\"left\"><span style=\"font-weight: 400;\">50 mm<\/span><\/td>\n<\/tr>\n<tr>\n<td align=\"left\">lart\u00ebsia 45<\/td>\n<td align=\"left\"><span style=\"font-weight: 400;\">  mm<\/span><\/td>\n<\/tr>\n<tr>\n<td align=\"left\"><span style=\"font-weight: 400;\">Aplikacion<\/span><\/td>\n<td align=\"left\">Dizajn i brendshem<\/td>\n<\/tr>\n<tr>\n<td align=\"left\"><span style=\"font-weight: 400;\">gjat\u00ebsia e nj\u00ebr\u00ebs an\u00eb<\/span><\/td>\n<td align=\"left\"><span style=\"font-weight: 400;\">45 mm.<\/span><\/td>\n<\/tr>\n<tr>\n<td align=\"left\"><span style=\"font-weight: 400;\">gjat\u00ebsia e an\u00ebs s\u00eb dyt\u00eb<\/span><\/td>\n<td align=\"left\"><span style=\"font-weight: 400;\">45 mm.<\/span><\/td>\n<\/tr>\n<tr>\n<td align=\"left\"><span style=\"font-weight: 400;\">Materiali<\/span><\/td>\n<td align=\"left\"><span style=\"font-weight: 400;\">metalike<\/span><\/td>\n<\/tr>\n<tr>\n<td align=\"left\"><span style=\"font-weight: 400;\">Ngjyr\u00eb<\/span><\/td>\n<td align=\"left\"><img decoding=\"async\" class=\"lazyload alignnone size-full wp-image-20279\" src=\"data:image\/svg+xml,%3Csvg%20xmlns%3D%27http%3A%2F%2Fwww.w3.org%2F2000%2Fsvg%27%20width%3D%2725%27%20height%3D%2725%27%20viewBox%3D%270%200%2025%2025%27%3E%3Crect%20width%3D%2725%27%20height%3D%2725%27%20fill-opacity%3D%220%22%2F%3E%3C%2Fsvg%3E\" data-orig-src=\"https:\/\/pofix.com\/wp-content\/uploads\/2015\/10\/greeColor.png\" alt=\"\" width=\"25\" height=\"25\">  (Argjend)<\/td>\n<\/tr>\n<\/tbody>\n<\/table>\n<\/div>\n<p>\n","protected":false},"excerpt":{"rendered":"<p><strong>P-07 PROFILI i tavanit CD<\/strong><\/p>\n<p><span style=\"font-weight: 400;\"><strong>P-07<\/strong> \u00ebsht\u00eb nj\u00eb profil standard i tavanit me mur C. Profili i murit C mb\u00ebrthehet n\u00eb mur gjat\u00eb gjith\u00eb koh\u00ebs sipas lart\u00ebsis\u00eb s\u00eb d\u00ebshiruar t\u00eb instalimit. Kur krijoni nj\u00eb var\u00ebse tavani, veshje tavani ose shnd\u00ebrrim papafingo me profilet e tavanit Pofix CD, kushtojini v\u00ebmendje vizatimit p\u00ebrkat\u00ebs t\u00eb detajuar, p\u00ebr t\u00eb rritur q\u00ebndrueshm\u00ebrin\u00eb n\u00eb tavane, \u00ebsht\u00eb absolutisht e nevojshme vendosja e d\u00ebrrasave n\u00ebp\u00ebr profile (profili mbajt\u00ebs).<\/span><\/p>\n","protected":false},"featured_media":0,"template":"","meta":[],"product_brand":[],"product_cat":[342],"product_tag":[386,387,345],"class_list":{"0":"post-23305","1":"product","2":"type-product","3":"status-publish","5":"product_cat-profilet","6":"product_tag-cw50-sq","7":"product_tag-p-07-cw-profili-i-tavanit","8":"product_tag-pofix-sq-2","10":"first","11":"instock","12":"shipping-taxable","13":"purchasable","14":"product-type-simple"},"aioseo_notices":[],"_links":{"self":[{"href":"https:\/\/pofix.com\/sq\/wp-json\/wp\/v2\/product\/23305","targetHints":{"allow":["GET"]}}],"collection":[{"href":"https:\/\/pofix.com\/sq\/wp-json\/wp\/v2\/product"}],"about":[{"href":"https:\/\/pofix.com\/sq\/wp-json\/wp\/v2\/types\/product"}],"wp:attachment":[{"href":"https:\/\/pofix.com\/sq\/wp-json\/wp\/v2\/media?parent=23305"}],"wp:term":[{"taxonomy":"product_brand","embeddable":true,"href":"https:\/\/pofix.com\/sq\/wp-json\/wp\/v2\/product_brand?post=23305"},{"taxonomy":"product_cat","embeddable":true,"href":"https:\/\/pofix.com\/sq\/wp-json\/wp\/v2\/product_cat?post=23305"},{"taxonomy":"product_tag","embeddable":true,"href":"https:\/\/pofix.com\/sq\/wp-json\/wp\/v2\/product_tag?post=23305"}],"curies":[{"name":"wp","href":"https:\/\/api.w.org\/{rel}","templated":true}]}}