{"id":23286,"date":"2024-02-20T10:21:57","date_gmt":"2024-02-20T10:21:57","guid":{"rendered":"https:\/\/pofix.com\/product\/pofix-xps\/"},"modified":"2024-03-12T01:48:44","modified_gmt":"2024-03-12T01:48:44","slug":"pofix-xps","status":"publish","type":"product","link":"https:\/\/pofix.com\/sq\/product\/pofix-xps\/","title":{"rendered":"POFIX XPS"},"content":{"rendered":"<p><strong>POFIX XPS <\/strong><\/p>\n<p>Pllaka shkum\u00eb polistireni t\u00eb ekstruduara si nj\u00eb shtres\u00eb mbajt\u00ebse dhe\/ose izolim termik jasht\u00eb hidroizolimit<\/p>\n<p>Pllakat me shkum\u00eb polistireni t\u00eb ekstruduar synohen t\u00eb p\u00ebrdoren si shtresa mbajt\u00ebse dhe\/ose termoizoluese jasht\u00eb hidroizolimit. D\u00ebrrasat vendosen n\u00eb m\u00ebnyr\u00eb uniforme n\u00eb n\u00ebnshtres\u00ebn n\u00eb t\u00eb cil\u00ebn aplikohen. N\u00eb ve\u00e7anti, synohen aplikacionet e m\u00ebposhtme:<\/p>\n<ul>\n<li>Mbajt\u00ebse dhe termoizolim n\u00ebn pllakat e themelit<\/li>\n<li>Izolimi termik i jasht\u00ebm horizontal dhe vertikal i konstruksioneve n\u00eb tok\u00eb n\u00eb aplikime jo strukturore (gjithashtu n\u00eb rastin e uj\u00ebrave n\u00ebntok\u00ebsore)<\/li>\n<li>Izolimi i \u00e7atis\u00eb s\u00eb p\u00ebrmbysur (duke p\u00ebrfshir\u00eb aplikimet e kuvert\u00ebs s\u00eb parkut dhe \u00e7atis\u00eb s\u00eb gjelb\u00ebr).<\/li>\n<\/ul>\n<p><strong>P\u00ebrdorimi<\/strong><\/p>\n<p>Sipas seksionit p\u00ebr p\u00ebrdorimin e produktit, performanca zbatohet vet\u00ebm n\u00ebse pllakat termoizoluese jan\u00eb instaluar sipas udh\u00ebzimeve t\u00eb prodhuesit dhe jan\u00eb t\u00eb mbrojtura nga reshjet, lag\u00ebshtimi ose moti gjat\u00eb transportit dhe ruajtjes p\u00ebrpara instalimit.<br \/>\nRregulloret p\u00ebrkat\u00ebse komb\u00ebtare duhet t\u00eb respektohen edhe p\u00ebr aplikimin e pllakave termoizoluese.<\/p>\n<p>&nbsp;<\/p>\n<\/p>\n<div class=\"table-1\">\n<table width=\"100%\">\n<thead>\n<tr>\n<th align=\"left\"><b>Specifikimet teknike<\/b><\/th>\n<th align=\"left\">Parametrat<\/th>\n<\/tr>\n<\/thead>\n<tbody>\n<tr>\n<td align=\"left\">gjat\u00ebsia<\/td>\n<td align=\"left\"><span style=\"font-weight: 400;\">1250 mm<\/span><\/td>\n<\/tr>\n<tr>\n<td align=\"left\">Trashesit\u00eb nominale<\/td>\n<td align=\"left\"><span style=\"font-weight: 400;\">50 mm deri n\u00eb 200 mm<\/span><\/td>\n<\/tr>\n<tr>\n<td align=\"left\">Gjer\u00ebsia nominale<\/td>\n<td align=\"left\"><span style=\"font-weight: 400;\">600 mm.<\/span><\/td>\n<\/tr>\n<tr>\n<td align=\"left\"><b>Gama<\/b> <span style=\"font-weight: 400;\">e densitetit<\/span><\/td>\n<td align=\"left\"><span style=\"font-weight: 400;\">30 kg\/m3 (e testuar 33,6 kg<\/span> <b>\/m3)<\/b><\/td>\n<\/tr>\n<tr>\n<td align=\"left\"><span style=\"font-weight: 400;\">gjer\u00ebsia<\/span><\/td>\n<td align=\"left\"><span style=\"font-weight: 400;\">600 mm.<\/span><\/td>\n<\/tr>\n<tr>\n<td align=\"left\"><span style=\"font-weight: 400;\">Materiali<\/span><\/td>\n<td align=\"left\"><span style=\"font-weight: 400;\">Pllakat me shkum\u00eb polistireni t\u00eb ekstruduar<\/span> <b>POFIX XPS jan\u00eb<\/b> <span style=\"font-weight: 400;\">b\u00ebr\u00eb<\/span> <b>nga<\/b> <span style=\"font-weight: 400;\">materiali plastik i ngurt\u00eb qelizor<\/span> <b>i ekstruduar<\/b> <span style=\"font-weight: 400;\">nga polistireni ose nj\u00eb prej kopolimer\u00ebve t\u00eb tij,<\/span> <span style=\"font-weight: 400;\">i cili<\/span> <b>ka<\/b> <span style=\"font-weight: 400;\">nj\u00eb<\/span> <b>struktur\u00eb qelize t\u00eb mbyllur.<\/b><\/td>\n<\/tr>\n<tr>\n<td align=\"left\"><span style=\"font-weight: 400;\">Standardet EN dhe ISO p\u00ebr testin e produktit<\/span><\/td>\n<td align=\"left\">  EN 826:2013; EN 1602:2013; EN ISO 11925-2:2010; EN 13501-1:2013; EN 12667:2001; EN 12939:2001; EN A1:2015 aneksi C; EN 12087:2013 (metoda 2A); EN 12088:2013; EN 12091:2013; EN 12088; EN 823:2013; EN 822:2013; EN 824:2013; EN 826:2013; EN 1605:2013; EN 1604:2013; EN ISO 4590:2016 (metoda)<\/td>\n<\/tr>\n<tr>\n<td align=\"left\"><\/td>\n<td align=\"left\"> <img decoding=\"async\" class=\"lazyload alignnone size-full wp-image-20927\" src=\"data:image\/svg+xml,%3Csvg%20xmlns%3D%27http%3A%2F%2Fwww.w3.org%2F2000%2Fsvg%27%20width%3D%2730%27%20height%3D%2730%27%20viewBox%3D%270%200%2030%2030%27%3E%3Crect%20width%3D%2730%27%20height%3D%2730%27%20fill-opacity%3D%220%22%2F%3E%3C%2Fsvg%3E\" data-orig-src=\"https:\/\/pofix.com\/wp-content\/uploads\/2024\/02\/xpsColor.png\" alt=\"\" width=\"30\" height=\"30\"><\/td>\n<\/tr>\n<tr>\n<td align=\"left\">jet\u00ebn e pun\u00ebs<\/td>\n<td align=\"left\"><b>t\u00eb<\/b> <span style=\"font-weight: 400;\">pakt\u00ebn 50 vjet<\/span><\/td>\n<\/tr>\n<\/tbody>\n<\/table>\n<\/div>\n<p>\n","protected":false},"excerpt":{"rendered":"<p>Produkte termoizoluese. Pllaka shkum\u00eb polistireni t\u00eb ekstruduara si nj\u00eb shtres\u00eb mbajt\u00ebse dhe\/ose izolim termik jasht\u00eb hidroizolimit<\/p>\n","protected":false},"featured_media":0,"template":"","meta":[],"product_brand":[],"product_cat":[341,368],"product_tag":[349,345],"class_list":{"0":"post-23286","1":"product","2":"type-product","3":"status-publish","5":"product_cat-izolimi","6":"product_cat-pofix-xps-sq","7":"product_tag-p-11-profili-uw-tavani","8":"product_tag-pofix-sq-2","10":"first","11":"instock","12":"featured","13":"shipping-taxable","14":"purchasable","15":"product-type-simple"},"aioseo_notices":[],"_links":{"self":[{"href":"https:\/\/pofix.com\/sq\/wp-json\/wp\/v2\/product\/23286","targetHints":{"allow":["GET"]}}],"collection":[{"href":"https:\/\/pofix.com\/sq\/wp-json\/wp\/v2\/product"}],"about":[{"href":"https:\/\/pofix.com\/sq\/wp-json\/wp\/v2\/types\/product"}],"wp:attachment":[{"href":"https:\/\/pofix.com\/sq\/wp-json\/wp\/v2\/media?parent=23286"}],"wp:term":[{"taxonomy":"product_brand","embeddable":true,"href":"https:\/\/pofix.com\/sq\/wp-json\/wp\/v2\/product_brand?post=23286"},{"taxonomy":"product_cat","embeddable":true,"href":"https:\/\/pofix.com\/sq\/wp-json\/wp\/v2\/product_cat?post=23286"},{"taxonomy":"product_tag","embeddable":true,"href":"https:\/\/pofix.com\/sq\/wp-json\/wp\/v2\/product_tag?post=23286"}],"curies":[{"name":"wp","href":"https:\/\/api.w.org\/{rel}","templated":true}]}}