{"id":23282,"date":"2023-05-01T15:56:22","date_gmt":"2023-05-01T15:56:22","guid":{"rendered":"https:\/\/pofix.com\/product\/pofix-322\/"},"modified":"2024-03-12T01:48:45","modified_gmt":"2024-03-12T01:48:45","slug":"pofix-322","status":"publish","type":"product","link":"https:\/\/pofix.com\/sq\/product\/pofix-322\/","title":{"rendered":"POFIX 322"},"content":{"rendered":"<p><b>Lustrim<\/b><\/p>\n<p><span style=\"font-weight: 400;\"><strong>Pofix 322<\/strong> \u00ebsht\u00eb fabrikuar material-glazur\u00eb (glazur\u00eb p\u00ebrfundimi) n\u00eb baz\u00eb t\u00eb \u00e7imentos dhe g\u00eblqeres p\u00ebr mure t\u00eb brendshme dhe t\u00eb jashtme. P\u00ebrdoret p\u00ebr lustrimin e lla\u00e7eve baz\u00eb (Pofix 10, Pofix 090, etj), lla\u00e7eve delikate t\u00eb sip\u00ebrfaqeve t\u00eb betonit dhe vendeve m\u00eb pak t\u00eb lag\u00ebshta.<\/span><\/p>\n<p><span style=\"font-weight: 400;\">Kur t\u00eb jet\u00eb thar\u00eb plot\u00ebsisht, mund t\u00eb ngjyroset ose t\u00eb mbulohet me letra muri.<\/span><\/p>\n<p><img decoding=\"async\" class=\"lazyload alignnone size-medium wp-image-20322\" src=\"https:\/\/pofix.com\/wp-content\/uploads\/2023\/05\/imp-300x47.png\" data-orig-src=\"https:\/\/pofix.com\/wp-content\/uploads\/2023\/05\/imp-300x47.png\" alt=\"\" width=\"300\" height=\"47\" srcset=\"data:image\/svg+xml,%3Csvg%20xmlns%3D%27http%3A%2F%2Fwww.w3.org%2F2000%2Fsvg%27%20width%3D%27300%27%20height%3D%2747%27%20viewBox%3D%270%200%20300%2047%27%3E%3Crect%20width%3D%27300%27%20height%3D%2747%27%20fill-opacity%3D%220%22%2F%3E%3C%2Fsvg%3E\" data-srcset=\"https:\/\/pofix.com\/wp-content\/uploads\/2023\/05\/imp-200x32.png 200w, https:\/\/pofix.com\/wp-content\/uploads\/2023\/05\/imp-300x47.png 300w, https:\/\/pofix.com\/wp-content\/uploads\/2023\/05\/imp.png 355w\" data-sizes=\"auto\" data-orig-sizes=\"(max-width: 300px) 100vw, 300px\" \/><\/p>\n<\/p>\n<div class=\"table-1\">\n<table width=\"100%\">\n<thead>\n<tr>\n<th align=\"left\"><b>P\u00ebrgatitja dhe aplikimi<\/b><\/th>\n<th align=\"left\">Parametrat<\/th>\n<\/tr>\n<\/thead>\n<tbody>\n<tr>\n<td align=\"left\"><span style=\"font-weight: 400;\">Koha e aplikimit pas p\u00ebrzierjes me uj\u00eb<\/span><\/td>\n<td align=\"left\">20 min.<\/td>\n<\/tr>\n<tr>\n<td align=\"left\"><span style=\"font-weight: 400;\">Koha e tharjes s\u00eb materialit<\/span><\/td>\n<td align=\"left\"><span style=\"font-weight: 400;\">18 h.<\/span><\/td>\n<\/tr>\n<tr>\n<td align=\"left\"><span style=\"font-weight: 400;\">Trash\u00ebsia e aplikimit<\/span><\/td>\n<td align=\"left\"><span style=\"font-weight: 400;\">1.5 mm.<\/span><\/td>\n<\/tr>\n<tr>\n<td align=\"left\"><span style=\"font-weight: 400;\">Granulimi<\/span><\/td>\n<td align=\"left\"><span style=\"font-weight: 400;\">0.6 mm.<\/span><\/td>\n<\/tr>\n<tr>\n<td align=\"left\"><span style=\"font-weight: 400;\">Konsumi<\/span><\/td>\n<td align=\"left\"><span style=\"font-weight: 400;\">1.5 kg\/m2.<\/span><\/td>\n<\/tr>\n<tr>\n<td align=\"left\"><span style=\"font-weight: 400;\">Temperatura e ajrit dhe e sip\u00ebrfaqes<\/span><\/td>\n<td align=\"left\"><span style=\"font-weight: 400;\">+5\/+35\u00b0C<\/span><\/td>\n<\/tr>\n<tr>\n<td align=\"left\"><span style=\"font-weight: 400;\">Ngjyr\u00eb<\/span><\/td>\n<td align=\"left\"><img decoding=\"async\" class=\"lazyload alignnone size-full wp-image-20295\" src=\"data:image\/svg+xml,%3Csvg%20xmlns%3D%27http%3A%2F%2Fwww.w3.org%2F2000%2Fsvg%27%20width%3D%2725%27%20height%3D%2725%27%20viewBox%3D%270%200%2025%2025%27%3E%3Crect%20width%3D%2725%27%20height%3D%2725%27%20fill-opacity%3D%220%22%2F%3E%3C%2Fsvg%3E\" data-orig-src=\"https:\/\/pofix.com\/wp-content\/uploads\/2023\/05\/white.png\" alt=\"\" width=\"25\" height=\"25\"><\/td>\n<\/tr>\n<tr>\n<td align=\"left\"><span style=\"font-weight: 400;\">Qese kg<\/span><\/td>\n<td align=\"left\"><span style=\"font-weight: 400;\">20<\/span><\/td>\n<\/tr>\n<tr>\n<td align=\"left\"><span style=\"font-weight: 400;\">\u00c7anta\/palet\u00eb<\/span><\/td>\n<td align=\"left\">60<\/td>\n<\/tr>\n<\/tbody>\n<\/table>\n<\/div>\n<p>\n","protected":false},"excerpt":{"rendered":"<p><b><span style=\"font-weight: 400;\"><strong>Pofix 322<\/strong><\/span> Lustrim<\/b><\/p>\n<p><span style=\"font-weight: 400;\">\u00ebsht\u00eb fabrikuar material-glazur\u00eb (glazur\u00eb p\u00ebrfundimi) me baz\u00eb \u00e7imento dhe g\u00eblqere p\u00ebr mure t\u00eb brendshme dhe t\u00eb jashtme. P\u00ebrdoret p\u00ebr lustrimin e lla\u00e7eve baz\u00eb (Pofix 10, Pofix 090, etj), lla\u00e7eve delikate t\u00eb sip\u00ebrfaqeve t\u00eb betonit dhe vendeve m\u00eb pak t\u00eb lag\u00ebshta.<\/span><\/p>\n<p><span style=\"font-weight: 400;\">Kur t\u00eb jet\u00eb thar\u00eb plot\u00ebsisht, mund t\u00eb ngjyroset ose t\u00eb mbulohet me letra muri.<\/span><\/p>\n","protected":false},"featured_media":0,"template":"","meta":[],"product_brand":[],"product_cat":[319,251],"product_tag":[320,340,363,289],"class_list":{"0":"post-23282","1":"product","2":"type-product","3":"status-publish","5":"product_cat-llac-rrafshim","6":"product_cat-produktet-minerale","7":"product_tag-llac-rrafshues","8":"product_tag-lustrim","9":"product_tag-pofix-322-sq","10":"product_tag-produktet-minerale","12":"first","13":"instock","14":"shipping-taxable","15":"purchasable","16":"product-type-simple"},"aioseo_notices":[],"_links":{"self":[{"href":"https:\/\/pofix.com\/sq\/wp-json\/wp\/v2\/product\/23282","targetHints":{"allow":["GET"]}}],"collection":[{"href":"https:\/\/pofix.com\/sq\/wp-json\/wp\/v2\/product"}],"about":[{"href":"https:\/\/pofix.com\/sq\/wp-json\/wp\/v2\/types\/product"}],"wp:attachment":[{"href":"https:\/\/pofix.com\/sq\/wp-json\/wp\/v2\/media?parent=23282"}],"wp:term":[{"taxonomy":"product_brand","embeddable":true,"href":"https:\/\/pofix.com\/sq\/wp-json\/wp\/v2\/product_brand?post=23282"},{"taxonomy":"product_cat","embeddable":true,"href":"https:\/\/pofix.com\/sq\/wp-json\/wp\/v2\/product_cat?post=23282"},{"taxonomy":"product_tag","embeddable":true,"href":"https:\/\/pofix.com\/sq\/wp-json\/wp\/v2\/product_tag?post=23282"}],"curies":[{"name":"wp","href":"https:\/\/api.w.org\/{rel}","templated":true}]}}