{"id":23267,"date":"2024-02-29T15:30:40","date_gmt":"2024-02-29T15:30:40","guid":{"rendered":"https:\/\/pofix.com\/product\/pofix-grafit-eps\/"},"modified":"2024-03-12T01:48:47","modified_gmt":"2024-03-12T01:48:47","slug":"pofix-grafit-eps","status":"publish","type":"product","link":"https:\/\/pofix.com\/sq\/product\/pofix-grafit-eps\/","title":{"rendered":"POFIX GRAFIT EPS"},"content":{"rendered":"<p><strong>POFIX THERM EPS  <\/strong><\/p>\n<p>Pllaka me shkum\u00eb polistiren t\u00eb zgjeruar p\u00ebr izolim efikas dhe aplikime t\u00eb gjithanshme t\u00eb nd\u00ebrtesave<\/p>\n<p>Pllakat me shkum\u00eb POFIX THERM EPS jan\u00eb projektuar p\u00ebr t\u00eb qen\u00eb komponent\u00eb thelb\u00ebsor\u00eb izolues n\u00eb struktura t\u00eb ndryshme nd\u00ebrtesash. T\u00eb prodhuara nga polistiren i zgjeruar me cil\u00ebsi t\u00eb lart\u00eb, k\u00ebto pllaka jan\u00eb t\u00eb destinuara p\u00ebr izolim termik dhe aplikime specifike ku izolimi i leht\u00eb dhe i gjithansh\u00ebm \u00ebsht\u00eb thelb\u00ebsor. Pllakat e shkum\u00ebs aplikohen pa probleme n\u00eb n\u00ebnshtres\u00eb, duke rritur efikasitetin e energjis\u00eb n\u00eb t\u00eb gjith\u00eb nd\u00ebrtes\u00ebn. Aplikacionet kryesore p\u00ebrfshijn\u00eb:<\/p>\n<ul>\n<li><strong>Izolim efikas p\u00ebr muret dhe tavanet<\/strong> : Ideale p\u00ebr izolimin e nd\u00ebrtesave t\u00eb banimit dhe zyrave, shkollave, spitaleve dhe ambienteve t\u00eb ruajtjes s\u00eb ftoht\u00eb, duke siguruar nj\u00eb penges\u00eb kund\u00ebr humbjes dhe fitimit t\u00eb nxeht\u00ebsis\u00eb<\/li>\n<li><strong>Izolimi i dyshemes\u00eb<\/strong> : Si nj\u00eb shtres\u00eb baz\u00eb, duke ofruar izolim termik dhe rehati n\u00ebn k\u00ebmb\u00eb n\u00eb aplikime t\u00eb ndryshme t\u00eb dyshemeve<\/li>\n<li><strong>Izolimi i \u00e7atis\u00eb<\/strong> : I p\u00ebrshtatsh\u00ebm p\u00ebr instalime tradicionale, t\u00eb p\u00ebrmbysura dhe t\u00eb gjelbra t\u00eb \u00e7atis\u00eb, duke siguruar efikasitet termik nga lart-posht\u00eb dhe mbrojtje ndaj elementeve.<\/li>\n<\/ul>\n<p><strong>P\u00ebrdorimi<\/strong><\/p>\n<p>Performanca optimale e pllakave me shkum\u00eb POFIX THERM EPS arrihet kur instalohen duke ndjekur udh\u00ebzimet e prodhuesit ton\u00eb, duke siguruar q\u00eb pllakat t\u00eb mbrohen nga reshjet, lag\u00ebshtimi ose moti gjat\u00eb transportit dhe ruajtjes. Instalimi duhet gjithashtu t\u00eb jet\u00eb n\u00eb p\u00ebrputhje me rregulloret komb\u00ebtare t\u00eb nd\u00ebrtimit p\u00ebr p\u00ebrdorimin e materialeve izoluese EPS.<\/p>\n<p>&nbsp;<\/p>\n<\/p>\n<div class=\"table-1\">\n<table width=\"100%\">\n<thead>\n<tr>\n<th align=\"left\"><b>Specifikimet teknike<\/b><\/th>\n<th align=\"left\">Parametrat<\/th>\n<\/tr>\n<\/thead>\n<tbody>\n<tr>\n<td align=\"left\">gjat\u00ebsia<\/td>\n<td align=\"left\"><span style=\"font-weight: 400;\">1250 mm<\/span><\/td>\n<\/tr>\n<tr>\n<td align=\"left\">Trashesit\u00eb nominale<\/td>\n<td align=\"left\"><span style=\"font-weight: 400;\">10 mm deri n\u00eb 1000 mm<\/span><\/td>\n<\/tr>\n<tr>\n<td align=\"left\">Gjer\u00ebsia nominale<\/td>\n<td align=\"left\"><span style=\"font-weight: 400;\">600 mm &#8211; 1000 mm<\/span><\/td>\n<\/tr>\n<tr>\n<td align=\"left\"><b>Gama<\/b> <span style=\"font-weight: 400;\">e densitetit<\/span><\/td>\n<td align=\"left\"><span style=\"font-weight: 400;\">15kg\/m3, 17kg\/m3, 20kg\/m3, 22kg\/m3, 25kg\/m3 dhe 30kg\/m3<\/span><\/td>\n<\/tr>\n<tr>\n<td align=\"left\"><span style=\"font-weight: 400;\">gjer\u00ebsia<\/span><\/td>\n<td align=\"left\"><span style=\"font-weight: 400;\">10 mm &#8211; 1000 mm<\/span><\/td>\n<\/tr>\n<tr>\n<td align=\"left\"><span style=\"font-weight: 400;\">Materiali<\/span><\/td>\n<td align=\"left\"><strong>Polistireni i zgjeruar (EPS)<\/strong> \u00ebsht\u00eb nj\u00eb material izolues me shkum\u00eb i leht\u00eb, i ngurt\u00eb, plastik i prodhuar nga rruaza t\u00eb forta polistireni<\/td>\n<\/tr>\n<tr>\n<td align=\"left\"><span style=\"font-weight: 400;\">Standardet EN dhe ISO p\u00ebr testin e produktit<\/span><\/td>\n<td align=\"left\">  EN 826:2013; EN 1602:2013; EN ISO 11925-2:2010; EN 13501-1:2013; EN 12667:2001; EN 12939:2001; EN A1:2015 aneksi C; EN 12087:2013 (metoda 2A); EN 12088:2013; EN 12091:2013; EN 12088; EN 823:2013; EN 822:2013; EN 824:2013; EN 826:2013; EN 1605:2013; EN 1604:2013; EN ISO 4590:2016 (metoda)<\/td>\n<\/tr>\n<tr>\n<td align=\"left\"><\/td>\n<td align=\"left\"> <img decoding=\"async\" class=\"lazyload alignnone wp-image-20295\" src=\"data:image\/svg+xml,%3Csvg%20xmlns%3D%27http%3A%2F%2Fwww.w3.org%2F2000%2Fsvg%27%20width%3D%2732%27%20height%3D%2732%27%20viewBox%3D%270%200%2032%2032%27%3E%3Crect%20width%3D%2732%27%20height%3D%2732%27%20fill-opacity%3D%220%22%2F%3E%3C%2Fsvg%3E\" data-orig-src=\"https:\/\/pofix.com\/wp-content\/uploads\/2023\/05\/white.png\" alt=\"\" width=\"32\" height=\"32\"><\/td>\n<\/tr>\n<tr>\n<td align=\"left\">jet\u00ebn e pun\u00ebs<\/td>\n<td align=\"left\"><b>t\u00eb<\/b> <span style=\"font-weight: 400;\">pakt\u00ebn 30 vjet<\/span><\/td>\n<\/tr>\n<\/tbody>\n<\/table>\n<\/div>\n<p>\n","protected":false},"excerpt":{"rendered":"<p>Pllakat me shkum\u00eb POFIX THERM EPS jan\u00eb projektuar p\u00ebr t\u00eb qen\u00eb komponent\u00eb thelb\u00ebsor\u00eb izolues n\u00eb struktura t\u00eb ndryshme nd\u00ebrtesash. T\u00eb prodhuara nga polistiren i zgjeruar me cil\u00ebsi t\u00eb lart\u00eb, k\u00ebto pllaka jan\u00eb t\u00eb destinuara p\u00ebr izolim termik dhe aplikime specifike ku izolimi i leht\u00eb dhe i gjithansh\u00ebm \u00ebsht\u00eb thelb\u00ebsor.<\/p>\n","protected":false},"featured_media":0,"template":"","meta":[],"product_brand":[],"product_cat":[341,343],"product_tag":[349,345],"class_list":{"0":"post-23267","1":"product","2":"type-product","3":"status-publish","5":"product_cat-izolimi","6":"product_cat-pofix-therm-eps-sq","7":"product_tag-p-11-profili-uw-tavani","8":"product_tag-pofix-sq-2","10":"first","11":"instock","12":"featured","13":"shipping-taxable","14":"purchasable","15":"product-type-simple"},"aioseo_notices":[],"_links":{"self":[{"href":"https:\/\/pofix.com\/sq\/wp-json\/wp\/v2\/product\/23267","targetHints":{"allow":["GET"]}}],"collection":[{"href":"https:\/\/pofix.com\/sq\/wp-json\/wp\/v2\/product"}],"about":[{"href":"https:\/\/pofix.com\/sq\/wp-json\/wp\/v2\/types\/product"}],"wp:attachment":[{"href":"https:\/\/pofix.com\/sq\/wp-json\/wp\/v2\/media?parent=23267"}],"wp:term":[{"taxonomy":"product_brand","embeddable":true,"href":"https:\/\/pofix.com\/sq\/wp-json\/wp\/v2\/product_brand?post=23267"},{"taxonomy":"product_cat","embeddable":true,"href":"https:\/\/pofix.com\/sq\/wp-json\/wp\/v2\/product_cat?post=23267"},{"taxonomy":"product_tag","embeddable":true,"href":"https:\/\/pofix.com\/sq\/wp-json\/wp\/v2\/product_tag?post=23267"}],"curies":[{"name":"wp","href":"https:\/\/api.w.org\/{rel}","templated":true}]}}