{"id":23266,"date":"2023-05-01T15:22:53","date_gmt":"2023-05-01T15:22:53","guid":{"rendered":"https:\/\/pofix.com\/product\/pofix-200\/"},"modified":"2024-03-12T01:48:39","modified_gmt":"2024-03-12T01:48:39","slug":"pofix-200","status":"publish","type":"product","link":"https:\/\/pofix.com\/sq\/product\/pofix-200\/","title":{"rendered":"POFIX 200"},"content":{"rendered":"<p><b>Lustrim<\/b><\/p>\n<p><span style=\"font-weight: 400;\"><strong>Pofix 200<\/strong> \u00ebsht\u00eb material pluhur-lustrim n\u00eb baz\u00eb suvaje p\u00ebr muret e brendshme t\u00eb p\u00ebrdorura me dor\u00eb. P\u00ebrdoret p\u00ebr rrafshimin e mureve n\u00eb shtresa t\u00eb holla, p\u00ebr l\u00ebmimin e sip\u00ebrfaqeve t\u00eb vrazhda dhe korrigjime t\u00eb ndryshme n\u00eb sip\u00ebrfaqe (p.sh. p\u00ebr mbushjen e \u00e7arjeve). Shtrohet pasi t\u00eb jet\u00eb thar\u00eb plot\u00ebsisht lla\u00e7i baz\u00eb (Pofix 10, Pofix 090, etj). Pasi t\u00eb jet\u00eb thar\u00eb plot\u00ebsisht, muret mund t\u00eb ngjyrosen ose mund t\u00eb vendosen n\u00eb mure letre, etj. P\u00ebrpara aplikimit t\u00eb Pofix 200, rekomandohet p\u00ebrdorimi i Potiefgrund.<\/span><\/p>\n<p><img decoding=\"async\" class=\"lazyload alignnone size-medium wp-image-20322\" src=\"https:\/\/pofix.com\/wp-content\/uploads\/2023\/05\/imp-300x47.png\" data-orig-src=\"https:\/\/pofix.com\/wp-content\/uploads\/2023\/05\/imp-300x47.png\" alt=\"\" width=\"300\" height=\"47\" srcset=\"data:image\/svg+xml,%3Csvg%20xmlns%3D%27http%3A%2F%2Fwww.w3.org%2F2000%2Fsvg%27%20width%3D%27300%27%20height%3D%2747%27%20viewBox%3D%270%200%20300%2047%27%3E%3Crect%20width%3D%27300%27%20height%3D%2747%27%20fill-opacity%3D%220%22%2F%3E%3C%2Fsvg%3E\" data-srcset=\"https:\/\/pofix.com\/wp-content\/uploads\/2023\/05\/imp-200x32.png 200w, https:\/\/pofix.com\/wp-content\/uploads\/2023\/05\/imp-300x47.png 300w, https:\/\/pofix.com\/wp-content\/uploads\/2023\/05\/imp.png 355w\" data-sizes=\"auto\" data-orig-sizes=\"(max-width: 300px) 100vw, 300px\" \/><\/p>\n<\/p>\n<div class=\"table-1\">\n<table width=\"100%\">\n<thead>\n<tr>\n<th align=\"left\"><b>P\u00ebrgatitja dhe aplikimi<\/b><\/th>\n<th align=\"left\">Parametrat<\/th>\n<\/tr>\n<\/thead>\n<tbody>\n<tr>\n<td align=\"left\"><span style=\"font-weight: 400;\">Koha e aplikimit pas p\u00ebrzierjes me uj\u00eb<\/span><\/td>\n<td align=\"left\">60 min.<\/td>\n<\/tr>\n<tr>\n<td align=\"left\"><span style=\"font-weight: 400;\">Koha e tharjes s\u00eb materialit<\/span><\/td>\n<td align=\"left\"><span style=\"font-weight: 400;\">24 h.<\/span><\/td>\n<\/tr>\n<tr>\n<td align=\"left\"><span style=\"font-weight: 400;\">Trash\u00ebsia e aplikimit<\/span><\/td>\n<td align=\"left\"><span style=\"font-weight: 400;\">1.5 mm.<\/span><\/td>\n<\/tr>\n<tr>\n<td align=\"left\"><span style=\"font-weight: 400;\">Granulimi<\/span><\/td>\n<td align=\"left\"><span style=\"font-weight: 400;\">0 &#8211; 0,5 mm.<\/span><\/td>\n<\/tr>\n<tr>\n<td align=\"left\"><span style=\"font-weight: 400;\">Konsumi<\/span><\/td>\n<td align=\"left\"><span style=\"font-weight: 400;\">1.5 kg\/m2.<\/span><\/td>\n<\/tr>\n<tr>\n<td align=\"left\"><span style=\"font-weight: 400;\">Temperatura e ajrit dhe e sip\u00ebrfaqes<\/span><\/td>\n<td align=\"left\"><span style=\"font-weight: 400;\">+5\/+35\u00b0C<\/span><\/td>\n<\/tr>\n<tr>\n<td align=\"left\"><span style=\"font-weight: 400;\">Ngjyr\u00eb<\/span><\/td>\n<td align=\"left\"><img decoding=\"async\" class=\"lazyload alignnone size-full wp-image-20295\" src=\"data:image\/svg+xml,%3Csvg%20xmlns%3D%27http%3A%2F%2Fwww.w3.org%2F2000%2Fsvg%27%20width%3D%2725%27%20height%3D%2725%27%20viewBox%3D%270%200%2025%2025%27%3E%3Crect%20width%3D%2725%27%20height%3D%2725%27%20fill-opacity%3D%220%22%2F%3E%3C%2Fsvg%3E\" data-orig-src=\"https:\/\/pofix.com\/wp-content\/uploads\/2023\/05\/white.png\" alt=\"\" width=\"25\" height=\"25\"><\/td>\n<\/tr>\n<tr>\n<td align=\"left\"><span style=\"font-weight: 400;\">Qese kg<\/span><\/td>\n<td align=\"left\"><span style=\"font-weight: 400;\">20<\/span><\/td>\n<\/tr>\n<tr>\n<td align=\"left\"><span style=\"font-weight: 400;\">\u00c7anta\/palet\u00eb<\/span><\/td>\n<td align=\"left\">60<\/td>\n<\/tr>\n<\/tbody>\n<\/table>\n<\/div>\n<p>\n","protected":false},"excerpt":{"rendered":"<p><b>Lustrim <span style=\"font-weight: 400;\"><strong>Pofix 200<\/strong><\/span><\/b><\/p>\n<p><span style=\"font-weight: 400;\">\u00ebsht\u00eb material pluhur-lustrim n\u00eb baz\u00eb suvaje p\u00ebr muret e brendshme q\u00eb p\u00ebrdoret me dor\u00eb. P\u00ebrdoret p\u00ebr rrafshimin e mureve n\u00eb shtresa t\u00eb holla, p\u00ebr l\u00ebmimin e sip\u00ebrfaqeve t\u00eb vrazhda dhe korrigjime t\u00eb ndryshme n\u00eb sip\u00ebrfaqe (p.sh. p\u00ebr mbushjen e \u00e7arjeve). Shtrohet pasi t\u00eb jet\u00eb thar\u00eb plot\u00ebsisht lla\u00e7i baz\u00eb (Pofix 10, Pofix 090, etj). Pasi t\u00eb jet\u00eb thar\u00eb plot\u00ebsisht, muret mund t\u00eb ngjyrosen ose mund t\u00eb vendosen n\u00eb mure letre, etj. P\u00ebrpara aplikimit t\u00eb Pofix 200, rekomandohet p\u00ebrdorimi i Potiefgrund.<\/span><\/p>\n","protected":false},"featured_media":0,"template":"","meta":[],"product_brand":[],"product_cat":[319,251],"product_tag":[320,340,339,289],"class_list":{"0":"post-23266","1":"product","2":"type-product","3":"status-publish","5":"product_cat-llac-rrafshim","6":"product_cat-produktet-minerale","7":"product_tag-llac-rrafshues","8":"product_tag-lustrim","9":"product_tag-pofix-200-sq","10":"product_tag-produktet-minerale","12":"first","13":"instock","14":"shipping-taxable","15":"purchasable","16":"product-type-simple"},"aioseo_notices":[],"_links":{"self":[{"href":"https:\/\/pofix.com\/sq\/wp-json\/wp\/v2\/product\/23266","targetHints":{"allow":["GET"]}}],"collection":[{"href":"https:\/\/pofix.com\/sq\/wp-json\/wp\/v2\/product"}],"about":[{"href":"https:\/\/pofix.com\/sq\/wp-json\/wp\/v2\/types\/product"}],"wp:attachment":[{"href":"https:\/\/pofix.com\/sq\/wp-json\/wp\/v2\/media?parent=23266"}],"wp:term":[{"taxonomy":"product_brand","embeddable":true,"href":"https:\/\/pofix.com\/sq\/wp-json\/wp\/v2\/product_brand?post=23266"},{"taxonomy":"product_cat","embeddable":true,"href":"https:\/\/pofix.com\/sq\/wp-json\/wp\/v2\/product_cat?post=23266"},{"taxonomy":"product_tag","embeddable":true,"href":"https:\/\/pofix.com\/sq\/wp-json\/wp\/v2\/product_tag?post=23266"}],"curies":[{"name":"wp","href":"https:\/\/api.w.org\/{rel}","templated":true}]}}