{"id":23233,"date":"2023-05-01T13:55:39","date_gmt":"2023-05-01T13:55:39","guid":{"rendered":"https:\/\/pofix.com\/product\/pofix-90\/"},"modified":"2024-03-12T01:47:28","modified_gmt":"2024-03-12T01:47:28","slug":"pofix-90","status":"publish","type":"product","link":"https:\/\/pofix.com\/sq\/product\/pofix-90\/","title":{"rendered":"POFIX-90"},"content":{"rendered":"<p><strong>Lla\u00e7 me baz\u00eb gipsi<\/strong><\/p>\n<p><strong>Pofix 90<\/strong> \u00ebsht\u00eb lla\u00e7 me gips, g\u00eblqere dhe primer aditiv p\u00ebr aplikim me makin\u00eb dhe me dor\u00eb. P\u00ebrdoret si lla\u00e7 baz\u00eb p\u00ebr p\u00ebrfundimin e lla\u00e7it me p\u00ebrmbajtje minerali, lla\u00e7 strukturor dhe lla\u00e7 rr\u00ebshqit\u00ebs. Aplikohet n\u00eb mure t\u00eb brendshme, tulla, blloqe betoni, sip\u00ebrfaqe betoni t\u00eb ashp\u00ebr, tavane etj. P\u00ebrdorimi i Pobetonconactit \u00ebsht\u00eb thelb\u00ebsor n\u00eb sip\u00ebrfaqet e l\u00ebmuara t\u00eb betonit.<\/p>\n<p><img decoding=\"async\" class=\"lazyload alignnone size-full wp-image-20274\" src=\"https:\/\/pofix.com\/wp-content\/uploads\/2015\/10\/Preparation-and-Application.png\" data-orig-src=\"https:\/\/pofix.com\/wp-content\/uploads\/2015\/10\/Preparation-and-Application.png\" alt=\"\" width=\"281\" height=\"55\" srcset=\"data:image\/svg+xml,%3Csvg%20xmlns%3D%27http%3A%2F%2Fwww.w3.org%2F2000%2Fsvg%27%20width%3D%27281%27%20height%3D%2755%27%20viewBox%3D%270%200%20281%2055%27%3E%3Crect%20width%3D%27281%27%20height%3D%2755%27%20fill-opacity%3D%220%22%2F%3E%3C%2Fsvg%3E\" data-srcset=\"https:\/\/pofix.com\/wp-content\/uploads\/2015\/10\/Preparation-and-Application-200x39.png 200w, https:\/\/pofix.com\/wp-content\/uploads\/2015\/10\/Preparation-and-Application.png 281w\" data-sizes=\"auto\" data-orig-sizes=\"(max-width: 281px) 100vw, 281px\" \/><\/p>\n<\/p>\n<div class=\"table-1\">\n<table width=\"100%\">\n<thead>\n<tr>\n<th align=\"left\"><b>P\u00ebrgatitja dhe aplikimi<\/b><\/th>\n<th align=\"left\">Parametrat<\/th>\n<\/tr>\n<\/thead>\n<tbody>\n<tr>\n<td align=\"left\"><span style=\"font-weight: 400;\">Koha e aplikimit pas p\u00ebrzierjes me uj\u00eb<\/span><\/td>\n<td align=\"left\">\/<\/td>\n<\/tr>\n<tr>\n<td align=\"left\"><span style=\"font-weight: 400;\">Koha e tharjes s\u00eb materialit<\/span><\/td>\n<td align=\"left\"><span style=\"font-weight: 400;\">24 h.<\/span><\/td>\n<\/tr>\n<tr>\n<td align=\"left\"><span style=\"font-weight: 400;\">Trash\u00ebsia e aplikimit<\/span><\/td>\n<td align=\"left\"> <span style=\"font-weight: 400;\">18 mm.<\/span><\/td>\n<\/tr>\n<tr>\n<td align=\"left\"><span style=\"font-weight: 400;\">Granulimi<\/span><\/td>\n<td align=\"left\"><span style=\"font-weight: 400;\">0-1,3 mm.<\/span><\/td>\n<\/tr>\n<tr>\n<td align=\"left\"><span style=\"font-weight: 400;\">Konsumi<\/span><\/td>\n<td align=\"left\"><span style=\"font-weight: 400;\">15 kg\/m2.<\/span><\/td>\n<\/tr>\n<tr>\n<td align=\"left\"><span style=\"font-weight: 400;\">Temperatura e ajrit dhe e sip\u00ebrfaqes<\/span><\/td>\n<td align=\"left\"><span style=\"font-weight: 400;\">+5\/+35\u00b0C<\/span><\/td>\n<\/tr>\n<tr>\n<td align=\"left\"><span style=\"font-weight: 400;\">Ngjyr\u00eb<\/span><\/td>\n<td align=\"left\"><img decoding=\"async\" class=\"lazyload alignnone size-full wp-image-20279\" src=\"data:image\/svg+xml,%3Csvg%20xmlns%3D%27http%3A%2F%2Fwww.w3.org%2F2000%2Fsvg%27%20width%3D%2725%27%20height%3D%2725%27%20viewBox%3D%270%200%2025%2025%27%3E%3Crect%20width%3D%2725%27%20height%3D%2725%27%20fill-opacity%3D%220%22%2F%3E%3C%2Fsvg%3E\" data-orig-src=\"https:\/\/pofix.com\/wp-content\/uploads\/2015\/10\/greeColor.png\" alt=\"\" width=\"25\" height=\"25\"><\/td>\n<\/tr>\n<tr>\n<td align=\"left\"><span style=\"font-weight: 400;\">Qese kg<\/span><\/td>\n<td align=\"left\"><span style=\"font-weight: 400;\">30<\/span><\/td>\n<\/tr>\n<tr>\n<td align=\"left\"><span style=\"font-weight: 400;\">\u00c7anta\/palet\u00eb<\/span><\/td>\n<td align=\"left\">42<\/td>\n<\/tr>\n<\/tbody>\n<\/table>\n<\/div>\n<p>\n","protected":false},"excerpt":{"rendered":"<p><strong>Pofix 90 &#8211; Lla\u00e7 me baz\u00eb gipsi<\/strong><\/p>\n<p>\u00ebsht\u00eb lla\u00e7 me gips, g\u00eblqere dhe abetare aditiv p\u00ebr aplikim me makin\u00eb dhe me dor\u00eb. P\u00ebrdoret si lla\u00e7 baz\u00eb p\u00ebr p\u00ebrfundimin e lla\u00e7it me p\u00ebrmbajtje minerali, lla\u00e7 strukturor dhe lla\u00e7 rr\u00ebshqit\u00ebs. Aplikohet n\u00eb mure t\u00eb brendshme, tulla, blloqe betoni, sip\u00ebrfaqe betoni t\u00eb ashp\u00ebr, tavane etj. P\u00ebrdorimi i Pobetonconactit \u00ebsht\u00eb thelb\u00ebsor n\u00eb sip\u00ebrfaqet e l\u00ebmuara t\u00eb betonit.<\/p>\n","protected":false},"featured_media":0,"template":"","meta":[],"product_brand":[],"product_cat":[255,251],"product_tag":[324,291,325,289],"class_list":{"0":"post-23233","1":"product","2":"type-product","3":"status-publish","5":"product_cat-llacet-themelore","6":"product_cat-produktet-minerale","7":"product_tag-llac-me-baze-gipsi","8":"product_tag-llacat-themelore","9":"product_tag-pofix-90-sq","10":"product_tag-produktet-minerale","12":"first","13":"instock","14":"shipping-taxable","15":"purchasable","16":"product-type-simple"},"aioseo_notices":[],"_links":{"self":[{"href":"https:\/\/pofix.com\/sq\/wp-json\/wp\/v2\/product\/23233","targetHints":{"allow":["GET"]}}],"collection":[{"href":"https:\/\/pofix.com\/sq\/wp-json\/wp\/v2\/product"}],"about":[{"href":"https:\/\/pofix.com\/sq\/wp-json\/wp\/v2\/types\/product"}],"wp:attachment":[{"href":"https:\/\/pofix.com\/sq\/wp-json\/wp\/v2\/media?parent=23233"}],"wp:term":[{"taxonomy":"product_brand","embeddable":true,"href":"https:\/\/pofix.com\/sq\/wp-json\/wp\/v2\/product_brand?post=23233"},{"taxonomy":"product_cat","embeddable":true,"href":"https:\/\/pofix.com\/sq\/wp-json\/wp\/v2\/product_cat?post=23233"},{"taxonomy":"product_tag","embeddable":true,"href":"https:\/\/pofix.com\/sq\/wp-json\/wp\/v2\/product_tag?post=23233"}],"curies":[{"name":"wp","href":"https:\/\/api.w.org\/{rel}","templated":true}]}}