{"id":23222,"date":"2023-05-01T14:58:09","date_gmt":"2023-05-01T14:58:09","guid":{"rendered":"https:\/\/pofix.com\/product\/pofix-fino\/"},"modified":"2024-03-12T01:47:39","modified_gmt":"2024-03-12T01:47:39","slug":"pofix-fino","status":"publish","type":"product","link":"https:\/\/pofix.com\/sq\/product\/pofix-fino\/","title":{"rendered":"POFIX FINO"},"content":{"rendered":"<p><strong>Lla\u00e7 \u00e7imentoje baz\u00eb<\/strong><\/p>\n<p><span style=\"font-weight: 400;\"><strong>Pofix fino<\/strong> \u00ebsht\u00eb lla\u00e7 \u00e7imento g\u00eblqereje me aditiv\u00eb p\u00ebr shtrimin manual.<\/span><\/p>\n<p><span style=\"font-weight: 400;\">Aplikohet n\u00eb dy shtresa t\u00eb mureve t\u00eb brendshme dhe t\u00eb jashtme pas aplikimit t\u00eb lla\u00e7it baz\u00eb.<\/span><\/p>\n<p><img decoding=\"async\" class=\"lazyload alignnone size-full wp-image-20316\" src=\"https:\/\/pofix.com\/wp-content\/uploads\/2023\/05\/Impl-1.png\" data-orig-src=\"https:\/\/pofix.com\/wp-content\/uploads\/2023\/05\/Impl-1.png\" alt=\"\" width=\"211\" height=\"55\" srcset=\"data:image\/svg+xml,%3Csvg%20xmlns%3D%27http%3A%2F%2Fwww.w3.org%2F2000%2Fsvg%27%20width%3D%27211%27%20height%3D%2755%27%20viewBox%3D%270%200%20211%2055%27%3E%3Crect%20width%3D%27211%27%20height%3D%2755%27%20fill-opacity%3D%220%22%2F%3E%3C%2Fsvg%3E\" data-srcset=\"https:\/\/pofix.com\/wp-content\/uploads\/2023\/05\/Impl-1-200x52.png 200w, https:\/\/pofix.com\/wp-content\/uploads\/2023\/05\/Impl-1.png 211w\" data-sizes=\"auto\" data-orig-sizes=\"(max-width: 211px) 100vw, 211px\" \/><\/p>\n<\/p>\n<div class=\"table-1\">\n<table width=\"100%\">\n<thead>\n<tr>\n<th align=\"left\"><b>P\u00ebrgatitja dhe aplikimi<\/b><\/th>\n<th align=\"left\">Parametrat<\/th>\n<\/tr>\n<\/thead>\n<tbody>\n<tr>\n<td align=\"left\"><span style=\"font-weight: 400;\">Koha e aplikimit pas p\u00ebrzierjes me uj\u00eb<\/span><\/td>\n<td align=\"left\">60 min.<\/td>\n<\/tr>\n<tr>\n<td align=\"left\"><span style=\"font-weight: 400;\">Koha e tharjes s\u00eb materialit<\/span><\/td>\n<td align=\"left\"><span style=\"font-weight: 400;\">24 h.<\/span><\/td>\n<\/tr>\n<tr>\n<td align=\"left\"><span style=\"font-weight: 400;\">Trash\u00ebsia e aplikimit<\/span><\/td>\n<td align=\"left\"><span style=\"font-weight: 400;\">2-3 mm.<\/span><\/td>\n<\/tr>\n<tr>\n<td align=\"left\"><span style=\"font-weight: 400;\">Granulimi<\/span><\/td>\n<td align=\"left\"><span style=\"font-weight: 400;\">0.7 mm.<\/span><\/td>\n<\/tr>\n<tr>\n<td align=\"left\"><span style=\"font-weight: 400;\">Konsumi<\/span><\/td>\n<td align=\"left\"><span style=\"font-weight: 400;\">2-3 kg\/m2.<\/span><\/td>\n<\/tr>\n<tr>\n<td align=\"left\"><span style=\"font-weight: 400;\">Temperatura e ajrit dhe e sip\u00ebrfaqes<\/span><\/td>\n<td align=\"left\"><span style=\"font-weight: 400;\">+5\/+35\u00b0C<\/span><\/td>\n<\/tr>\n<tr>\n<td align=\"left\"><span style=\"font-weight: 400;\">Ngjyr\u00eb<\/span><\/td>\n<td align=\"left\"><img decoding=\"async\" class=\"lazyload alignnone size-full wp-image-20295\" src=\"data:image\/svg+xml,%3Csvg%20xmlns%3D%27http%3A%2F%2Fwww.w3.org%2F2000%2Fsvg%27%20width%3D%2725%27%20height%3D%2725%27%20viewBox%3D%270%200%2025%2025%27%3E%3Crect%20width%3D%2725%27%20height%3D%2725%27%20fill-opacity%3D%220%22%2F%3E%3C%2Fsvg%3E\" data-orig-src=\"https:\/\/pofix.com\/wp-content\/uploads\/2023\/05\/white.png\" alt=\"\" width=\"25\" height=\"25\"><\/td>\n<\/tr>\n<tr>\n<td align=\"left\"><span style=\"font-weight: 400;\">Qese kg<\/span><\/td>\n<td align=\"left\"><span style=\"font-weight: 400;\">25<\/span><\/td>\n<\/tr>\n<tr>\n<td align=\"left\"><span style=\"font-weight: 400;\">\u00c7anta\/palet\u00eb<\/span><\/td>\n<td align=\"left\">48<\/td>\n<\/tr>\n<\/tbody>\n<\/table>\n<\/div>\n<p>\n","protected":false},"excerpt":{"rendered":"<p><strong><span style=\"font-weight: 400;\"><strong>Pofix fino &#8211;<\/strong><\/span> Lla\u00e7 \u00e7imentoje baz\u00eb<\/strong><\/p>\n<p><span style=\"font-weight: 400;\">\u00ebsht\u00eb nj\u00eb lla\u00e7 \u00e7imento g\u00eblqereje me aditiv\u00eb p\u00ebr shtrimin manual.<\/span><\/p>\n<p><span style=\"font-weight: 400;\">Aplikohet n\u00eb dy shtresa t\u00eb mureve t\u00eb brendshme dhe t\u00eb jashtme pas aplikimit t\u00eb lla\u00e7it baz\u00eb.<\/span><\/p>\n","protected":false},"featured_media":0,"template":"","meta":[],"product_brand":[],"product_cat":[319,251],"product_tag":[321,320,322,289],"class_list":{"0":"post-23222","1":"product","2":"type-product","3":"status-publish","5":"product_cat-llac-rrafshim","6":"product_cat-produktet-minerale","7":"product_tag-llac-cimentoje-baze","8":"product_tag-llac-rrafshues","9":"product_tag-pofix-fino-sq","10":"product_tag-produktet-minerale","12":"first","13":"instock","14":"shipping-taxable","15":"purchasable","16":"product-type-simple"},"aioseo_notices":[],"_links":{"self":[{"href":"https:\/\/pofix.com\/sq\/wp-json\/wp\/v2\/product\/23222","targetHints":{"allow":["GET"]}}],"collection":[{"href":"https:\/\/pofix.com\/sq\/wp-json\/wp\/v2\/product"}],"about":[{"href":"https:\/\/pofix.com\/sq\/wp-json\/wp\/v2\/types\/product"}],"wp:attachment":[{"href":"https:\/\/pofix.com\/sq\/wp-json\/wp\/v2\/media?parent=23222"}],"wp:term":[{"taxonomy":"product_brand","embeddable":true,"href":"https:\/\/pofix.com\/sq\/wp-json\/wp\/v2\/product_brand?post=23222"},{"taxonomy":"product_cat","embeddable":true,"href":"https:\/\/pofix.com\/sq\/wp-json\/wp\/v2\/product_cat?post=23222"},{"taxonomy":"product_tag","embeddable":true,"href":"https:\/\/pofix.com\/sq\/wp-json\/wp\/v2\/product_tag?post=23222"}],"curies":[{"name":"wp","href":"https:\/\/api.w.org\/{rel}","templated":true}]}}