{"id":23150,"date":"2023-05-01T14:15:10","date_gmt":"2023-05-01T14:15:10","guid":{"rendered":"https:\/\/pofix.com\/product\/pofix-75-drita\/"},"modified":"2024-03-13T02:22:20","modified_gmt":"2024-03-13T02:22:20","slug":"pofix-75-drita","status":"publish","type":"product","link":"https:\/\/pofix.com\/sq\/product\/pofix-75-drita\/","title":{"rendered":"POFIX-75 LIGHT"},"content":{"rendered":"<p><strong>Lla\u00e7 themelor p\u00ebrfundimtar  <\/strong><\/p>\n<p><strong>Pofix 75-Light<\/strong> \u00ebsht\u00eb nj\u00eb lla\u00e7 suvaje i fabrikuar p\u00ebr trajtim mekanik. P\u00ebrdoret p\u00ebr mbulimin e mureve t\u00eb brendshme n\u00eb nj\u00eb shtres\u00eb. Mund t\u00eb shtrohen mure tullash, blloqe betoni, mure betoni, blloqe siporex etj. Sip\u00ebrfaqja e baz\u00ebs duhet t\u00eb jet\u00eb e that\u00eb, pluhuri dhe vaji duhet t\u00eb hiqen dhe duhet t\u00eb plot\u00ebsoj\u00eb standardet e nd\u00ebrtimit.<\/p>\n<p><img decoding=\"async\" class=\"lazyload alignnone wp-image-20309\" src=\"https:\/\/pofix.com\/wp-content\/uploads\/2023\/05\/Preparatiion4-300x45.png\" data-orig-src=\"https:\/\/pofix.com\/wp-content\/uploads\/2023\/05\/Preparatiion4-300x45.png\" alt=\"\" width=\"300\" height=\"45\" srcset=\"data:image\/svg+xml,%3Csvg%20xmlns%3D%27http%3A%2F%2Fwww.w3.org%2F2000%2Fsvg%27%20width%3D%27300%27%20height%3D%2745%27%20viewBox%3D%270%200%20300%2045%27%3E%3Crect%20width%3D%27300%27%20height%3D%2745%27%20fill-opacity%3D%220%22%2F%3E%3C%2Fsvg%3E\" data-srcset=\"https:\/\/pofix.com\/wp-content\/uploads\/2023\/05\/Preparatiion4-200x30.png 200w, https:\/\/pofix.com\/wp-content\/uploads\/2023\/05\/Preparatiion4-300x45.png 300w, https:\/\/pofix.com\/wp-content\/uploads\/2023\/05\/Preparatiion4.png 364w\" data-sizes=\"auto\" data-orig-sizes=\"(max-width: 300px) 100vw, 300px\" \/><\/p>\n<\/p>\n<div class=\"table-1\">\n<table width=\"100%\">\n<thead>\n<tr>\n<th align=\"left\"><b>P\u00ebrgatitja dhe aplikimi<\/b><\/th>\n<th align=\"left\">Parametrat<\/th>\n<\/tr>\n<\/thead>\n<tbody>\n<tr>\n<td align=\"left\"><span style=\"font-weight: 400;\">Koha e aplikimit pas p\u00ebrzierjes me uj\u00eb<\/span><\/td>\n<td align=\"left\">3-4 or\u00eb.<\/td>\n<\/tr>\n<tr>\n<td align=\"left\"><span style=\"font-weight: 400;\">Koha e tharjes s\u00eb materialit<\/span><\/td>\n<td align=\"left\"><span style=\"font-weight: 400;\">48 h.<\/span><\/td>\n<\/tr>\n<tr>\n<td align=\"left\"><span style=\"font-weight: 400;\">Trash\u00ebsia e aplikimit<\/span><\/td>\n<td align=\"left\"><span style=\"font-weight: 400;\">1.7 mm.<\/span><\/td>\n<\/tr>\n<tr>\n<td align=\"left\"><span style=\"font-weight: 400;\">Granulimi<\/span><\/td>\n<td align=\"left\"><span style=\"font-weight: 400;\">0.7 mm.<\/span><\/td>\n<\/tr>\n<tr>\n<td align=\"left\"><span style=\"font-weight: 400;\">Konsumi<\/span><\/td>\n<td align=\"left\"><span style=\"font-weight: 400;\">15 kg\/m2.<\/span><\/td>\n<\/tr>\n<tr>\n<td align=\"left\"><span style=\"font-weight: 400;\">Temperatura e ajrit dhe e sip\u00ebrfaqes<\/span><\/td>\n<td align=\"left\"><span style=\"font-weight: 400;\">+5\/+35\u00b0C<\/span><\/td>\n<\/tr>\n<tr>\n<td align=\"left\"><span style=\"font-weight: 400;\">Ngjyr\u00eb<\/span><\/td>\n<td align=\"left\"><img decoding=\"async\" class=\"lazyload alignnone size-full wp-image-20279\" src=\"data:image\/svg+xml,%3Csvg%20xmlns%3D%27http%3A%2F%2Fwww.w3.org%2F2000%2Fsvg%27%20width%3D%2725%27%20height%3D%2725%27%20viewBox%3D%270%200%2025%2025%27%3E%3Crect%20width%3D%2725%27%20height%3D%2725%27%20fill-opacity%3D%220%22%2F%3E%3C%2Fsvg%3E\" data-orig-src=\"https:\/\/pofix.com\/wp-content\/uploads\/2015\/10\/greeColor.png\" alt=\"\" width=\"25\" height=\"25\"><\/td>\n<\/tr>\n<tr>\n<td align=\"left\"><span style=\"font-weight: 400;\">Qese kg<\/span><\/td>\n<td align=\"left\"><span style=\"font-weight: 400;\">30<\/span><\/td>\n<\/tr>\n<tr>\n<td align=\"left\"><span style=\"font-weight: 400;\">\u00c7anta\/palet\u00eb<\/span><\/td>\n<td align=\"left\">42<\/td>\n<\/tr>\n<\/tbody>\n<\/table>\n<\/div>\n<p>\n","protected":false},"excerpt":{"rendered":"<p><strong>Lla\u00e7 final Pofix 75-Light Basic  <\/strong><\/p>\n<p>\u00ebsht\u00eb nj\u00eb lla\u00e7 suvaje i fabrikuar p\u00ebr trajtim mekanik. P\u00ebrdoret p\u00ebr mbulimin e mureve t\u00eb brendshme n\u00eb nj\u00eb shtres\u00eb. Mund t\u00eb shtrohen mure tullash, blloqe betoni, mure betoni, blloqe siporex etj. Sip\u00ebrfaqja e baz\u00ebs duhet t\u00eb jet\u00eb e that\u00eb, pluhuri dhe vaji duhet t\u00eb hiqen dhe duhet t\u00eb plot\u00ebsoj\u00eb standardet e nd\u00ebrtimit.<\/p>\n","protected":false},"featured_media":22060,"template":"","meta":[],"product_brand":[],"product_cat":[255,251],"product_tag":[292,291,294,289],"class_list":{"0":"post-23150","1":"product","2":"type-product","3":"status-publish","4":"has-post-thumbnail","6":"product_cat-llacet-themelore","7":"product_cat-produktet-minerale","8":"product_tag-llac-themelor-perfundimtar","9":"product_tag-llacat-themelore","10":"product_tag-pofix-75-drita","11":"product_tag-produktet-minerale","12":"qcld-product-has-gallery","14":"first","15":"instock","16":"shipping-taxable","17":"purchasable","18":"product-type-simple"},"aioseo_notices":[],"_links":{"self":[{"href":"https:\/\/pofix.com\/sq\/wp-json\/wp\/v2\/product\/23150","targetHints":{"allow":["GET"]}}],"collection":[{"href":"https:\/\/pofix.com\/sq\/wp-json\/wp\/v2\/product"}],"about":[{"href":"https:\/\/pofix.com\/sq\/wp-json\/wp\/v2\/types\/product"}],"wp:featuredmedia":[{"embeddable":true,"href":"https:\/\/pofix.com\/sq\/wp-json\/wp\/v2\/media\/22060"}],"wp:attachment":[{"href":"https:\/\/pofix.com\/sq\/wp-json\/wp\/v2\/media?parent=23150"}],"wp:term":[{"taxonomy":"product_brand","embeddable":true,"href":"https:\/\/pofix.com\/sq\/wp-json\/wp\/v2\/product_brand?post=23150"},{"taxonomy":"product_cat","embeddable":true,"href":"https:\/\/pofix.com\/sq\/wp-json\/wp\/v2\/product_cat?post=23150"},{"taxonomy":"product_tag","embeddable":true,"href":"https:\/\/pofix.com\/sq\/wp-json\/wp\/v2\/product_tag?post=23150"}],"curies":[{"name":"wp","href":"https:\/\/api.w.org\/{rel}","templated":true}]}}