{"id":23118,"date":"2023-05-01T13:42:52","date_gmt":"2023-05-01T13:42:52","guid":{"rendered":"https:\/\/pofix.com\/product\/pofix-110\/"},"modified":"2024-03-12T01:47:26","modified_gmt":"2024-03-12T01:47:26","slug":"pofix-110","status":"publish","type":"product","link":"https:\/\/pofix.com\/sq\/product\/pofix-110\/","title":{"rendered":"POFIX-110"},"content":{"rendered":"<p><strong>Lla\u00e7 me baz\u00eb \u00e7imentoje<\/strong><\/p>\n<p><strong>Pofix 110<\/strong> \u00ebsht\u00eb nj\u00eb lla\u00e7 me \u00e7imento t\u00eb bardh\u00eb, g\u00eblqere dhe nj\u00eb baz\u00eb shtes\u00eb p\u00ebr aplikim me makin\u00eb dhe me dor\u00eb. P\u00ebrdoret si lla\u00e7 baz\u00eb p\u00ebr lla\u00e7in p\u00ebrfundimtar me p\u00ebrmbajtje minerali, lla\u00e7 strukturor dhe lla\u00e7 lubrifikues. Aplikohet n\u00eb mure t\u00eb jashtme dhe t\u00eb brendshme prej tullash, betoni, stiropor, elemente betoni n\u00eb dhoma me lag\u00ebshtir\u00eb, sip\u00ebrfaqe betoni t\u00eb ashp\u00ebr, tavane, fasada etj. P\u00ebrdorimi i Stirokolit ose Poflex \u00ebsht\u00eb thelb\u00ebsor n\u00eb sip\u00ebrfaqet e l\u00ebmuara t\u00eb betonit.<\/p>\n<p><img decoding=\"async\" class=\"lazyload alignnone size-full wp-image-20274\" src=\"https:\/\/pofix.com\/wp-content\/uploads\/2015\/10\/Preparation-and-Application.png\" data-orig-src=\"https:\/\/pofix.com\/wp-content\/uploads\/2015\/10\/Preparation-and-Application.png\" alt=\"\" width=\"281\" height=\"55\" srcset=\"data:image\/svg+xml,%3Csvg%20xmlns%3D%27http%3A%2F%2Fwww.w3.org%2F2000%2Fsvg%27%20width%3D%27281%27%20height%3D%2755%27%20viewBox%3D%270%200%20281%2055%27%3E%3Crect%20width%3D%27281%27%20height%3D%2755%27%20fill-opacity%3D%220%22%2F%3E%3C%2Fsvg%3E\" data-srcset=\"https:\/\/pofix.com\/wp-content\/uploads\/2015\/10\/Preparation-and-Application-200x39.png 200w, https:\/\/pofix.com\/wp-content\/uploads\/2015\/10\/Preparation-and-Application.png 281w\" data-sizes=\"auto\" data-orig-sizes=\"(max-width: 281px) 100vw, 281px\" \/><\/p>\n<\/p>\n<div class=\"table-1\">\n<table width=\"100%\">\n<thead>\n<tr>\n<th align=\"left\"><b>P\u00ebrgatitja dhe aplikimi<\/b><\/th>\n<th align=\"left\">Parametrat<\/th>\n<\/tr>\n<\/thead>\n<tbody>\n<tr>\n<td align=\"left\"><span style=\"font-weight: 400;\">Koha e aplikimit pas p\u00ebrzierjes me uj\u00eb<\/span><\/td>\n<td align=\"left\">\/<\/td>\n<\/tr>\n<tr>\n<td align=\"left\"><span style=\"font-weight: 400;\">Koha e tharjes s\u00eb materialit<\/span><\/td>\n<td align=\"left\"><span style=\"font-weight: 400;\">24 h.<\/span><\/td>\n<\/tr>\n<tr>\n<td align=\"left\"><span style=\"font-weight: 400;\">Trash\u00ebsia e aplikimit<\/span><\/td>\n<td align=\"left\"> <span style=\"font-weight: 400;\">18 mm.<\/span><\/td>\n<\/tr>\n<tr>\n<td align=\"left\"><span style=\"font-weight: 400;\">Granulimi<\/span><\/td>\n<td align=\"left\"><span style=\"font-weight: 400;\">1.3 mm.<\/span><\/td>\n<\/tr>\n<tr>\n<td align=\"left\"><span style=\"font-weight: 400;\">Konsumi<\/span><\/td>\n<td align=\"left\"><span style=\"font-weight: 400;\">18 kg\/m2.<\/span><\/td>\n<\/tr>\n<tr>\n<td align=\"left\"><span style=\"font-weight: 400;\">Temperatura e ajrit dhe e sip\u00ebrfaqes<\/span><\/td>\n<td align=\"left\"><span style=\"font-weight: 400;\">+5\/+35\u00b0C<\/span><\/td>\n<\/tr>\n<tr>\n<td align=\"left\"><span style=\"font-weight: 400;\">Ngjyr\u00eb<\/span><\/td>\n<td align=\"left\"><img decoding=\"async\" class=\"lazyload alignnone size-full wp-image-20295\" src=\"data:image\/svg+xml,%3Csvg%20xmlns%3D%27http%3A%2F%2Fwww.w3.org%2F2000%2Fsvg%27%20width%3D%2725%27%20height%3D%2725%27%20viewBox%3D%270%200%2025%2025%27%3E%3Crect%20width%3D%2725%27%20height%3D%2725%27%20fill-opacity%3D%220%22%2F%3E%3C%2Fsvg%3E\" data-orig-src=\"https:\/\/pofix.com\/wp-content\/uploads\/2023\/05\/white.png\" alt=\"\" width=\"25\" height=\"25\"><\/td>\n<\/tr>\n<tr>\n<td align=\"left\"><span style=\"font-weight: 400;\">Qese kg<\/span><\/td>\n<td align=\"left\"><span style=\"font-weight: 400;\">30<\/span><\/td>\n<\/tr>\n<tr>\n<td align=\"left\"><span style=\"font-weight: 400;\">\u00c7anta\/palet\u00eb<\/span><\/td>\n<td align=\"left\">42<\/td>\n<\/tr>\n<\/tbody>\n<\/table>\n<\/div>\n<p>\n","protected":false},"excerpt":{"rendered":"<p><strong>POFIX-110 &#8211; Lla\u00e7 me baz\u00eb \u00e7imentoje<\/strong><\/p>\n<p>\u00ebsht\u00eb nj\u00eb lla\u00e7 me \u00e7imento t\u00eb bardh\u00eb, g\u00eblqere dhe nj\u00eb baz\u00eb shtes\u00eb p\u00ebr aplikim me makin\u00eb dhe me dor\u00eb. P\u00ebrdoret si lla\u00e7 baz\u00eb p\u00ebr lla\u00e7in p\u00ebrfundimtar me p\u00ebrmbajtje minerali, lla\u00e7 strukturor dhe lla\u00e7 lubrifikues. Aplikohet n\u00eb mure t\u00eb jashtme dhe t\u00eb brendshme prej tullash, betoni, stiropor, elemente betoni n\u00eb dhoma me lag\u00ebshtir\u00eb, sip\u00ebrfaqe betoni t\u00eb ashp\u00ebr, tavane, fasada etj. P\u00ebrdorimi i Stirokolit ose Poflex \u00ebsht\u00eb thelb\u00ebsor n\u00eb sip\u00ebrfaqet e l\u00ebmuara t\u00eb betonit.<\/p>\n","protected":false},"featured_media":0,"template":"","meta":[],"product_brand":[],"product_cat":[255,251],"product_tag":[258,262],"class_list":{"0":"post-23118","1":"product","2":"type-product","3":"status-publish","5":"product_cat-llacet-themelore","6":"product_cat-produktet-minerale","7":"product_tag-llac-me-baze-cimentoje","8":"product_tag-pofix-110-sq","10":"first","11":"instock","12":"shipping-taxable","13":"purchasable","14":"product-type-simple"},"aioseo_notices":[],"_links":{"self":[{"href":"https:\/\/pofix.com\/sq\/wp-json\/wp\/v2\/product\/23118","targetHints":{"allow":["GET"]}}],"collection":[{"href":"https:\/\/pofix.com\/sq\/wp-json\/wp\/v2\/product"}],"about":[{"href":"https:\/\/pofix.com\/sq\/wp-json\/wp\/v2\/types\/product"}],"wp:attachment":[{"href":"https:\/\/pofix.com\/sq\/wp-json\/wp\/v2\/media?parent=23118"}],"wp:term":[{"taxonomy":"product_brand","embeddable":true,"href":"https:\/\/pofix.com\/sq\/wp-json\/wp\/v2\/product_brand?post=23118"},{"taxonomy":"product_cat","embeddable":true,"href":"https:\/\/pofix.com\/sq\/wp-json\/wp\/v2\/product_cat?post=23118"},{"taxonomy":"product_tag","embeddable":true,"href":"https:\/\/pofix.com\/sq\/wp-json\/wp\/v2\/product_tag?post=23118"}],"curies":[{"name":"wp","href":"https:\/\/api.w.org\/{rel}","templated":true}]}}