{"id":23079,"date":"2015-09-13T23:43:25","date_gmt":"2015-09-13T23:43:25","guid":{"rendered":"https:\/\/pofix.com\/bleni-me-gjeresi-te-plote\/"},"modified":"2015-09-13T23:43:25","modified_gmt":"2015-09-13T23:43:25","slug":"bleni-me-gjeresi-te-plote","status":"publish","type":"page","link":"https:\/\/pofix.com\/sq\/bleni-me-gjeresi-te-plote\/","title":{"rendered":"Bleni me gjer\u00ebsi t\u00eb plot\u00eb"},"content":{"rendered":"","protected":false},"excerpt":{"rendered":"","protected":false},"author":1,"featured_media":0,"parent":0,"menu_order":0,"comment_status":"closed","ping_status":"closed","template":"","meta":{"footnotes":""},"class_list":["post-23079","page","type-page","status-publish","hentry"],"aioseo_notices":[],"_links":{"self":[{"href":"https:\/\/pofix.com\/sq\/wp-json\/wp\/v2\/pages\/23079","targetHints":{"allow":["GET"]}}],"collection":[{"href":"https:\/\/pofix.com\/sq\/wp-json\/wp\/v2\/pages"}],"about":[{"href":"https:\/\/pofix.com\/sq\/wp-json\/wp\/v2\/types\/page"}],"author":[{"embeddable":true,"href":"https:\/\/pofix.com\/sq\/wp-json\/wp\/v2\/users\/1"}],"replies":[{"embeddable":true,"href":"https:\/\/pofix.com\/sq\/wp-json\/wp\/v2\/comments?post=23079"}],"version-history":[{"count":0,"href":"https:\/\/pofix.com\/sq\/wp-json\/wp\/v2\/pages\/23079\/revisions"}],"wp:attachment":[{"href":"https:\/\/pofix.com\/sq\/wp-json\/wp\/v2\/media?parent=23079"}],"curies":[{"name":"wp","href":"https:\/\/api.w.org\/{rel}","templated":true}]}}