{"id":23071,"date":"2023-02-08T12:46:09","date_gmt":"2023-02-08T12:46:09","guid":{"rendered":"https:\/\/pofix.com\/politika-e-privatesise\/"},"modified":"2024-03-12T01:31:30","modified_gmt":"2024-03-12T01:31:30","slug":"politika-e-privatesise","status":"publish","type":"page","link":"https:\/\/pofix.com\/sq\/politika-e-privatesise\/","title":{"rendered":"Politika e privat\u00ebsis\u00eb"},"content":{"rendered":"&#13;\n<h1 class=\"wp-block-heading\">Politika e privat\u00ebsis\u00eb p\u00ebr Pofix.com<\/h1>&#13;\n<p><strong>Last updated: 10.03.2024<\/strong><\/p>&#13;\n<p>Welcome to Pofix.com. We respect your privacy and are committed to protecting your personal data. This Privacy Policy will inform you about how we look after your personal data when you visit our website and tell you about your privacy rights and how the law protects you.<\/p>&#13;\n<h2>1. Informacion i r\u00ebnd\u00ebsish\u00ebm dhe kush jemi ne<\/h2>&#13;\n<h3>Q\u00ebllimi i k\u00ebsaj politike t\u00eb privat\u00ebsis\u00eb<\/h3>&#13;\n<p>This Privacy Policy aims to give you information on how Pofix collects and processes your personal data through your use of this website, including any data you may provide when you purchase a product, sign up for our newsletter, or participate in a survey.<\/p>&#13;\n<h3>Kontrolluesi<\/h3>&#13;\n<p>Pofix.com is the controller and responsible for your personal data.<\/p>&#13;\n<p>Contact Details:<\/p>&#13;\n<p>POFIX DOO<br\/>Email: info@pofix.com<br\/>Phone: +389 71 329 173<\/p>&#13;\n<h3>Lidhje t\u00eb pal\u00ebve t\u00eb treta<\/h3>&#13;\n<p>This website may include links to third-party websites, plug-ins, and applications. Clicking on those links may allow third parties to collect or share data about you. We do not control these third-party websites and are not responsible for their privacy statements.<\/p>&#13;\n<h2>2. T\u00eb dh\u00ebnat q\u00eb mbledhim rreth jush<\/h2>&#13;\n<p>We may collect, use, store, and transfer different kinds of personal data about you, which we have grouped together as follows:<\/p>&#13;\n<ul>&#13;\n<li><strong>Location Data<\/strong>: We collect information about your location based on the answers you provide to our questions.<\/li>&#13;\n<li><strong>Technical Data<\/strong>: Includes internet protocol (IP) address, browser type and version, time zone setting and location, browser plug-in types and versions, operating system and platform, and other technology on the devices you use to access this website.<\/li>&#13;\n<li><strong>Usage Data<\/strong>: Includes information about how you use our website.<\/li>&#13;\n<\/ul>&#13;\n<p>We use Google Analytics to help us understand how our customers use the site. You can read more about how Google uses your Personal Information here: https:\/\/www.google.com\/intl\/en\/policies\/privacy\/. You can also opt out\u00a0of Google Analytics here: <a target=\"_new\" rel=\"noopener\">https:\/\/tools.google.com\/dlpage\/gaoptout<\/a>.<\/p>&#13;\n<h2>3. Si i p\u00ebrdorim ne t\u00eb dh\u00ebnat tuaja personale<\/h2>&#13;\n<p>We will only use your personal data when the law allows us to. Most commonly, we will use your personal data in the following circumstances:<\/p>&#13;\n<ul>&#13;\n<li>To manage our relationship with you, including notifying you about changes to our terms or privacy policy.<\/li>&#13;\n<li>To enable you to participate in a survey or complete a transaction.<\/li>&#13;\n<li>To administer and protect our business and this website (including troubleshooting, data analysis, testing, system maintenance, support, reporting, and hosting of data).<\/li>&#13;\n<\/ul>&#13;\n<h2>4. Zbulimet e t\u00eb dh\u00ebnave tuaja personale<\/h2>&#13;\n<p>We may have to share your personal data with external third parties, such as our authorized distributors and resellers, and service providers acting as processors who provide IT and system administration services.<\/p>&#13;\n<h2>5. Siguria e t\u00eb dh\u00ebnave<\/h2>&#13;\n<p>We have put in place appropriate security measures to prevent your personal data from being accidentally lost, used, or accessed in an unauthorized way, altered, or disclosed.<\/p>&#13;\n<h2>6. Ruajtja e t\u00eb dh\u00ebnave<\/h2>&#13;\n<p>We will only retain your personal data for as long as necessary to fulfill the purposes we collected it for, including for the purposes of satisfying any legal, accounting, or reporting requirements.<\/p>&#13;\n<h2>7. T\u00eb drejtat tuaja ligjore<\/h2>&#13;\n<p>Under certain circumstances, you have rights under data protection laws in relation to your personal data, including the right to access, correct, or delete your personal data.<\/p>&#13;\n<h2>8. Si t\u00eb na kontaktoni<\/h2>&#13;\n<p>If you have any questions about this privacy policy or our privacy practices, please contact us at the details provided above.<\/p>&#13;\n","protected":false},"excerpt":{"rendered":"<p>&#13; Politika e privat\u00ebsis\u00eb p\u00ebr Pofix.com &#13; Last updated: 10.03.2024 &#13; Welcome to Pofix.com. We respect your privacy and are<\/p>\n","protected":false},"author":1,"featured_media":0,"parent":0,"menu_order":0,"comment_status":"closed","ping_status":"open","template":"","meta":{"footnotes":""},"class_list":["post-23071","page","type-page","status-publish","hentry"],"aioseo_notices":[],"_links":{"self":[{"href":"https:\/\/pofix.com\/sq\/wp-json\/wp\/v2\/pages\/23071","targetHints":{"allow":["GET"]}}],"collection":[{"href":"https:\/\/pofix.com\/sq\/wp-json\/wp\/v2\/pages"}],"about":[{"href":"https:\/\/pofix.com\/sq\/wp-json\/wp\/v2\/types\/page"}],"author":[{"embeddable":true,"href":"https:\/\/pofix.com\/sq\/wp-json\/wp\/v2\/users\/1"}],"replies":[{"embeddable":true,"href":"https:\/\/pofix.com\/sq\/wp-json\/wp\/v2\/comments?post=23071"}],"version-history":[{"count":1,"href":"https:\/\/pofix.com\/sq\/wp-json\/wp\/v2\/pages\/23071\/revisions"}],"predecessor-version":[{"id":23078,"href":"https:\/\/pofix.com\/sq\/wp-json\/wp\/v2\/pages\/23071\/revisions\/23078"}],"wp:attachment":[{"href":"https:\/\/pofix.com\/sq\/wp-json\/wp\/v2\/media?parent=23071"}],"curies":[{"name":"wp","href":"https:\/\/api.w.org\/{rel}","templated":true}]}}