{"id":23960,"date":"2023-05-14T17:25:40","date_gmt":"2023-05-14T17:25:40","guid":{"rendered":"https:\/\/pofix.com\/product\/p-03-brzi-gipsani-profil\/"},"modified":"2024-03-12T14:03:52","modified_gmt":"2024-03-12T14:03:52","slug":"p-03-brzi-gipsani-profil","status":"publish","type":"product","link":"https:\/\/pofix.com\/hr\/product\/p-03-brzi-gipsani-profil\/","title":{"rendered":"P-03 BRZI GIPSANI PROFIL"},"content":{"rendered":"<p><span style=\"font-weight: 400;\"><strong>P-03 POFIX BRZI GIPSANI PROFIL<\/strong><\/span><\/p>\n<p><span style=\"font-weight: 400;\"><br \/>\n  <strong>P-03 BRZI GIPSANI PROFIL <\/strong><br \/>\n<\/span>Tamo gdje se stvaraju ravne povr\u0161ine, primjerice kod radova na plo\u010dicama, popularan je brzi profil \u017ebukanja poput ovog. Zna\u010dajke proizvoda P-03, brzi profil \u017ebukanja za debljinu \u017ebuke.<br \/>\nZa\u0161to biste ga trebali zgrabiti: Profil za brzo \u017ebukanje izra\u0111en od perforiranog i pocin\u010danog \u010delika koristi se za razne poslove \u017ebukanja u zatvorenom prostoru. Poma\u017ee ispraviti iskrivljene zidove i stvoriti \u010diste rubove. Dodatna uporaba bo\u010dnih kuglica pove\u0107ava stabilnost. Dobro je znati da ovaj profil nije prikladan za vla\u017ene prostorije. Tra\u010dnice od nehr\u0111aju\u0107eg \u010delika ovdje bi bile pravi izbor.<br \/>\nSvaki brzi gipsani profil mjeri 2500 x 22 mm. Nudi se u ekonomskim pakiranjima od 25\/50 komada. Asortiman naravno mo\u017ee smisliti i razne \u017ebuke kao \u0161to su gips, vapneni cement i cementna \u017ebuka. Trebali biste imati pri ruci razumnu kutnu brusilicu za zagla\u0111ivanje odgovaraju\u0107e povr\u0161ine nakon toga. To mo\u017eete dobiti i ovdje.<br \/>\nPrikovani: S ovim srebrnim profilom izra\u0111enim od pocin\u010danog \u010delika, unutarnji radovi \u017ebukanja mogu se izvoditi brzo i glatko.<\/p>\n<p><img decoding=\"async\" class=\"lazyload alignnone size-medium wp-image-20528\" src=\"https:\/\/pofix.com\/wp-content\/uploads\/2023\/05\/P-03-1-198x300.png\" data-orig-src=\"https:\/\/pofix.com\/wp-content\/uploads\/2023\/05\/P-03-1-198x300.png\" alt=\"\" width=\"198\" height=\"300\" srcset=\"data:image\/svg+xml,%3Csvg%20xmlns%3D%27http%3A%2F%2Fwww.w3.org%2F2000%2Fsvg%27%20width%3D%27198%27%20height%3D%27300%27%20viewBox%3D%270%200%20198%20300%27%3E%3Crect%20width%3D%27198%27%20height%3D%27300%27%20fill-opacity%3D%220%22%2F%3E%3C%2Fsvg%3E\" data-srcset=\"https:\/\/pofix.com\/wp-content\/uploads\/2023\/05\/P-03-1-198x300.png 198w, https:\/\/pofix.com\/wp-content\/uploads\/2023\/05\/P-03-1-200x304.png 200w, https:\/\/pofix.com\/wp-content\/uploads\/2023\/05\/P-03-1-400x607.png 400w, https:\/\/pofix.com\/wp-content\/uploads\/2023\/05\/P-03-1-500x759.png 500w, https:\/\/pofix.com\/wp-content\/uploads\/2023\/05\/P-03-1.png 550w\" data-sizes=\"auto\" data-orig-sizes=\"(max-width: 198px) 100vw, 198px\" \/> <img decoding=\"async\" class=\"lazyload alignnone size-medium wp-image-20526\" src=\"https:\/\/pofix.com\/wp-content\/uploads\/2023\/05\/P-03dim-198x300.png\" data-orig-src=\"https:\/\/pofix.com\/wp-content\/uploads\/2023\/05\/P-03dim-198x300.png\" alt=\"\" width=\"198\" height=\"300\" srcset=\"data:image\/svg+xml,%3Csvg%20xmlns%3D%27http%3A%2F%2Fwww.w3.org%2F2000%2Fsvg%27%20width%3D%27198%27%20height%3D%27300%27%20viewBox%3D%270%200%20198%20300%27%3E%3Crect%20width%3D%27198%27%20height%3D%27300%27%20fill-opacity%3D%220%22%2F%3E%3C%2Fsvg%3E\" data-srcset=\"https:\/\/pofix.com\/wp-content\/uploads\/2023\/05\/P-03dim-198x300.png 198w, https:\/\/pofix.com\/wp-content\/uploads\/2023\/05\/P-03dim-200x304.png 200w, https:\/\/pofix.com\/wp-content\/uploads\/2023\/05\/P-03dim-400x607.png 400w, https:\/\/pofix.com\/wp-content\/uploads\/2023\/05\/P-03dim-500x759.png 500w, https:\/\/pofix.com\/wp-content\/uploads\/2023\/05\/P-03dim.png 550w\" data-sizes=\"auto\" data-orig-sizes=\"(max-width: 198px) 100vw, 198px\" \/> <img decoding=\"async\" class=\"lazyload alignnone size-medium wp-image-20527\" src=\"https:\/\/pofix.com\/wp-content\/uploads\/2023\/05\/P-03zoom-198x300.png\" data-orig-src=\"https:\/\/pofix.com\/wp-content\/uploads\/2023\/05\/P-03zoom-198x300.png\" alt=\"\" width=\"198\" height=\"300\" srcset=\"data:image\/svg+xml,%3Csvg%20xmlns%3D%27http%3A%2F%2Fwww.w3.org%2F2000%2Fsvg%27%20width%3D%27198%27%20height%3D%27300%27%20viewBox%3D%270%200%20198%20300%27%3E%3Crect%20width%3D%27198%27%20height%3D%27300%27%20fill-opacity%3D%220%22%2F%3E%3C%2Fsvg%3E\" data-srcset=\"https:\/\/pofix.com\/wp-content\/uploads\/2023\/05\/P-03zoom-198x300.png 198w, https:\/\/pofix.com\/wp-content\/uploads\/2023\/05\/P-03zoom-200x304.png 200w, https:\/\/pofix.com\/wp-content\/uploads\/2023\/05\/P-03zoom-400x607.png 400w, https:\/\/pofix.com\/wp-content\/uploads\/2023\/05\/P-03zoom-500x759.png 500w, https:\/\/pofix.com\/wp-content\/uploads\/2023\/05\/P-03zoom.png 550w\" data-sizes=\"auto\" data-orig-sizes=\"(max-width: 198px) 100vw, 198px\" \/><\/p>\n<\/p>\n<div class=\"table-1\">\n<table width=\"100%\">\n<thead>\n<tr>\n<th align=\"left\"><b>Tehni\u010dki podaci<\/b><\/th>\n<th align=\"left\">Parametri<\/th>\n<\/tr>\n<\/thead>\n<tbody>\n<tr>\n<td align=\"left\">duljina<\/td>\n<td align=\"left\"><span style=\"font-weight: 400;\">2500 mm<\/span><\/td>\n<\/tr>\n<tr>\n<td align=\"left\"><span style=\"font-weight: 400;\">Debljina nano\u0161enja<\/span><\/td>\n<td align=\"left\"><span style=\"font-weight: 400;\">0-1 mm.<\/span><\/td>\n<\/tr>\n<tr>\n<td align=\"left\"><span style=\"font-weight: 400;\">\u0161irina<\/span><\/td>\n<td align=\"left\"><span style=\"font-weight: 400;\">22 mm.<\/span><\/td>\n<\/tr>\n<tr>\n<td align=\"left\">opseg primjene<\/td>\n<td align=\"left\">Zid<\/td>\n<\/tr>\n<tr>\n<td align=\"left\"><span style=\"font-weight: 400;\">Materijal<\/span><\/td>\n<td align=\"left\"><span style=\"font-weight: 400;\">metal<\/span><\/td>\n<\/tr>\n<tr>\n<td align=\"left\"><span style=\"font-weight: 400;\">Boja<\/span><\/td>\n<td align=\"left\"><img decoding=\"async\" class=\"lazyload alignnone size-full wp-image-20279\" src=\"data:image\/svg+xml,%3Csvg%20xmlns%3D%27http%3A%2F%2Fwww.w3.org%2F2000%2Fsvg%27%20width%3D%2725%27%20height%3D%2725%27%20viewBox%3D%270%200%2025%2025%27%3E%3Crect%20width%3D%2725%27%20height%3D%2725%27%20fill-opacity%3D%220%22%2F%3E%3C%2Fsvg%3E\" data-orig-src=\"https:\/\/pofix.com\/wp-content\/uploads\/2015\/10\/greeColor.png\" alt=\"\" width=\"25\" height=\"25\">  (Srebro)<\/td>\n<\/tr>\n<\/tbody>\n<\/table>\n<\/div>\n<p>\n","protected":false},"excerpt":{"rendered":"<p><span style=\"font-weight: 400;\"><strong>P-03 POFIX BRZI GIPSANI PROFIL<\/strong><\/span><\/p>\n<p><span style=\"font-weight: 400;\"><br \/>\n  <strong>P-03 BRZI GIPSANI PROFIL <\/strong><br \/>\n<\/span>Tamo gdje se stvaraju ravne povr\u0161ine, primjerice kod radova na plo\u010dicama, popularan je brzi profil \u017ebukanja poput ovog. Zna\u010dajke proizvoda P-03, brzi profil \u017ebukanja za debljinu \u017ebuke.<br \/>\nZa\u0161to biste ga trebali zgrabiti: Profil za brzo \u017ebukanje izra\u0111en od perforiranog i pocin\u010danog \u010delika koristi se za razne poslove \u017ebukanja u zatvorenom prostoru. Poma\u017ee ispraviti iskrivljene zidove i stvoriti \u010diste rubove. Dodatna uporaba bo\u010dnih kuglica pove\u0107ava stabilnost. Dobro je znati da ovaj profil nije prikladan za vla\u017ene prostorije. Tra\u010dnice od nehr\u0111aju\u0107eg \u010delika ovdje bi bile pravi izbor.<\/p>\n","protected":false},"featured_media":0,"template":"","meta":[],"product_brand":[],"product_cat":[351],"product_tag":[630,631,355,621],"class_list":{"0":"post-23960","1":"product","2":"type-product","3":"status-publish","5":"product_cat-profili","6":"product_tag-brzi-gipsani-profil","7":"product_tag-p-03-hr","8":"product_tag-pofiks","9":"product_tag-profili","11":"first","12":"instock","13":"shipping-taxable","14":"purchasable","15":"product-type-simple"},"aioseo_notices":[],"_links":{"self":[{"href":"https:\/\/pofix.com\/hr\/wp-json\/wp\/v2\/product\/23960","targetHints":{"allow":["GET"]}}],"collection":[{"href":"https:\/\/pofix.com\/hr\/wp-json\/wp\/v2\/product"}],"about":[{"href":"https:\/\/pofix.com\/hr\/wp-json\/wp\/v2\/types\/product"}],"wp:attachment":[{"href":"https:\/\/pofix.com\/hr\/wp-json\/wp\/v2\/media?parent=23960"}],"wp:term":[{"taxonomy":"product_brand","embeddable":true,"href":"https:\/\/pofix.com\/hr\/wp-json\/wp\/v2\/product_brand?post=23960"},{"taxonomy":"product_cat","embeddable":true,"href":"https:\/\/pofix.com\/hr\/wp-json\/wp\/v2\/product_cat?post=23960"},{"taxonomy":"product_tag","embeddable":true,"href":"https:\/\/pofix.com\/hr\/wp-json\/wp\/v2\/product_tag?post=23960"}],"curies":[{"name":"wp","href":"https:\/\/api.w.org\/{rel}","templated":true}]}}