{"id":23945,"date":"2023-05-07T01:15:43","date_gmt":"2023-05-07T01:15:43","guid":{"rendered":"https:\/\/pofix.com\/product\/podecor\/"},"modified":"2024-03-12T14:03:54","modified_gmt":"2024-03-12T14:03:54","slug":"podecor","status":"publish","type":"product","link":"https:\/\/pofix.com\/hr\/product\/podecor\/","title":{"rendered":"PODECOR"},"content":{"rendered":"<p><span style=\"font-weight: 400;\"><strong>Podecor<\/strong> je gotov akrilni mort, ukrasni kaput s obojenim kamenjem. Idealan je za ku\u0107na postolja, podrum i ulaze u gara\u017eu. Nanosi se na vanjske i unutarnje zidove, gdje se \u017eeli trajnost i dekoracija, na betonske zidove, mineralne povr\u0161ine, gipsanu plo\u010du itd., Gdje se prethodno nanosi Poputzgrund.<\/span><\/p>\n<p><span style=\"font-weight: 400;\">Podekor je kvalitetan i otporan na klimatske uvjete.<\/span><\/p>\n<p>&nbsp;<\/p>\n<p><img decoding=\"async\" class=\"lazyload alignnone size-full wp-image-20498\" src=\"https:\/\/pofix.com\/wp-content\/uploads\/2023\/05\/FUNK-3.png\" data-orig-src=\"https:\/\/pofix.com\/wp-content\/uploads\/2023\/05\/FUNK-3.png\" alt=\"\" width=\"294\" height=\"56\" srcset=\"data:image\/svg+xml,%3Csvg%20xmlns%3D%27http%3A%2F%2Fwww.w3.org%2F2000%2Fsvg%27%20width%3D%27294%27%20height%3D%2756%27%20viewBox%3D%270%200%20294%2056%27%3E%3Crect%20width%3D%27294%27%20height%3D%2756%27%20fill-opacity%3D%220%22%2F%3E%3C%2Fsvg%3E\" data-srcset=\"https:\/\/pofix.com\/wp-content\/uploads\/2023\/05\/FUNK-3-200x38.png 200w, https:\/\/pofix.com\/wp-content\/uploads\/2023\/05\/FUNK-3.png 294w\" data-sizes=\"auto\" data-orig-sizes=\"(max-width: 294px) 100vw, 294px\" \/><\/p>\n<\/p>\n<div class=\"table-1\">\n<table width=\"100%\">\n<thead>\n<tr>\n<th align=\"left\"><b>Priprema i primjena<\/b><\/th>\n<th align=\"left\">Parametri<\/th>\n<\/tr>\n<\/thead>\n<tbody>\n<tr>\n<td align=\"left\"><span style=\"font-weight: 400;\">Vrijeme primjene nakon mije\u0161anja s vodom<\/span><\/td>\n<td align=\"left\">\/<\/td>\n<\/tr>\n<tr>\n<td align=\"left\"><span style=\"font-weight: 400;\">Vrijeme su\u0161enja materijala<\/span><\/td>\n<td align=\"left\"><span style=\"font-weight: 400;\">24 h.<\/span><\/td>\n<\/tr>\n<tr>\n<td align=\"left\"><span style=\"font-weight: 400;\">Debljina nano\u0161enja<\/span><\/td>\n<td align=\"left\"><span style=\"font-weight: 400;\">1 mm.<\/span><\/td>\n<\/tr>\n<tr>\n<td align=\"left\"><span style=\"font-weight: 400;\">Granulacija<\/span><\/td>\n<td align=\"left\"><span style=\"font-weight: 400;\">20<\/span><\/td>\n<\/tr>\n<tr>\n<td align=\"left\"><span style=\"font-weight: 400;\">Potro\u0161nja<\/span><\/td>\n<td align=\"left\"><span style=\"font-weight: 400;\">300 g\/m2.<\/span><\/td>\n<\/tr>\n<tr>\n<td align=\"left\"><span style=\"font-weight: 400;\">Temperatura zraka i povr\u0161ine<\/span><\/td>\n<td align=\"left\"><span style=\"font-weight: 400;\">+5\/+25\u00b0C<\/span><\/td>\n<\/tr>\n<tr>\n<td align=\"left\"><span style=\"font-weight: 400;\">Boja<\/span><\/td>\n<td align=\"left\">Po izboru<\/td>\n<\/tr>\n<tr>\n<td align=\"left\"><span style=\"font-weight: 400;\">Vre\u0107a od kg<\/span><\/td>\n<td align=\"left\"><span style=\"font-weight: 400;\">10\/20<\/span><\/td>\n<\/tr>\n<tr>\n<td align=\"left\"><span style=\"font-weight: 400;\">Vre\u0107e\/paleta<\/span><\/td>\n<td align=\"left\">60\/36<\/td>\n<\/tr>\n<\/tbody>\n<\/table>\n<\/div>\n<p>\n","protected":false},"excerpt":{"rendered":"<p><span style=\"font-weight: 400;\"><strong>Podecor<\/strong> je gotov akrilni mort, ukrasni kaput s obojenim kamenjem. Idealan je za ku\u0107na postolja, podrum i ulaze u gara\u017eu. Nanosi se na vanjske i unutarnje zidove, gdje se \u017eeli trajnost i dekoracija, na betonske zidove, mineralne povr\u0161ine, gipsanu plo\u010du itd., Gdje se prethodno nanosi Poputzgrund.<\/span><\/p>\n<p><span style=\"font-weight: 400;\">Podekor je kvalitetan i otporan na klimatske uvjete.<\/span><\/p>\n","protected":false},"featured_media":0,"template":"","meta":[],"product_brand":[],"product_cat":[408,411],"product_tag":[549,556,624,355],"class_list":{"0":"post-23945","1":"product","2":"type-product","3":"status-publish","5":"product_cat-akrilne-dekorativne-malte","6":"product_cat-akrilni-proizvodi","7":"product_tag-akrilni-proizvodi","8":"product_tag-akrilni-ukrasni-mortovi","9":"product_tag-podecor-hr","10":"product_tag-pofiks","12":"first","13":"instock","14":"featured","15":"shipping-taxable","16":"purchasable","17":"product-type-simple"},"aioseo_notices":[],"_links":{"self":[{"href":"https:\/\/pofix.com\/hr\/wp-json\/wp\/v2\/product\/23945","targetHints":{"allow":["GET"]}}],"collection":[{"href":"https:\/\/pofix.com\/hr\/wp-json\/wp\/v2\/product"}],"about":[{"href":"https:\/\/pofix.com\/hr\/wp-json\/wp\/v2\/types\/product"}],"wp:attachment":[{"href":"https:\/\/pofix.com\/hr\/wp-json\/wp\/v2\/media?parent=23945"}],"wp:term":[{"taxonomy":"product_brand","embeddable":true,"href":"https:\/\/pofix.com\/hr\/wp-json\/wp\/v2\/product_brand?post=23945"},{"taxonomy":"product_cat","embeddable":true,"href":"https:\/\/pofix.com\/hr\/wp-json\/wp\/v2\/product_cat?post=23945"},{"taxonomy":"product_tag","embeddable":true,"href":"https:\/\/pofix.com\/hr\/wp-json\/wp\/v2\/product_tag?post=23945"}],"curies":[{"name":"wp","href":"https:\/\/api.w.org\/{rel}","templated":true}]}}