{"id":23922,"date":"2023-05-14T16:47:58","date_gmt":"2023-05-14T16:47:58","guid":{"rendered":"https:\/\/pofix.com\/product\/p-02-kutni-gipsani-profil\/"},"modified":"2024-03-12T14:02:48","modified_gmt":"2024-03-12T14:02:48","slug":"p-02-kutni-gipsani-profil","status":"publish","type":"product","link":"https:\/\/pofix.com\/hr\/product\/p-02-kutni-gipsani-profil\/","title":{"rendered":"P-02 KUTNI GIPSANI PROFIL"},"content":{"rendered":"<p><span style=\"font-weight: 400;\"><strong>P-02 PROFIL KUTNE \u017dBUKE<\/strong><\/span><\/p>\n<p><span style=\"font-weight: 400;\"><br \/>\n  <strong>P-02 KUTNI GIPSANI PROFIL profil za <\/strong><br \/>\n<\/span>suhu konstrukciju ili za tanke i debele gipsane premaze. Kutni gipsani profili za suhu konstrukciju slu\u017ee za za\u0161titu rubova i uglova od mehani\u010dkih o\u0161te\u0107enja. Profili su izra\u0111eni u razli\u010ditim izvedbama i materijalima. Profili moraju biti okrenuti prema sredini plo\u010de kako bi se izgladili. Mogu se koristiti za horizontalna i vertikalna mjesta.<\/p>\n<p><img decoding=\"async\" class=\"lazyload alignnone size-medium wp-image-20521\" src=\"https:\/\/pofix.com\/wp-content\/uploads\/2023\/05\/P-02-198x300.png\" data-orig-src=\"https:\/\/pofix.com\/wp-content\/uploads\/2023\/05\/P-02-198x300.png\" alt=\"\" width=\"198\" height=\"300\" srcset=\"data:image\/svg+xml,%3Csvg%20xmlns%3D%27http%3A%2F%2Fwww.w3.org%2F2000%2Fsvg%27%20width%3D%27198%27%20height%3D%27300%27%20viewBox%3D%270%200%20198%20300%27%3E%3Crect%20width%3D%27198%27%20height%3D%27300%27%20fill-opacity%3D%220%22%2F%3E%3C%2Fsvg%3E\" data-srcset=\"https:\/\/pofix.com\/wp-content\/uploads\/2023\/05\/P-02-198x300.png 198w, https:\/\/pofix.com\/wp-content\/uploads\/2023\/05\/P-02-200x304.png 200w, https:\/\/pofix.com\/wp-content\/uploads\/2023\/05\/P-02-400x607.png 400w, https:\/\/pofix.com\/wp-content\/uploads\/2023\/05\/P-02-500x759.png 500w, https:\/\/pofix.com\/wp-content\/uploads\/2023\/05\/P-02.png 550w\" data-sizes=\"auto\" data-orig-sizes=\"(max-width: 198px) 100vw, 198px\" \/> <img decoding=\"async\" class=\"lazyload alignnone size-medium wp-image-20522\" src=\"https:\/\/pofix.com\/wp-content\/uploads\/2023\/05\/P-02-dim-198x300.png\" data-orig-src=\"https:\/\/pofix.com\/wp-content\/uploads\/2023\/05\/P-02-dim-198x300.png\" alt=\"\" width=\"198\" height=\"300\" srcset=\"data:image\/svg+xml,%3Csvg%20xmlns%3D%27http%3A%2F%2Fwww.w3.org%2F2000%2Fsvg%27%20width%3D%27198%27%20height%3D%27300%27%20viewBox%3D%270%200%20198%20300%27%3E%3Crect%20width%3D%27198%27%20height%3D%27300%27%20fill-opacity%3D%220%22%2F%3E%3C%2Fsvg%3E\" data-srcset=\"https:\/\/pofix.com\/wp-content\/uploads\/2023\/05\/P-02-dim-198x300.png 198w, https:\/\/pofix.com\/wp-content\/uploads\/2023\/05\/P-02-dim-200x304.png 200w, https:\/\/pofix.com\/wp-content\/uploads\/2023\/05\/P-02-dim-400x607.png 400w, https:\/\/pofix.com\/wp-content\/uploads\/2023\/05\/P-02-dim-500x759.png 500w, https:\/\/pofix.com\/wp-content\/uploads\/2023\/05\/P-02-dim.png 550w\" data-sizes=\"auto\" data-orig-sizes=\"(max-width: 198px) 100vw, 198px\" \/> <img decoding=\"async\" class=\"lazyload alignnone size-medium wp-image-20523\" src=\"https:\/\/pofix.com\/wp-content\/uploads\/2023\/05\/P-02zoom-198x300.png\" data-orig-src=\"https:\/\/pofix.com\/wp-content\/uploads\/2023\/05\/P-02zoom-198x300.png\" alt=\"\" width=\"198\" height=\"300\" srcset=\"data:image\/svg+xml,%3Csvg%20xmlns%3D%27http%3A%2F%2Fwww.w3.org%2F2000%2Fsvg%27%20width%3D%27198%27%20height%3D%27300%27%20viewBox%3D%270%200%20198%20300%27%3E%3Crect%20width%3D%27198%27%20height%3D%27300%27%20fill-opacity%3D%220%22%2F%3E%3C%2Fsvg%3E\" data-srcset=\"https:\/\/pofix.com\/wp-content\/uploads\/2023\/05\/P-02zoom-198x300.png 198w, https:\/\/pofix.com\/wp-content\/uploads\/2023\/05\/P-02zoom-200x304.png 200w, https:\/\/pofix.com\/wp-content\/uploads\/2023\/05\/P-02zoom-400x607.png 400w, https:\/\/pofix.com\/wp-content\/uploads\/2023\/05\/P-02zoom-500x759.png 500w, https:\/\/pofix.com\/wp-content\/uploads\/2023\/05\/P-02zoom.png 550w\" data-sizes=\"auto\" data-orig-sizes=\"(max-width: 198px) 100vw, 198px\" \/><\/p>\n<\/p>\n<div class=\"table-1\">\n<table width=\"100%\">\n<thead>\n<tr>\n<th align=\"left\"><b>Tehni\u010dki podaci<\/b><\/th>\n<th align=\"left\">Parametri<\/th>\n<\/tr>\n<\/thead>\n<tbody>\n<tr>\n<td align=\"left\">duljina<\/td>\n<td align=\"left\"><span style=\"font-weight: 400;\">2800 mm<\/span><\/td>\n<\/tr>\n<tr>\n<td align=\"left\"><span style=\"font-weight: 400;\">Debljina nano\u0161enja<\/span><\/td>\n<td align=\"left\"><span style=\"font-weight: 400;\">1,5 mm.<\/span><\/td>\n<\/tr>\n<tr>\n<td align=\"left\"><span style=\"font-weight: 400;\">duljina jedne strane<\/span><\/td>\n<td align=\"left\"><span style=\"font-weight: 400;\">22 mm.<\/span><\/td>\n<\/tr>\n<tr>\n<td align=\"left\"><span style=\"font-weight: 400;\">duljina druge stranice<\/span><\/td>\n<td align=\"left\"><span style=\"font-weight: 400;\">22 mm.<\/span><\/td>\n<\/tr>\n<tr>\n<td align=\"left\"><span style=\"font-weight: 400;\">Materijal<\/span><\/td>\n<td align=\"left\"><span style=\"font-weight: 400;\">Al<\/span><\/td>\n<\/tr>\n<tr>\n<td align=\"left\"><span style=\"font-weight: 400;\">Boja<\/span><\/td>\n<td align=\"left\"><img decoding=\"async\" class=\"lazyload alignnone size-full wp-image-20279\" src=\"data:image\/svg+xml,%3Csvg%20xmlns%3D%27http%3A%2F%2Fwww.w3.org%2F2000%2Fsvg%27%20width%3D%2725%27%20height%3D%2725%27%20viewBox%3D%270%200%2025%2025%27%3E%3Crect%20width%3D%2725%27%20height%3D%2725%27%20fill-opacity%3D%220%22%2F%3E%3C%2Fsvg%3E\" data-orig-src=\"https:\/\/pofix.com\/wp-content\/uploads\/2015\/10\/greeColor.png\" alt=\"\" width=\"25\" height=\"25\">  (srebro)<\/td>\n<\/tr>\n<\/tbody>\n<\/table>\n<\/div>\n<p>\n","protected":false},"excerpt":{"rendered":"<p><span style=\"font-weight: 400;\"><strong>P-02 PROFIL KUTNE \u017dBUKE<\/strong><\/span><\/p>\n<p><span style=\"font-weight: 400;\"><br \/>\n  <strong>P-02 KUTNI GIPSANI PROFIL profil za <\/strong><br \/>\n<\/span>suhu konstrukciju ili za tanke i debele gipsane premaze. Kutni gipsani profili za suhu konstrukciju slu\u017ee za za\u0161titu rubova i uglova od mehani\u010dkih o\u0161te\u0107enja. Profili su izra\u0111eni u razli\u010ditim izvedbama i materijalima. Profili moraju biti okrenuti prema sredini plo\u010de kako bi se izgladili. Mogu se koristiti za horizontalna i vertikalna mjesta.<\/p>\n","protected":false},"featured_media":0,"template":"","meta":[],"product_brand":[],"product_cat":[351],"product_tag":[619,620,355,621],"class_list":{"0":"post-23922","1":"product","2":"type-product","3":"status-publish","5":"product_cat-profili","6":"product_tag-kutni-gipsani-profil","7":"product_tag-p-02-hr","8":"product_tag-pofiks","9":"product_tag-profili","11":"first","12":"instock","13":"shipping-taxable","14":"purchasable","15":"product-type-simple"},"aioseo_notices":[],"_links":{"self":[{"href":"https:\/\/pofix.com\/hr\/wp-json\/wp\/v2\/product\/23922","targetHints":{"allow":["GET"]}}],"collection":[{"href":"https:\/\/pofix.com\/hr\/wp-json\/wp\/v2\/product"}],"about":[{"href":"https:\/\/pofix.com\/hr\/wp-json\/wp\/v2\/types\/product"}],"wp:attachment":[{"href":"https:\/\/pofix.com\/hr\/wp-json\/wp\/v2\/media?parent=23922"}],"wp:term":[{"taxonomy":"product_brand","embeddable":true,"href":"https:\/\/pofix.com\/hr\/wp-json\/wp\/v2\/product_brand?post=23922"},{"taxonomy":"product_cat","embeddable":true,"href":"https:\/\/pofix.com\/hr\/wp-json\/wp\/v2\/product_cat?post=23922"},{"taxonomy":"product_tag","embeddable":true,"href":"https:\/\/pofix.com\/hr\/wp-json\/wp\/v2\/product_tag?post=23922"}],"curies":[{"name":"wp","href":"https:\/\/api.w.org\/{rel}","templated":true}]}}