{"id":23856,"date":"2023-05-07T00:52:35","date_gmt":"2023-05-07T00:52:35","guid":{"rendered":"https:\/\/pofix.com\/product\/aquastop\/"},"modified":"2024-03-12T14:03:09","modified_gmt":"2024-03-12T14:03:09","slug":"aquastop","status":"publish","type":"product","link":"https:\/\/pofix.com\/hr\/product\/aquastop\/","title":{"rendered":"AQUASTOP"},"content":{"rendered":"<p><b>Hidroizolacija<\/b><\/p>\n<p><span style=\"font-weight: 400;\">Aquastop je spreman mje\u0161oviti materijal i otporan na vlagu za mjesta poput bazena, kupaonica, terasa, kuhinja, podruma itd. Povr\u0161ina mora biti ravna, \u010dvrsta, suha i \u010dista od pra\u0161ine. Prije uporabe aqua stop se pomije\u0161a s 10% vode. Nanosi se na dva sloja u razdoblju od 12 sati.<\/span><\/p>\n<p>&nbsp;<\/p>\n<p><img decoding=\"async\" class=\"lazyload alignnone size-full wp-image-20493\" src=\"https:\/\/pofix.com\/wp-content\/uploads\/2023\/05\/functioningAqua.png\" data-orig-src=\"https:\/\/pofix.com\/wp-content\/uploads\/2023\/05\/functioningAqua.png\" alt=\"\" width=\"294\" height=\"56\" srcset=\"data:image\/svg+xml,%3Csvg%20xmlns%3D%27http%3A%2F%2Fwww.w3.org%2F2000%2Fsvg%27%20width%3D%27294%27%20height%3D%2756%27%20viewBox%3D%270%200%20294%2056%27%3E%3Crect%20width%3D%27294%27%20height%3D%2756%27%20fill-opacity%3D%220%22%2F%3E%3C%2Fsvg%3E\" data-srcset=\"https:\/\/pofix.com\/wp-content\/uploads\/2023\/05\/functioningAqua-200x38.png 200w, https:\/\/pofix.com\/wp-content\/uploads\/2023\/05\/functioningAqua.png 294w\" data-sizes=\"auto\" data-orig-sizes=\"(max-width: 294px) 100vw, 294px\" \/><\/p>\n<\/p>\n<div class=\"table-1\">\n<table width=\"100%\">\n<thead>\n<tr>\n<th align=\"left\"><b>Priprema i primjena<\/b><\/th>\n<th align=\"left\">Parametri<\/th>\n<\/tr>\n<\/thead>\n<tbody>\n<tr>\n<td align=\"left\"><span style=\"font-weight: 400;\">Vrijeme primjene nakon mije\u0161anja s vodom<\/span><\/td>\n<td align=\"left\">\/<\/td>\n<\/tr>\n<tr>\n<td align=\"left\"><span style=\"font-weight: 400;\">Vrijeme su\u0161enja materijala<\/span><\/td>\n<td align=\"left\"><span style=\"font-weight: 400;\">24 h.<\/span><\/td>\n<\/tr>\n<tr>\n<td align=\"left\"><span style=\"font-weight: 400;\">Debljina nano\u0161enja<\/span><\/td>\n<td align=\"left\"><span style=\"font-weight: 400;\">1 mm.<\/span><\/td>\n<\/tr>\n<tr>\n<td align=\"left\"><span style=\"font-weight: 400;\">Granulacija<\/span><\/td>\n<td align=\"left\"><span style=\"font-weight: 400;\">10<\/span><\/td>\n<\/tr>\n<tr>\n<td align=\"left\"><span style=\"font-weight: 400;\">Potro\u0161nja<\/span><\/td>\n<td align=\"left\"><span style=\"font-weight: 400;\">400 g\/m2.<\/span><\/td>\n<\/tr>\n<tr>\n<td align=\"left\"><span style=\"font-weight: 400;\">Temperatura zraka i povr\u0161ine<\/span><\/td>\n<td align=\"left\"><span style=\"font-weight: 400;\">+5\/+25\u00b0C<\/span><\/td>\n<\/tr>\n<tr>\n<td align=\"left\"><span style=\"font-weight: 400;\">Boja<\/span><\/td>\n<td align=\"left\"><img decoding=\"async\" class=\"lazyload alignnone size-full wp-image-20295\" src=\"data:image\/svg+xml,%3Csvg%20xmlns%3D%27http%3A%2F%2Fwww.w3.org%2F2000%2Fsvg%27%20width%3D%2725%27%20height%3D%2725%27%20viewBox%3D%270%200%2025%2025%27%3E%3Crect%20width%3D%2725%27%20height%3D%2725%27%20fill-opacity%3D%220%22%2F%3E%3C%2Fsvg%3E\" data-orig-src=\"https:\/\/pofix.com\/wp-content\/uploads\/2023\/05\/white.png\" alt=\"\" width=\"25\" height=\"25\"><img decoding=\"async\" class=\"lazyload alignnone size-full wp-image-20492\" src=\"data:image\/svg+xml,%3Csvg%20xmlns%3D%27http%3A%2F%2Fwww.w3.org%2F2000%2Fsvg%27%20width%3D%2731%27%20height%3D%2731%27%20viewBox%3D%270%200%2031%2031%27%3E%3Crect%20width%3D%2731%27%20height%3D%2731%27%20fill-opacity%3D%220%22%2F%3E%3C%2Fsvg%3E\" data-orig-src=\"https:\/\/pofix.com\/wp-content\/uploads\/2023\/05\/yell.png\" alt=\"\" width=\"31\" height=\"31\"><\/td>\n<\/tr>\n<tr>\n<td align=\"left\"><span style=\"font-weight: 400;\">Vre\u0107a od kg<\/span><\/td>\n<td align=\"left\"><span style=\"font-weight: 400;\">8\/15<\/span><\/td>\n<\/tr>\n<tr>\n<td align=\"left\"><span style=\"font-weight: 400;\">Vre\u0107e\/paleta<\/span><\/td>\n<td align=\"left\">60\/36<\/td>\n<\/tr>\n<\/tbody>\n<\/table>\n<\/div>\n<p>\n","protected":false},"excerpt":{"rendered":"<p><b>Aquastop hidroizolacija<\/b><\/p>\n<p><span style=\"font-weight: 400;\">Aquastop je spreman mje\u0161oviti materijal i otporan na vlagu za mjesta poput bazena, kupaonica, terasa, kuhinja, podruma itd. Povr\u0161ina mora biti ravna, \u010dvrsta, suha i \u010dista od pra\u0161ine. Prije uporabe aqua stop se pomije\u0161a s 10% vode. Nanosi se na dva sloja u razdoblju od 12 sati.<\/span><\/p>\n","protected":false},"featured_media":0,"template":"","meta":[],"product_brand":[],"product_cat":[411,400],"product_tag":[607,606,355,605,562],"class_list":{"0":"post-23856","1":"product","2":"type-product","3":"status-publish","5":"product_cat-akrilni-proizvodi","6":"product_cat-pofluid-others-hr","7":"product_tag-aquastop-hr","8":"product_tag-hidroizolacija","9":"product_tag-pofiks","10":"product_tag-pofluidi","11":"product_tag-unutarnja-boja","13":"first","14":"instock","15":"shipping-taxable","16":"purchasable","17":"product-type-simple"},"aioseo_notices":[],"_links":{"self":[{"href":"https:\/\/pofix.com\/hr\/wp-json\/wp\/v2\/product\/23856","targetHints":{"allow":["GET"]}}],"collection":[{"href":"https:\/\/pofix.com\/hr\/wp-json\/wp\/v2\/product"}],"about":[{"href":"https:\/\/pofix.com\/hr\/wp-json\/wp\/v2\/types\/product"}],"wp:attachment":[{"href":"https:\/\/pofix.com\/hr\/wp-json\/wp\/v2\/media?parent=23856"}],"wp:term":[{"taxonomy":"product_brand","embeddable":true,"href":"https:\/\/pofix.com\/hr\/wp-json\/wp\/v2\/product_brand?post=23856"},{"taxonomy":"product_cat","embeddable":true,"href":"https:\/\/pofix.com\/hr\/wp-json\/wp\/v2\/product_cat?post=23856"},{"taxonomy":"product_tag","embeddable":true,"href":"https:\/\/pofix.com\/hr\/wp-json\/wp\/v2\/product_tag?post=23856"}],"curies":[{"name":"wp","href":"https:\/\/api.w.org\/{rel}","templated":true}]}}