{"id":23818,"date":"2023-05-14T16:12:27","date_gmt":"2023-05-14T16:12:27","guid":{"rendered":"https:\/\/pofix.com\/product\/p-01-kutni-profil\/"},"modified":"2024-03-12T14:03:03","modified_gmt":"2024-03-12T14:03:03","slug":"p-01-kutni-profil","status":"publish","type":"product","link":"https:\/\/pofix.com\/hr\/product\/p-01-kutni-profil\/","title":{"rendered":"P-01 KUTNI PROFIL"},"content":{"rendered":"<p><span style=\"font-weight: 400;\"><strong>P-01 PREFIKS KUTNI PROFIL<\/strong><\/span><\/p>\n<p><span style=\"font-weight: 400;\"><br \/>\n  <strong>P-01 <\/strong><br \/>\n<\/span>profil za suhu konstrukciju ili za tanke gipsane premaze. Kutni profili za suhu konstrukciju slu\u017ee za za\u0161titu rubova i uglova od mehani\u010dkih o\u0161te\u0107enja. Profili su izra\u0111eni u razli\u010ditim izvedbama i materijalima. Profili moraju biti okrenuti prema sredini plo\u010de<br \/>\nda se izgladi.<\/p>\n<p><img decoding=\"async\" class=\"lazyload alignnone size-medium wp-image-20515\" src=\"https:\/\/pofix.com\/wp-content\/uploads\/2023\/05\/P-01-198x300.png\" data-orig-src=\"https:\/\/pofix.com\/wp-content\/uploads\/2023\/05\/P-01-198x300.png\" alt=\"\" width=\"198\" height=\"300\" srcset=\"data:image\/svg+xml,%3Csvg%20xmlns%3D%27http%3A%2F%2Fwww.w3.org%2F2000%2Fsvg%27%20width%3D%27198%27%20height%3D%27300%27%20viewBox%3D%270%200%20198%20300%27%3E%3Crect%20width%3D%27198%27%20height%3D%27300%27%20fill-opacity%3D%220%22%2F%3E%3C%2Fsvg%3E\" data-srcset=\"https:\/\/pofix.com\/wp-content\/uploads\/2023\/05\/P-01-198x300.png 198w, https:\/\/pofix.com\/wp-content\/uploads\/2023\/05\/P-01-200x304.png 200w, https:\/\/pofix.com\/wp-content\/uploads\/2023\/05\/P-01-400x607.png 400w, https:\/\/pofix.com\/wp-content\/uploads\/2023\/05\/P-01-500x759.png 500w, https:\/\/pofix.com\/wp-content\/uploads\/2023\/05\/P-01.png 550w\" data-sizes=\"auto\" data-orig-sizes=\"(max-width: 198px) 100vw, 198px\" \/> <img decoding=\"async\" class=\"lazyload alignnone size-medium wp-image-20519\" src=\"https:\/\/pofix.com\/wp-content\/uploads\/2023\/05\/P-01-dim-1-198x300.png\" data-orig-src=\"https:\/\/pofix.com\/wp-content\/uploads\/2023\/05\/P-01-dim-1-198x300.png\" alt=\"\" width=\"198\" height=\"300\" srcset=\"data:image\/svg+xml,%3Csvg%20xmlns%3D%27http%3A%2F%2Fwww.w3.org%2F2000%2Fsvg%27%20width%3D%27198%27%20height%3D%27300%27%20viewBox%3D%270%200%20198%20300%27%3E%3Crect%20width%3D%27198%27%20height%3D%27300%27%20fill-opacity%3D%220%22%2F%3E%3C%2Fsvg%3E\" data-srcset=\"https:\/\/pofix.com\/wp-content\/uploads\/2023\/05\/P-01-dim-1-198x300.png 198w, https:\/\/pofix.com\/wp-content\/uploads\/2023\/05\/P-01-dim-1-200x304.png 200w, https:\/\/pofix.com\/wp-content\/uploads\/2023\/05\/P-01-dim-1-400x607.png 400w, https:\/\/pofix.com\/wp-content\/uploads\/2023\/05\/P-01-dim-1-500x759.png 500w, https:\/\/pofix.com\/wp-content\/uploads\/2023\/05\/P-01-dim-1.png 550w\" data-sizes=\"auto\" data-orig-sizes=\"(max-width: 198px) 100vw, 198px\" \/> <img decoding=\"async\" class=\"lazyload alignnone size-medium wp-image-20517\" src=\"https:\/\/pofix.com\/wp-content\/uploads\/2023\/05\/P-01-ZOOM-198x300.png\" data-orig-src=\"https:\/\/pofix.com\/wp-content\/uploads\/2023\/05\/P-01-ZOOM-198x300.png\" alt=\"\" width=\"198\" height=\"300\" srcset=\"data:image\/svg+xml,%3Csvg%20xmlns%3D%27http%3A%2F%2Fwww.w3.org%2F2000%2Fsvg%27%20width%3D%27198%27%20height%3D%27300%27%20viewBox%3D%270%200%20198%20300%27%3E%3Crect%20width%3D%27198%27%20height%3D%27300%27%20fill-opacity%3D%220%22%2F%3E%3C%2Fsvg%3E\" data-srcset=\"https:\/\/pofix.com\/wp-content\/uploads\/2023\/05\/P-01-ZOOM-198x300.png 198w, https:\/\/pofix.com\/wp-content\/uploads\/2023\/05\/P-01-ZOOM-200x304.png 200w, https:\/\/pofix.com\/wp-content\/uploads\/2023\/05\/P-01-ZOOM-400x607.png 400w, https:\/\/pofix.com\/wp-content\/uploads\/2023\/05\/P-01-ZOOM-500x759.png 500w, https:\/\/pofix.com\/wp-content\/uploads\/2023\/05\/P-01-ZOOM.png 550w\" data-sizes=\"auto\" data-orig-sizes=\"(max-width: 198px) 100vw, 198px\" \/><\/p>\n<\/p>\n<div class=\"table-1\">\n<table width=\"100%\">\n<thead>\n<tr>\n<th align=\"left\"><b>Tehni\u010dki podaci<\/b><\/th>\n<th align=\"left\">Parametri<\/th>\n<\/tr>\n<\/thead>\n<tbody>\n<tr>\n<td align=\"left\">duljina<\/td>\n<td align=\"left\"><span style=\"font-weight: 400;\">2800 mm<\/span><\/td>\n<\/tr>\n<tr>\n<td align=\"left\"><span style=\"font-weight: 400;\">Debljina nano\u0161enja<\/span><\/td>\n<td align=\"left\"><span style=\"font-weight: 400;\">1 mm.<\/span><\/td>\n<\/tr>\n<tr>\n<td align=\"left\"><span style=\"font-weight: 400;\">duljina jedne strane<\/span><\/td>\n<td align=\"left\"><span style=\"font-weight: 400;\">35 mm.<\/span><\/td>\n<\/tr>\n<tr>\n<td align=\"left\"><span style=\"font-weight: 400;\">duljina druge stranice<\/span><\/td>\n<td align=\"left\"><span style=\"font-weight: 400;\">35 mm.<\/span><\/td>\n<\/tr>\n<tr>\n<td align=\"left\"><span style=\"font-weight: 400;\">Materijal<\/span><\/td>\n<td align=\"left\"><span style=\"font-weight: 400;\">Al<\/span><\/td>\n<\/tr>\n<tr>\n<td align=\"left\"><span style=\"font-weight: 400;\">Boja<\/span><\/td>\n<td align=\"left\"><img decoding=\"async\" class=\"lazyload alignnone size-full wp-image-20279\" src=\"data:image\/svg+xml,%3Csvg%20xmlns%3D%27http%3A%2F%2Fwww.w3.org%2F2000%2Fsvg%27%20width%3D%2725%27%20height%3D%2725%27%20viewBox%3D%270%200%2025%2025%27%3E%3Crect%20width%3D%2725%27%20height%3D%2725%27%20fill-opacity%3D%220%22%2F%3E%3C%2Fsvg%3E\" data-orig-src=\"https:\/\/pofix.com\/wp-content\/uploads\/2015\/10\/greeColor.png\" alt=\"\" width=\"25\" height=\"25\">  (srebro)<\/td>\n<\/tr>\n<\/tbody>\n<\/table>\n<\/div>\n<p>\n","protected":false},"excerpt":{"rendered":"<p><span style=\"font-weight: 400;\"><strong>P-01 PREFIKS KUTNI PROFIL<\/strong><\/span><\/p>\n<p><span style=\"font-weight: 400;\"><br \/>\n  <strong>P-01 <\/strong><br \/>\n<\/span>profil za suhu konstrukciju ili za tanke gipsane premaze.<br \/>\nKutni profili za suhu konstrukciju slu\u017ee za za\u0161titu rubova i uglova od mehani\u010dkih o\u0161te\u0107enja.<br \/>\nProfili su izra\u0111eni u razli\u010ditim izvedbama i materijalima. Profili moraju biti okrenuti prema sredini plo\u010de<br \/>\nda se izgladi.<\/p>\n","protected":false},"featured_media":0,"template":"","meta":[],"product_brand":[],"product_cat":[351],"product_tag":[467,595,355],"class_list":{"0":"post-23818","1":"product","2":"type-product","3":"status-publish","5":"product_cat-profili","6":"product_tag-kutni-profil","7":"product_tag-p-01-hr","8":"product_tag-pofiks","10":"first","11":"instock","12":"shipping-taxable","13":"purchasable","14":"product-type-simple"},"aioseo_notices":[],"_links":{"self":[{"href":"https:\/\/pofix.com\/hr\/wp-json\/wp\/v2\/product\/23818","targetHints":{"allow":["GET"]}}],"collection":[{"href":"https:\/\/pofix.com\/hr\/wp-json\/wp\/v2\/product"}],"about":[{"href":"https:\/\/pofix.com\/hr\/wp-json\/wp\/v2\/types\/product"}],"wp:attachment":[{"href":"https:\/\/pofix.com\/hr\/wp-json\/wp\/v2\/media?parent=23818"}],"wp:term":[{"taxonomy":"product_brand","embeddable":true,"href":"https:\/\/pofix.com\/hr\/wp-json\/wp\/v2\/product_brand?post=23818"},{"taxonomy":"product_cat","embeddable":true,"href":"https:\/\/pofix.com\/hr\/wp-json\/wp\/v2\/product_cat?post=23818"},{"taxonomy":"product_tag","embeddable":true,"href":"https:\/\/pofix.com\/hr\/wp-json\/wp\/v2\/product_tag?post=23818"}],"curies":[{"name":"wp","href":"https:\/\/api.w.org\/{rel}","templated":true}]}}