{"id":23805,"date":"2023-05-06T18:14:06","date_gmt":"2023-05-06T18:14:06","guid":{"rendered":"https:\/\/pofix.com\/product\/pocolor-temeljni-premaz\/"},"modified":"2024-03-12T13:47:29","modified_gmt":"2024-03-12T13:47:29","slug":"pocolor-temeljni-premaz","status":"publish","type":"product","link":"https:\/\/pofix.com\/hr\/product\/pocolor-temeljni-premaz\/","title":{"rendered":"POCOLOR TEMELJNI PREMAZ"},"content":{"rendered":"<p><strong>POCOLOR TEMELJNI PREMAZ<\/strong><br \/>\nje akrilna smola za unutarnju i vanjsku uporabu. Mo\u017ee se koristiti za pokrivanje povr\u0161ina prije nano\u0161enja boje. Kod Pocolor Primera smanjuje se sposobnost povr\u0161ine da se apsorbira, ja\u010da povr\u0161inu, \u010dini je glatkom, a kona\u010dna boja bolje rezultira. Za izvrsne rezultate, reciprocitet otapanja s vodom je 1:2, ali se tolerira do 1:5.<\/p>\n<p>&nbsp;<\/p>\n<p><img decoding=\"async\" class=\"lazyload alignnone size-full wp-image-20453\" src=\"https:\/\/pofix.com\/wp-content\/uploads\/2023\/05\/funk.png\" data-orig-src=\"https:\/\/pofix.com\/wp-content\/uploads\/2023\/05\/funk.png\" alt=\"\" width=\"212\" height=\"53\" srcset=\"data:image\/svg+xml,%3Csvg%20xmlns%3D%27http%3A%2F%2Fwww.w3.org%2F2000%2Fsvg%27%20width%3D%27212%27%20height%3D%2753%27%20viewBox%3D%270%200%20212%2053%27%3E%3Crect%20width%3D%27212%27%20height%3D%2753%27%20fill-opacity%3D%220%22%2F%3E%3C%2Fsvg%3E\" data-srcset=\"https:\/\/pofix.com\/wp-content\/uploads\/2023\/05\/funk-200x50.png 200w, https:\/\/pofix.com\/wp-content\/uploads\/2023\/05\/funk.png 212w\" data-sizes=\"auto\" data-orig-sizes=\"(max-width: 212px) 100vw, 212px\" \/><\/p>\n<\/p>\n<div class=\"table-1\">\n<table width=\"100%\">\n<thead>\n<tr>\n<th align=\"left\"><b>Priprema i primjena<\/b><\/th>\n<th align=\"left\">Parametri<\/th>\n<\/tr>\n<\/thead>\n<tbody>\n<tr>\n<td align=\"left\"><span style=\"font-weight: 400;\">Vrijeme primjene nakon mije\u0161anja s vodom<\/span><\/td>\n<td align=\"left\">2 h.<\/td>\n<\/tr>\n<tr>\n<td align=\"left\"><span style=\"font-weight: 400;\">Vrijeme su\u0161enja materijala<\/span><\/td>\n<td align=\"left\"><span style=\"font-weight: 400;\">12 h.<\/span><\/td>\n<\/tr>\n<tr>\n<td align=\"left\"><span style=\"font-weight: 400;\">Debljina nano\u0161enja<\/span><\/td>\n<td align=\"left\"><span style=\"font-weight: 400;\">1 &#8211; 2 mm.<\/span><\/td>\n<\/tr>\n<tr>\n<td align=\"left\"><span style=\"font-weight: 400;\">Granulacija<\/span><\/td>\n<td align=\"left\"><span style=\"font-weight: 400;\">0-1,2 mm.<\/span><\/td>\n<\/tr>\n<tr>\n<td align=\"left\"><span style=\"font-weight: 400;\">Potro\u0161nja<\/span><\/td>\n<td align=\"left\"><span style=\"font-weight: 400;\">350 g\/m2.<\/span><\/td>\n<\/tr>\n<tr>\n<td align=\"left\"><span style=\"font-weight: 400;\">Temperatura zraka i povr\u0161ine<\/span><\/td>\n<td align=\"left\"><span style=\"font-weight: 400;\">+5\/+25\u00b0C<\/span><\/td>\n<\/tr>\n<tr>\n<td align=\"left\"><span style=\"font-weight: 400;\">Boja<\/span><\/td>\n<td align=\"left\"><img decoding=\"async\" class=\"lazyload alignnone size-full wp-image-20295\" src=\"data:image\/svg+xml,%3Csvg%20xmlns%3D%27http%3A%2F%2Fwww.w3.org%2F2000%2Fsvg%27%20width%3D%2725%27%20height%3D%2725%27%20viewBox%3D%270%200%2025%2025%27%3E%3Crect%20width%3D%2725%27%20height%3D%2725%27%20fill-opacity%3D%220%22%2F%3E%3C%2Fsvg%3E\" data-orig-src=\"https:\/\/pofix.com\/wp-content\/uploads\/2023\/05\/white.png\" alt=\"\" width=\"25\" height=\"25\"><\/td>\n<\/tr>\n<tr>\n<td align=\"left\"><span style=\"font-weight: 400;\">Vre\u0107a od kg<\/span><\/td>\n<td align=\"left\"><span style=\"font-weight: 400;\">10\/20<\/span><\/td>\n<\/tr>\n<tr>\n<td align=\"left\"><span style=\"font-weight: 400;\">Vre\u0107e\/paleta<\/span><\/td>\n<td align=\"left\">60\/36<\/td>\n<\/tr>\n<\/tbody>\n<\/table>\n<\/div>\n<p>\n","protected":false},"excerpt":{"rendered":"<p><strong>Pocolor Primer<\/strong><br \/>\nje akrilna smola za unutarnju i vanjsku uporabu. Mo\u017ee se koristiti za pokrivanje povr\u0161ina prije nano\u0161enja boje. Kod Pocolor Primera smanjuje se sposobnost povr\u0161ine da se apsorbira, ja\u010da povr\u0161inu, \u010dini je glatkom, a kona\u010dna boja bolje rezultira. Za izvrsne rezultate, reciprocitet otapanja s vodom je 1:2, ali se tolerira do 1:5.<\/p>\n","protected":false},"featured_media":0,"template":"","meta":[],"product_brand":[],"product_cat":[404,411],"product_tag":[553,557,549,584,355],"class_list":{"0":"post-23805","1":"product","2":"type-product","3":"status-publish","5":"product_cat-akrilne-zbuke-i-boje","6":"product_cat-akrilni-proizvodi","7":"product_tag-akrilna-baza","8":"product_tag-akrilni-mortovi-i-boje","9":"product_tag-akrilni-proizvodi","10":"product_tag-pocolor-primer-hr","11":"product_tag-pofiks","13":"first","14":"instock","15":"shipping-taxable","16":"purchasable","17":"product-type-simple"},"aioseo_notices":[],"_links":{"self":[{"href":"https:\/\/pofix.com\/hr\/wp-json\/wp\/v2\/product\/23805","targetHints":{"allow":["GET"]}}],"collection":[{"href":"https:\/\/pofix.com\/hr\/wp-json\/wp\/v2\/product"}],"about":[{"href":"https:\/\/pofix.com\/hr\/wp-json\/wp\/v2\/types\/product"}],"wp:attachment":[{"href":"https:\/\/pofix.com\/hr\/wp-json\/wp\/v2\/media?parent=23805"}],"wp:term":[{"taxonomy":"product_brand","embeddable":true,"href":"https:\/\/pofix.com\/hr\/wp-json\/wp\/v2\/product_brand?post=23805"},{"taxonomy":"product_cat","embeddable":true,"href":"https:\/\/pofix.com\/hr\/wp-json\/wp\/v2\/product_cat?post=23805"},{"taxonomy":"product_tag","embeddable":true,"href":"https:\/\/pofix.com\/hr\/wp-json\/wp\/v2\/product_tag?post=23805"}],"curies":[{"name":"wp","href":"https:\/\/api.w.org\/{rel}","templated":true}]}}