{"id":23766,"date":"2023-05-06T18:21:16","date_gmt":"2023-05-06T18:21:16","guid":{"rendered":"https:\/\/pofix.com\/product\/poabrib-kratz\/"},"modified":"2024-03-12T13:47:21","modified_gmt":"2024-03-12T13:47:21","slug":"poabrib-kratz","status":"publish","type":"product","link":"https:\/\/pofix.com\/hr\/product\/poabrib-kratz\/","title":{"rendered":"POABRIB KRATZ"},"content":{"rendered":"<p><strong>Poabrib KRATZ<\/strong><br \/>\nPoabrib KRATZ je visoke kvalitete, spreman za uporabu, dekorativni strukturni teku\u0107i mort i jednostavan za nano\u0161enje, koji se koristi za unutarnje i vanjske povr\u0161ine. Baza mora biti intenzivna, \u010dista od pra\u0161ine i ne smrznuta. Pola\u017ee se \u010deli\u010dnim alatima, debljine iste kao i najve\u0107a granulacija. Obra\u0111uje se plasti\u010dnim alatom dok je polo\u017eeni materijal vla\u017ean. Kona\u010dni proizvod, koji se ve\u0107 primjenjuje, jak je, vodootporan i vodootporan i na njega se ne utje\u010de atmosferski uvjet.<\/p>\n<p>&nbsp;<\/p>\n<p><img decoding=\"async\" class=\"lazyload alignnone size-medium wp-image-20462\" src=\"https:\/\/pofix.com\/wp-content\/uploads\/2023\/05\/funk-1-300x37.png\" data-orig-src=\"https:\/\/pofix.com\/wp-content\/uploads\/2023\/05\/funk-1-300x37.png\" alt=\"\" width=\"300\" height=\"37\" srcset=\"data:image\/svg+xml,%3Csvg%20xmlns%3D%27http%3A%2F%2Fwww.w3.org%2F2000%2Fsvg%27%20width%3D%27300%27%20height%3D%2737%27%20viewBox%3D%270%200%20300%2037%27%3E%3Crect%20width%3D%27300%27%20height%3D%2737%27%20fill-opacity%3D%220%22%2F%3E%3C%2Fsvg%3E\" data-srcset=\"https:\/\/pofix.com\/wp-content\/uploads\/2023\/05\/funk-1-200x25.png 200w, https:\/\/pofix.com\/wp-content\/uploads\/2023\/05\/funk-1-300x37.png 300w, https:\/\/pofix.com\/wp-content\/uploads\/2023\/05\/funk-1-400x49.png 400w, https:\/\/pofix.com\/wp-content\/uploads\/2023\/05\/funk-1.png 455w\" data-sizes=\"auto\" data-orig-sizes=\"(max-width: 300px) 100vw, 300px\" \/><\/p>\n<\/p>\n<div class=\"table-1\">\n<table width=\"100%\">\n<thead>\n<tr>\n<th align=\"left\"><b>Priprema i primjena<\/b><\/th>\n<th align=\"left\">Parametri<\/th>\n<\/tr>\n<\/thead>\n<tbody>\n<tr>\n<td align=\"left\"><span style=\"font-weight: 400;\">Vrijeme primjene nakon mije\u0161anja s vodom<\/span><\/td>\n<td align=\"left\">2 h.<\/td>\n<\/tr>\n<tr>\n<td align=\"left\"><span style=\"font-weight: 400;\">Vrijeme su\u0161enja materijala<\/span><\/td>\n<td align=\"left\"><span style=\"font-weight: 400;\">24 h.<\/span><\/td>\n<\/tr>\n<tr>\n<td align=\"left\"><span style=\"font-weight: 400;\">Debljina nano\u0161enja<\/span><\/td>\n<td align=\"left\"><span style=\"font-weight: 400;\">1,5 mm.<\/span><\/p>\n<p><span style=\"font-weight: 400;\">2 mm.<\/span><\/td>\n<\/tr>\n<tr>\n<td align=\"left\"><span style=\"font-weight: 400;\">Granulacija<\/span><\/td>\n<td align=\"left\"><span style=\"font-weight: 400;\">3 mm.<\/span><\/td>\n<\/tr>\n<tr>\n<td align=\"left\"><span style=\"font-weight: 400;\">Potro\u0161nja<\/span><\/td>\n<td align=\"left\"><span style=\"font-weight: 400;\">2-4 kg\/m2.<\/span><\/td>\n<\/tr>\n<tr>\n<td align=\"left\"><span style=\"font-weight: 400;\">Temperatura zraka i povr\u0161ine<\/span><\/td>\n<td align=\"left\"><span style=\"font-weight: 400;\">+5\/+25\u00b0C<\/span><\/td>\n<\/tr>\n<tr>\n<td align=\"left\"><span style=\"font-weight: 400;\">Boja<\/span><\/td>\n<td align=\"left\"><img decoding=\"async\" class=\"lazyload alignnone size-full wp-image-20295\" src=\"data:image\/svg+xml,%3Csvg%20xmlns%3D%27http%3A%2F%2Fwww.w3.org%2F2000%2Fsvg%27%20width%3D%2725%27%20height%3D%2725%27%20viewBox%3D%270%200%2025%2025%27%3E%3Crect%20width%3D%2725%27%20height%3D%2725%27%20fill-opacity%3D%220%22%2F%3E%3C%2Fsvg%3E\" data-orig-src=\"https:\/\/pofix.com\/wp-content\/uploads\/2023\/05\/white.png\" alt=\"\" width=\"25\" height=\"25\"><\/td>\n<\/tr>\n<tr>\n<td align=\"left\"><span style=\"font-weight: 400;\">Vre\u0107a od kg<\/span><\/td>\n<td align=\"left\"><span style=\"font-weight: 400;\">25<\/span><\/td>\n<\/tr>\n<tr>\n<td align=\"left\"><span style=\"font-weight: 400;\">Vre\u0107e\/paleta<\/span><\/td>\n<td align=\"left\">36<\/td>\n<\/tr>\n<\/tbody>\n<\/table>\n<\/div>\n<p>\n","protected":false},"excerpt":{"rendered":"<p><strong>Poabrib KRATZ<\/strong><br \/>\nPoabrib KRATZ je visoke kvalitete, spreman za uporabu, dekorativni strukturni teku\u0107i mort i jednostavan za nano\u0161enje, koji se koristi za unutarnje i vanjske povr\u0161ine. Baza mora biti intenzivna, \u010dista od pra\u0161ine i ne smrznuta. Pola\u017ee se \u010deli\u010dnim alatima, debljine iste kao i najve\u0107a granulacija. Obra\u0111uje se plasti\u010dnim alatom dok je polo\u017eeni materijal vla\u017ean. Kona\u010dni proizvod, koji se ve\u0107 primjenjuje, jak je, vodootporan i vodootporan i na njega se ne utje\u010de atmosferski uvjet.<\/p>\n","protected":false},"featured_media":0,"template":"","meta":[],"product_brand":[],"product_cat":[408,411],"product_tag":[553,549,556,355],"class_list":{"0":"post-23766","1":"product","2":"type-product","3":"status-publish","5":"product_cat-akrilne-dekorativne-malte","6":"product_cat-akrilni-proizvodi","7":"product_tag-akrilna-baza","8":"product_tag-akrilni-proizvodi","9":"product_tag-akrilni-ukrasni-mortovi","10":"product_tag-pofiks","12":"first","13":"instock","14":"shipping-taxable","15":"purchasable","16":"product-type-simple"},"aioseo_notices":[],"_links":{"self":[{"href":"https:\/\/pofix.com\/hr\/wp-json\/wp\/v2\/product\/23766","targetHints":{"allow":["GET"]}}],"collection":[{"href":"https:\/\/pofix.com\/hr\/wp-json\/wp\/v2\/product"}],"about":[{"href":"https:\/\/pofix.com\/hr\/wp-json\/wp\/v2\/types\/product"}],"wp:attachment":[{"href":"https:\/\/pofix.com\/hr\/wp-json\/wp\/v2\/media?parent=23766"}],"wp:term":[{"taxonomy":"product_brand","embeddable":true,"href":"https:\/\/pofix.com\/hr\/wp-json\/wp\/v2\/product_brand?post=23766"},{"taxonomy":"product_cat","embeddable":true,"href":"https:\/\/pofix.com\/hr\/wp-json\/wp\/v2\/product_cat?post=23766"},{"taxonomy":"product_tag","embeddable":true,"href":"https:\/\/pofix.com\/hr\/wp-json\/wp\/v2\/product_tag?post=23766"}],"curies":[{"name":"wp","href":"https:\/\/api.w.org\/{rel}","templated":true}]}}