{"id":23742,"date":"2023-05-07T00:28:03","date_gmt":"2023-05-07T00:28:03","guid":{"rendered":"https:\/\/pofix.com\/product\/pocolor-ekonomski\/"},"modified":"2024-03-12T13:47:27","modified_gmt":"2024-03-12T13:47:27","slug":"pocolor-ekonomski","status":"publish","type":"product","link":"https:\/\/pofix.com\/hr\/product\/pocolor-ekonomski\/","title":{"rendered":"POCOLOR EKONOMSKI"},"content":{"rendered":"<p><b>Unutarnja boja<\/b><\/p>\n<p><span style=\"font-weight: 400;\">Pocolor Economic je disperzivna unutarnja boja za za\u0161titu i ukra\u0161avanje unutarnjih zidnih povr\u0161ina. Prije nano\u0161enja preporu\u010da se mije\u0161ati proizvod i dodati 10% \u010diste vode. Nanosi se ru\u010dno \u010detkom ili cilindri\u010dnim valjkom. Baza mora biti o\u010di\u0161\u0107ena, jaka i suha.<\/span><\/p>\n<p>&nbsp;<\/p>\n<p><img decoding=\"async\" class=\"lazyload alignnone size-medium wp-image-20491\" src=\"https:\/\/pofix.com\/wp-content\/uploads\/2023\/05\/functioning-300x45.png\" data-orig-src=\"https:\/\/pofix.com\/wp-content\/uploads\/2023\/05\/functioning-300x45.png\" alt=\"\" width=\"300\" height=\"45\" srcset=\"data:image\/svg+xml,%3Csvg%20xmlns%3D%27http%3A%2F%2Fwww.w3.org%2F2000%2Fsvg%27%20width%3D%27300%27%20height%3D%2745%27%20viewBox%3D%270%200%20300%2045%27%3E%3Crect%20width%3D%27300%27%20height%3D%2745%27%20fill-opacity%3D%220%22%2F%3E%3C%2Fsvg%3E\" data-srcset=\"https:\/\/pofix.com\/wp-content\/uploads\/2023\/05\/functioning-200x30.png 200w, https:\/\/pofix.com\/wp-content\/uploads\/2023\/05\/functioning-300x45.png 300w, https:\/\/pofix.com\/wp-content\/uploads\/2023\/05\/functioning.png 374w\" data-sizes=\"auto\" data-orig-sizes=\"(max-width: 300px) 100vw, 300px\" \/><\/p>\n<\/p>\n<div class=\"table-1\">\n<table width=\"100%\">\n<thead>\n<tr>\n<th align=\"left\"><b>Priprema i primjena<\/b><\/th>\n<th align=\"left\">Parametri<\/th>\n<\/tr>\n<\/thead>\n<tbody>\n<tr>\n<td align=\"left\"><span style=\"font-weight: 400;\">Vrijeme primjene nakon mije\u0161anja s vodom<\/span><\/td>\n<td align=\"left\">\/<\/td>\n<\/tr>\n<tr>\n<td align=\"left\"><span style=\"font-weight: 400;\">Vrijeme su\u0161enja materijala<\/span><\/td>\n<td align=\"left\"><span style=\"font-weight: 400;\">24 h.<\/span><\/td>\n<\/tr>\n<tr>\n<td align=\"left\"><span style=\"font-weight: 400;\">Debljina nano\u0161enja<\/span><\/td>\n<td align=\"left\"><span style=\"font-weight: 400;\">1 mm.<\/span><\/td>\n<\/tr>\n<tr>\n<td align=\"left\"><span style=\"font-weight: 400;\">Granulacija<\/span><\/td>\n<td align=\"left\"><span style=\"font-weight: 400;\">20<\/span><\/td>\n<\/tr>\n<tr>\n<td align=\"left\"><span style=\"font-weight: 400;\">Potro\u0161nja<\/span><\/td>\n<td align=\"left\"><span style=\"font-weight: 400;\">300 g\/m2.<\/span><\/td>\n<\/tr>\n<tr>\n<td align=\"left\"><span style=\"font-weight: 400;\">Temperatura zraka i povr\u0161ine<\/span><\/td>\n<td align=\"left\"><span style=\"font-weight: 400;\">+5\/+25\u00b0C<\/span><\/td>\n<\/tr>\n<tr>\n<td align=\"left\"><span style=\"font-weight: 400;\">Boja<\/span><\/td>\n<td align=\"left\"><img decoding=\"async\" class=\"lazyload alignnone size-full wp-image-20295\" src=\"data:image\/svg+xml,%3Csvg%20xmlns%3D%27http%3A%2F%2Fwww.w3.org%2F2000%2Fsvg%27%20width%3D%2725%27%20height%3D%2725%27%20viewBox%3D%270%200%2025%2025%27%3E%3Crect%20width%3D%2725%27%20height%3D%2725%27%20fill-opacity%3D%220%22%2F%3E%3C%2Fsvg%3E\" data-orig-src=\"https:\/\/pofix.com\/wp-content\/uploads\/2023\/05\/white.png\" alt=\"\" width=\"25\" height=\"25\"><\/td>\n<\/tr>\n<tr>\n<td align=\"left\"><span style=\"font-weight: 400;\">Vre\u0107a od kg<\/span><\/td>\n<td align=\"left\"><span style=\"font-weight: 400;\">10\/20<\/span><\/td>\n<\/tr>\n<tr>\n<td align=\"left\"><span style=\"font-weight: 400;\">Vre\u0107e\/paleta<\/span><\/td>\n<td align=\"left\">60\/36<\/td>\n<\/tr>\n<\/tbody>\n<\/table>\n<\/div>\n<p>\n","protected":false},"excerpt":{"rendered":"<p><b>Unutarnja boja<\/b><\/p>\n<p><span style=\"font-weight: 400;\">Pocolor Economic je disperzivna unutarnja boja za za\u0161titu i ukra\u0161avanje unutarnjih zidnih povr\u0161ina. Prije nano\u0161enja preporu\u010da se mije\u0161ati proizvod i dodati 10% \u010diste vode. Nanosi se ru\u010dno \u010detkom ili cilindri\u010dnim valjkom. Baza mora biti o\u010di\u0161\u0107ena, jaka i suha.<\/span><\/p>\n","protected":false},"featured_media":0,"template":"","meta":[],"product_brand":[],"product_cat":[404,411],"product_tag":[553,549,556,560,564,355,562],"class_list":{"0":"post-23742","1":"product","2":"type-product","3":"status-publish","5":"product_cat-akrilne-zbuke-i-boje","6":"product_cat-akrilni-proizvodi","7":"product_tag-akrilna-baza","8":"product_tag-akrilni-proizvodi","9":"product_tag-akrilni-ukrasni-mortovi","10":"product_tag-boja-interijera","11":"product_tag-pocolor-ekonomski","12":"product_tag-pofiks","13":"product_tag-unutarnja-boja","15":"first","16":"instock","17":"shipping-taxable","18":"purchasable","19":"product-type-simple"},"aioseo_notices":[],"_links":{"self":[{"href":"https:\/\/pofix.com\/hr\/wp-json\/wp\/v2\/product\/23742","targetHints":{"allow":["GET"]}}],"collection":[{"href":"https:\/\/pofix.com\/hr\/wp-json\/wp\/v2\/product"}],"about":[{"href":"https:\/\/pofix.com\/hr\/wp-json\/wp\/v2\/types\/product"}],"wp:attachment":[{"href":"https:\/\/pofix.com\/hr\/wp-json\/wp\/v2\/media?parent=23742"}],"wp:term":[{"taxonomy":"product_brand","embeddable":true,"href":"https:\/\/pofix.com\/hr\/wp-json\/wp\/v2\/product_brand?post=23742"},{"taxonomy":"product_cat","embeddable":true,"href":"https:\/\/pofix.com\/hr\/wp-json\/wp\/v2\/product_cat?post=23742"},{"taxonomy":"product_tag","embeddable":true,"href":"https:\/\/pofix.com\/hr\/wp-json\/wp\/v2\/product_tag?post=23742"}],"curies":[{"name":"wp","href":"https:\/\/api.w.org\/{rel}","templated":true}]}}