{"id":23699,"date":"2023-05-01T16:26:21","date_gmt":"2023-05-01T16:26:21","guid":{"rendered":"https:\/\/pofix.com\/product\/pofix-701-pun\/"},"modified":"2024-03-12T13:46:04","modified_gmt":"2024-03-12T13:46:04","slug":"pofix-701-pun","status":"publish","type":"product","link":"https:\/\/pofix.com\/hr\/product\/pofix-701-pun\/","title":{"rendered":"POFIX 701 PUN"},"content":{"rendered":"<p><strong>Bijeli gra\u0111evinski mort &#8211; ABRIB<\/strong><\/p>\n<p><span style=\"font-weight: 400;\"><strong>Pofix 701 FULL-Abrib<\/strong> je izra\u0111en, omogu\u0107uju\u0107i ukra\u0161avanje mineralnog morta za vanjske zidove. Pola\u017ee se preko osnovnih mehani\u010dkih mortova (Pofix 10, Pofix 090 i dr.) termoizolacije, produ\u017enih mortova, eps-a i plo\u010da od mineralne vune koje su prethodno izravnane Pofixom 50. Prije nano\u0161enja Pofix 705 preporu\u010duje se uporaba Poputzgrunda.<\/span><\/p>\n<p><img decoding=\"async\" class=\"lazyload alignnone size-medium wp-image-20322\" src=\"https:\/\/pofix.com\/wp-content\/uploads\/2023\/05\/imp-300x47.png\" data-orig-src=\"https:\/\/pofix.com\/wp-content\/uploads\/2023\/05\/imp-300x47.png\" alt=\"\" width=\"300\" height=\"47\" srcset=\"data:image\/svg+xml,%3Csvg%20xmlns%3D%27http%3A%2F%2Fwww.w3.org%2F2000%2Fsvg%27%20width%3D%27300%27%20height%3D%2747%27%20viewBox%3D%270%200%20300%2047%27%3E%3Crect%20width%3D%27300%27%20height%3D%2747%27%20fill-opacity%3D%220%22%2F%3E%3C%2Fsvg%3E\" data-srcset=\"https:\/\/pofix.com\/wp-content\/uploads\/2023\/05\/imp-200x32.png 200w, https:\/\/pofix.com\/wp-content\/uploads\/2023\/05\/imp-300x47.png 300w, https:\/\/pofix.com\/wp-content\/uploads\/2023\/05\/imp.png 355w\" data-sizes=\"auto\" data-orig-sizes=\"(max-width: 300px) 100vw, 300px\" \/><\/p>\n<\/p>\n<div class=\"table-1\">\n<table width=\"100%\">\n<thead>\n<tr>\n<th align=\"left\"><b>Priprema i primjena<\/b><\/th>\n<th align=\"left\">Parametri<\/th>\n<\/tr>\n<\/thead>\n<tbody>\n<tr>\n<td align=\"left\"><span style=\"font-weight: 400;\">Vrijeme primjene nakon mije\u0161anja s vodom<\/span><\/td>\n<td align=\"left\">60 min.<\/td>\n<\/tr>\n<tr>\n<td align=\"left\"><span style=\"font-weight: 400;\">Vrijeme su\u0161enja materijala<\/span><\/td>\n<td align=\"left\"><span style=\"font-weight: 400;\">24 h.<\/span><\/td>\n<\/tr>\n<tr>\n<td align=\"left\"><span style=\"font-weight: 400;\">Debljina nano\u0161enja<\/span><\/td>\n<td align=\"left\"><span style=\"font-weight: 400;\">1,5 &#8211; 2 mm.<\/span><\/td>\n<\/tr>\n<tr>\n<td align=\"left\"><span style=\"font-weight: 400;\">Granulacija<\/span><\/td>\n<td align=\"left\"><span style=\"font-weight: 400;\">1,5 &#8211; 2 mm.<\/span><\/td>\n<\/tr>\n<tr>\n<td align=\"left\"><span style=\"font-weight: 400;\">Potro\u0161nja<\/span><\/td>\n<td align=\"left\"><span style=\"font-weight: 400;\">2 &#8211; 4 kg\/m2.<\/span><\/td>\n<\/tr>\n<tr>\n<td align=\"left\"><span style=\"font-weight: 400;\">Temperatura zraka i povr\u0161ine<\/span><\/td>\n<td align=\"left\"><span style=\"font-weight: 400;\">+5\/+35\u00b0C<\/span><\/td>\n<\/tr>\n<tr>\n<td align=\"left\"><span style=\"font-weight: 400;\">Boja<\/span><\/td>\n<td align=\"left\"><img decoding=\"async\" class=\"lazyload alignnone size-full wp-image-20295\" src=\"data:image\/svg+xml,%3Csvg%20xmlns%3D%27http%3A%2F%2Fwww.w3.org%2F2000%2Fsvg%27%20width%3D%2725%27%20height%3D%2725%27%20viewBox%3D%270%200%2025%2025%27%3E%3Crect%20width%3D%2725%27%20height%3D%2725%27%20fill-opacity%3D%220%22%2F%3E%3C%2Fsvg%3E\" data-orig-src=\"https:\/\/pofix.com\/wp-content\/uploads\/2023\/05\/white.png\" alt=\"\" width=\"25\" height=\"25\"><\/td>\n<\/tr>\n<tr>\n<td align=\"left\"><span style=\"font-weight: 400;\">Vre\u0107a od kg<\/span><\/td>\n<td align=\"left\"><span style=\"font-weight: 400;\">25<\/span><\/td>\n<\/tr>\n<tr>\n<td align=\"left\"><span style=\"font-weight: 400;\">Vre\u0107e\/paleta<\/span><\/td>\n<td align=\"left\">48<\/td>\n<\/tr>\n<\/tbody>\n<\/table>\n<\/div>\n<p>\n","protected":false},"excerpt":{"rendered":"<p><strong><span style=\"font-weight: 400;\"><strong>Pofix 701 FULL &#8211;<\/strong> <\/span>Bijeli strukturni mort &#8211; ABRIB<\/strong><\/p>\n<p><span style=\"font-weight: 400;\">Izra\u0111uje se i omogu\u0107uje ukra\u0161avanje unutarnjih zidova mineralnom \u017ebukom. Pola\u017ee se preko osnovnih mehani\u010dkih mortova (Pofix 10, Pofix 090 i dr.) termoizolacije, produ\u017enih mortova, eps-a i plo\u010da od mineralne vune koje su prethodno izravnane Pofixom 50. Prije primjene Pofixa 366 preporu\u010da se koristiti Poputzgrund.<\/span><\/p>\n","protected":false},"featured_media":0,"template":"","meta":[],"product_brand":[],"product_cat":[375,268],"product_tag":[379,377,285,496,380],"class_list":{"0":"post-23699","1":"product","2":"type-product","3":"status-publish","5":"product_cat-dekorativni-malteri","6":"product_cat-mineralni-proizvodi","7":"product_tag-bijeli-strukturni-mort","8":"product_tag-dekorativni-mortovi","9":"product_tag-mineralni-proizvodi","10":"product_tag-pofiks-701-pun","11":"product_tag-skratiti","13":"first","14":"instock","15":"shipping-taxable","16":"purchasable","17":"product-type-simple"},"aioseo_notices":[],"_links":{"self":[{"href":"https:\/\/pofix.com\/hr\/wp-json\/wp\/v2\/product\/23699","targetHints":{"allow":["GET"]}}],"collection":[{"href":"https:\/\/pofix.com\/hr\/wp-json\/wp\/v2\/product"}],"about":[{"href":"https:\/\/pofix.com\/hr\/wp-json\/wp\/v2\/types\/product"}],"wp:attachment":[{"href":"https:\/\/pofix.com\/hr\/wp-json\/wp\/v2\/media?parent=23699"}],"wp:term":[{"taxonomy":"product_brand","embeddable":true,"href":"https:\/\/pofix.com\/hr\/wp-json\/wp\/v2\/product_brand?post=23699"},{"taxonomy":"product_cat","embeddable":true,"href":"https:\/\/pofix.com\/hr\/wp-json\/wp\/v2\/product_cat?post=23699"},{"taxonomy":"product_tag","embeddable":true,"href":"https:\/\/pofix.com\/hr\/wp-json\/wp\/v2\/product_tag?post=23699"}],"curies":[{"name":"wp","href":"https:\/\/api.w.org\/{rel}","templated":true}]}}