{"id":23691,"date":"2023-05-01T16:55:11","date_gmt":"2023-05-01T16:55:11","guid":{"rendered":"https:\/\/pofix.com\/product\/stirokol-2-bijela\/"},"modified":"2024-03-12T13:46:07","modified_gmt":"2024-03-12T13:46:07","slug":"stirokol-2-bijela","status":"publish","type":"product","link":"https:\/\/pofix.com\/hr\/product\/stirokol-2-bijela\/","title":{"rendered":"STIROKOL 2 BIJELA"},"content":{"rendered":"<p><b>Ljepilo za EPS i izolacijske plo\u010de<\/b><\/p>\n<p><span style=\"font-weight: 400;\"><strong>Stirokol 2 White<\/strong> je proizvedeni tanki sloj ljepila na bazi cementa i nadopunjuje. Stirokol se koristi za lijepljenje dasaka preko opeke, betona, starog morta itd. Baza mora biti jaka, glatka, \u010dista od pra\u0161ine i ne smrznuta. Nova formulacija Stirokol 2 White s celuloznim vlaknima \u010duva povr\u0161inu od pucanja i \u010dini je ja\u010dom i otpornijom na temperature.<\/span><\/p>\n<p><span style=\"font-weight: 400;\">Sa svojim novim zna\u010dajkama, Stirokol se mo\u017ee koristiti za prianjanje kamene vune.<\/span><\/p>\n<p><img decoding=\"async\" class=\"lazyload alignnone size-medium wp-image-20354\" src=\"https:\/\/pofix.com\/wp-content\/uploads\/2023\/05\/impFunc-300x47.png\" data-orig-src=\"https:\/\/pofix.com\/wp-content\/uploads\/2023\/05\/impFunc-300x47.png\" alt=\"\" width=\"300\" height=\"47\" srcset=\"data:image\/svg+xml,%3Csvg%20xmlns%3D%27http%3A%2F%2Fwww.w3.org%2F2000%2Fsvg%27%20width%3D%27300%27%20height%3D%2747%27%20viewBox%3D%270%200%20300%2047%27%3E%3Crect%20width%3D%27300%27%20height%3D%2747%27%20fill-opacity%3D%220%22%2F%3E%3C%2Fsvg%3E\" data-srcset=\"https:\/\/pofix.com\/wp-content\/uploads\/2023\/05\/impFunc-200x32.png 200w, https:\/\/pofix.com\/wp-content\/uploads\/2023\/05\/impFunc-300x47.png 300w, https:\/\/pofix.com\/wp-content\/uploads\/2023\/05\/impFunc.png 355w\" data-sizes=\"auto\" data-orig-sizes=\"(max-width: 300px) 100vw, 300px\" \/><\/p>\n<\/p>\n<div class=\"table-1\">\n<table width=\"100%\">\n<thead>\n<tr>\n<th align=\"left\"><b>Priprema i primjena<\/b><\/th>\n<th align=\"left\">Parametri<\/th>\n<\/tr>\n<\/thead>\n<tbody>\n<tr>\n<td align=\"left\"><span style=\"font-weight: 400;\">Vrijeme primjene nakon mije\u0161anja s vodom<\/span><\/td>\n<td align=\"left\">60 min.<\/td>\n<\/tr>\n<tr>\n<td align=\"left\"><span style=\"font-weight: 400;\">Vrijeme su\u0161enja materijala<\/span><\/td>\n<td align=\"left\"><span style=\"font-weight: 400;\">24 h.<\/span><\/td>\n<\/tr>\n<tr>\n<td align=\"left\"><span style=\"font-weight: 400;\">Debljina nano\u0161enja<\/span><\/td>\n<td align=\"left\"><span style=\"font-weight: 400;\">3 &#8211; 5 mm.<\/span><\/td>\n<\/tr>\n<tr>\n<td align=\"left\"><span style=\"font-weight: 400;\">Granulacija<\/span><\/td>\n<td align=\"left\"><span style=\"font-weight: 400;\">0 &#8211; 0,7 mm.<\/span><\/td>\n<\/tr>\n<tr>\n<td align=\"left\"><span style=\"font-weight: 400;\">Potro\u0161nja<\/span><\/td>\n<td align=\"left\"><span style=\"font-weight: 400;\">4- 6 kg\/m2.<\/span><\/td>\n<\/tr>\n<tr>\n<td align=\"left\"><span style=\"font-weight: 400;\">Temperatura zraka i povr\u0161ine<\/span><\/td>\n<td align=\"left\"><span style=\"font-weight: 400;\">+5\/+35\u00b0C<\/span><\/td>\n<\/tr>\n<tr>\n<td align=\"left\"><span style=\"font-weight: 400;\">Boja<\/span><\/td>\n<td align=\"left\"><img decoding=\"async\" class=\"lazyload alignnone size-full wp-image-20295\" src=\"data:image\/svg+xml,%3Csvg%20xmlns%3D%27http%3A%2F%2Fwww.w3.org%2F2000%2Fsvg%27%20width%3D%2725%27%20height%3D%2725%27%20viewBox%3D%270%200%2025%2025%27%3E%3Crect%20width%3D%2725%27%20height%3D%2725%27%20fill-opacity%3D%220%22%2F%3E%3C%2Fsvg%3E\" data-orig-src=\"https:\/\/pofix.com\/wp-content\/uploads\/2023\/05\/white.png\" alt=\"\" width=\"25\" height=\"25\"><\/td>\n<\/tr>\n<tr>\n<td align=\"left\"><span style=\"font-weight: 400;\">Vre\u0107a od kg<\/span><\/td>\n<td align=\"left\"><span style=\"font-weight: 400;\">25<\/span><\/td>\n<\/tr>\n<tr>\n<td align=\"left\"><span style=\"font-weight: 400;\">Vre\u0107e\/paleta<\/span><\/td>\n<td align=\"left\">48<\/td>\n<\/tr>\n<\/tbody>\n<\/table>\n<\/div>\n<p>\n","protected":false},"excerpt":{"rendered":"<p><span style=\"font-weight: 400;\"><strong>Stirokol 2 White<\/strong> je proizvedeni tanki sloj ljepila na bazi cementa i nadopunjuje. Stirokol se koristi za lijepljenje dasaka preko opeke, betona, starog morta itd. Baza mora biti jaka, glatka, \u010dista od pra\u0161ine i ne smrznuta. Nova formulacija Stirokola s celuloznim vlaknima \u010duva povr\u0161inu od pucanja i \u010dini je ja\u010dom i otpornijom na temperature.<\/span><\/p>\n<p><span style=\"font-weight: 400;\">Sa svojim novim zna\u010dajkama, Stirokol 2 White mo\u017ee se koristiti za prianjanje kamene vune.<\/span><\/p>\n","protected":false},"featured_media":0,"template":"","meta":[],"product_brand":[],"product_cat":[398,268],"product_tag":[477,476,285,380,478],"class_list":{"0":"post-23691","1":"product","2":"type-product","3":"status-publish","5":"product_cat-gradevinska-ljepila","6":"product_cat-mineralni-proizvodi","7":"product_tag-gradevinsko-ljepilo","8":"product_tag-ljepilo-za-eps-i-izolacijske-ploce","9":"product_tag-mineralni-proizvodi","10":"product_tag-skratiti","11":"product_tag-stirokol-2-bijela","13":"first","14":"instock","15":"shipping-taxable","16":"purchasable","17":"product-type-simple"},"aioseo_notices":[],"_links":{"self":[{"href":"https:\/\/pofix.com\/hr\/wp-json\/wp\/v2\/product\/23691","targetHints":{"allow":["GET"]}}],"collection":[{"href":"https:\/\/pofix.com\/hr\/wp-json\/wp\/v2\/product"}],"about":[{"href":"https:\/\/pofix.com\/hr\/wp-json\/wp\/v2\/types\/product"}],"wp:attachment":[{"href":"https:\/\/pofix.com\/hr\/wp-json\/wp\/v2\/media?parent=23691"}],"wp:term":[{"taxonomy":"product_brand","embeddable":true,"href":"https:\/\/pofix.com\/hr\/wp-json\/wp\/v2\/product_brand?post=23691"},{"taxonomy":"product_cat","embeddable":true,"href":"https:\/\/pofix.com\/hr\/wp-json\/wp\/v2\/product_cat?post=23691"},{"taxonomy":"product_tag","embeddable":true,"href":"https:\/\/pofix.com\/hr\/wp-json\/wp\/v2\/product_tag?post=23691"}],"curies":[{"name":"wp","href":"https:\/\/api.w.org\/{rel}","templated":true}]}}