{"id":23683,"date":"2023-05-14T18:32:34","date_gmt":"2023-05-14T18:32:34","guid":{"rendered":"https:\/\/pofix.com\/product\/p-06-cd-stropni-profil\/"},"modified":"2024-03-12T13:21:29","modified_gmt":"2024-03-12T13:21:29","slug":"p-06-cd-stropni-profil","status":"publish","type":"product","link":"https:\/\/pofix.com\/hr\/product\/p-06-cd-stropni-profil\/","title":{"rendered":"P-06 CD STROPNI PROFIL"},"content":{"rendered":"<p><strong>P-06 CD STROPNI PROFIL<\/strong><\/p>\n<p><span style=\"font-weight: 400;\"><strong>P-06<\/strong> je C-zidni standardni stropni profil. C-zidni profil se pri\u010dvr\u0161\u0107uje na zid do kraja prema \u017eeljenoj visini ugradnje. Prilikom izrade stropnog ovjesa, stropne obloge ili preure\u0111enja potkrovlja sa Pofix CD stropnim profilima, obratite pozornost na odgovaraju\u0107i detaljni crte\u017e, za pove\u0107anje stabilnosti na stropovima, daske preko profila (nosivi profil) su apsolutno neophodne. Neza\u0161ti\u0107eno skladi\u0161tenje na otvorenom mo\u017ee dovesti do tzv. vlage Pojavljuje se bijela hr\u0111a koja ne utje\u010de na dugotrajnost i kvalitetu profila, Pofix CD stropni profili nisu namijenjeni za vanjsku upotrebu, Pofx stropni profili se skra\u0107uju \u0161karama za lim ili elektronskim \u0161karama za lim<\/span><\/p>\n<p><img decoding=\"async\" class=\"lazyload alignnone size-medium wp-image-20539\" src=\"https:\/\/pofix.com\/wp-content\/uploads\/2023\/05\/P-06-198x300.png\" data-orig-src=\"https:\/\/pofix.com\/wp-content\/uploads\/2023\/05\/P-06-198x300.png\" alt=\"\" width=\"198\" height=\"300\" srcset=\"data:image\/svg+xml,%3Csvg%20xmlns%3D%27http%3A%2F%2Fwww.w3.org%2F2000%2Fsvg%27%20width%3D%27198%27%20height%3D%27300%27%20viewBox%3D%270%200%20198%20300%27%3E%3Crect%20width%3D%27198%27%20height%3D%27300%27%20fill-opacity%3D%220%22%2F%3E%3C%2Fsvg%3E\" data-srcset=\"https:\/\/pofix.com\/wp-content\/uploads\/2023\/05\/P-06-198x300.png 198w, https:\/\/pofix.com\/wp-content\/uploads\/2023\/05\/P-06-200x304.png 200w, https:\/\/pofix.com\/wp-content\/uploads\/2023\/05\/P-06-400x607.png 400w, https:\/\/pofix.com\/wp-content\/uploads\/2023\/05\/P-06-500x759.png 500w, https:\/\/pofix.com\/wp-content\/uploads\/2023\/05\/P-06.png 550w\" data-sizes=\"auto\" data-orig-sizes=\"(max-width: 198px) 100vw, 198px\" \/> <img decoding=\"async\" class=\"lazyload alignnone size-medium wp-image-20540\" src=\"https:\/\/pofix.com\/wp-content\/uploads\/2023\/05\/P-06ddd-198x300.png\" data-orig-src=\"https:\/\/pofix.com\/wp-content\/uploads\/2023\/05\/P-06ddd-198x300.png\" alt=\"\" width=\"198\" height=\"300\" srcset=\"data:image\/svg+xml,%3Csvg%20xmlns%3D%27http%3A%2F%2Fwww.w3.org%2F2000%2Fsvg%27%20width%3D%27198%27%20height%3D%27300%27%20viewBox%3D%270%200%20198%20300%27%3E%3Crect%20width%3D%27198%27%20height%3D%27300%27%20fill-opacity%3D%220%22%2F%3E%3C%2Fsvg%3E\" data-srcset=\"https:\/\/pofix.com\/wp-content\/uploads\/2023\/05\/P-06ddd-198x300.png 198w, https:\/\/pofix.com\/wp-content\/uploads\/2023\/05\/P-06ddd-200x304.png 200w, https:\/\/pofix.com\/wp-content\/uploads\/2023\/05\/P-06ddd-400x607.png 400w, https:\/\/pofix.com\/wp-content\/uploads\/2023\/05\/P-06ddd-500x759.png 500w, https:\/\/pofix.com\/wp-content\/uploads\/2023\/05\/P-06ddd.png 550w\" data-sizes=\"auto\" data-orig-sizes=\"(max-width: 198px) 100vw, 198px\" \/> <img decoding=\"async\" class=\"lazyload alignnone size-medium wp-image-20541\" src=\"https:\/\/pofix.com\/wp-content\/uploads\/2023\/05\/P-06zoom-198x300.png\" data-orig-src=\"https:\/\/pofix.com\/wp-content\/uploads\/2023\/05\/P-06zoom-198x300.png\" alt=\"\" width=\"198\" height=\"300\" srcset=\"data:image\/svg+xml,%3Csvg%20xmlns%3D%27http%3A%2F%2Fwww.w3.org%2F2000%2Fsvg%27%20width%3D%27198%27%20height%3D%27300%27%20viewBox%3D%270%200%20198%20300%27%3E%3Crect%20width%3D%27198%27%20height%3D%27300%27%20fill-opacity%3D%220%22%2F%3E%3C%2Fsvg%3E\" data-srcset=\"https:\/\/pofix.com\/wp-content\/uploads\/2023\/05\/P-06zoom-198x300.png 198w, https:\/\/pofix.com\/wp-content\/uploads\/2023\/05\/P-06zoom-200x304.png 200w, https:\/\/pofix.com\/wp-content\/uploads\/2023\/05\/P-06zoom-400x607.png 400w, https:\/\/pofix.com\/wp-content\/uploads\/2023\/05\/P-06zoom-500x759.png 500w, https:\/\/pofix.com\/wp-content\/uploads\/2023\/05\/P-06zoom.png 550w\" data-sizes=\"auto\" data-orig-sizes=\"(max-width: 198px) 100vw, 198px\" \/><\/p>\n<\/p>\n<div class=\"table-1\">\n<table width=\"100%\">\n<thead>\n<tr>\n<th align=\"left\"><b>Tehni\u010dki podaci<\/b><\/th>\n<th align=\"left\">Parametri<\/th>\n<\/tr>\n<\/thead>\n<tbody>\n<tr>\n<td align=\"left\">duljina<\/td>\n<td align=\"left\"><span style=\"font-weight: 400;\">3000 &#8211; 4000 mm<\/span><\/td>\n<\/tr>\n<tr>\n<td align=\"left\">\u0161irina<\/td>\n<td align=\"left\"><span style=\"font-weight: 400;\">60 mm<\/span><\/td>\n<\/tr>\n<tr>\n<td align=\"left\">visina<\/td>\n<td align=\"left\"><span style=\"font-weight: 400;\">26 mm<\/span><\/td>\n<\/tr>\n<tr>\n<td align=\"left\"><span style=\"font-weight: 400;\">Primjena<\/span><\/td>\n<td align=\"left\">Dizajn interijera<\/td>\n<\/tr>\n<tr>\n<td align=\"left\"><span style=\"font-weight: 400;\">duljina jedne strane<\/span><\/td>\n<td align=\"left\"><span style=\"font-weight: 400;\">26 mm.<\/span><\/td>\n<\/tr>\n<tr>\n<td align=\"left\"><span style=\"font-weight: 400;\">duljina druge stranice<\/span><\/td>\n<td align=\"left\"><span style=\"font-weight: 400;\">26 mm.<\/span><\/td>\n<\/tr>\n<tr>\n<td align=\"left\"><span style=\"font-weight: 400;\">Materijal<\/span><\/td>\n<td align=\"left\"><span style=\"font-weight: 400;\">metal<\/span><\/td>\n<\/tr>\n<tr>\n<td align=\"left\"><span style=\"font-weight: 400;\">Boja<\/span><\/td>\n<td align=\"left\"><img decoding=\"async\" class=\"lazyload alignnone size-full wp-image-20279\" src=\"data:image\/svg+xml,%3Csvg%20xmlns%3D%27http%3A%2F%2Fwww.w3.org%2F2000%2Fsvg%27%20width%3D%2725%27%20height%3D%2725%27%20viewBox%3D%270%200%2025%2025%27%3E%3Crect%20width%3D%2725%27%20height%3D%2725%27%20fill-opacity%3D%220%22%2F%3E%3C%2Fsvg%3E\" data-orig-src=\"https:\/\/pofix.com\/wp-content\/uploads\/2015\/10\/greeColor.png\" alt=\"\" width=\"25\" height=\"25\">  (Srebro)<\/td>\n<\/tr>\n<\/tbody>\n<\/table>\n<\/div>\n<p>\n","protected":false},"excerpt":{"rendered":"<p><strong>P-06 CD STROPNI PROFIL<\/strong><\/p>\n<p><span style=\"font-weight: 400;\"><strong>P-06 <\/strong>je standardni stropni profil C-zida. C-zidni profil se pri\u010dvr\u0161\u0107uje na zid do kraja prema \u017eeljenoj visini ugradnje. Prilikom izrade stropnog ovjesa, stropne obloge ili preure\u0111enja potkrovlja sa Pofix CD stropnim profilima, obratite pozornost na odgovaraju\u0107i detaljni crte\u017e, za pove\u0107anje stabilnosti na stropovima, daske preko profila (nosivi profil) su apsolutno neophodne. Neza\u0161ti\u0107eno skladi\u0161tenje na otvorenom mo\u017ee dovesti do tzv. vlage Pojavljuje se bijela hr\u0111a koja ne utje\u010de na dugotrajnost i kvalitetu profila, Pofix CD stropni profili nisu namijenjeni za vanjsku upotrebu, Pofx stropni profili se skra\u0107uju \u0161karama za lim ili elektronskim \u0161karama za lim<\/span><\/p>\n","protected":false},"featured_media":0,"template":"","meta":[],"product_brand":[],"product_cat":[351],"product_tag":[462,355],"class_list":{"0":"post-23683","1":"product","2":"type-product","3":"status-publish","5":"product_cat-profili","6":"product_tag-p-06-cd-stropni-profil","7":"product_tag-pofiks","9":"first","10":"instock","11":"featured","12":"shipping-taxable","13":"purchasable","14":"product-type-simple"},"aioseo_notices":[],"_links":{"self":[{"href":"https:\/\/pofix.com\/hr\/wp-json\/wp\/v2\/product\/23683","targetHints":{"allow":["GET"]}}],"collection":[{"href":"https:\/\/pofix.com\/hr\/wp-json\/wp\/v2\/product"}],"about":[{"href":"https:\/\/pofix.com\/hr\/wp-json\/wp\/v2\/types\/product"}],"wp:attachment":[{"href":"https:\/\/pofix.com\/hr\/wp-json\/wp\/v2\/media?parent=23683"}],"wp:term":[{"taxonomy":"product_brand","embeddable":true,"href":"https:\/\/pofix.com\/hr\/wp-json\/wp\/v2\/product_brand?post=23683"},{"taxonomy":"product_cat","embeddable":true,"href":"https:\/\/pofix.com\/hr\/wp-json\/wp\/v2\/product_cat?post=23683"},{"taxonomy":"product_tag","embeddable":true,"href":"https:\/\/pofix.com\/hr\/wp-json\/wp\/v2\/product_tag?post=23683"}],"curies":[{"name":"wp","href":"https:\/\/api.w.org\/{rel}","templated":true}]}}