{"id":23312,"date":"2024-02-29T13:54:55","date_gmt":"2024-02-29T13:54:55","guid":{"rendered":"https:\/\/pofix.com\/product\/pofix-eps\/"},"modified":"2024-03-13T02:13:58","modified_gmt":"2024-03-13T02:13:58","slug":"pofix-eps","status":"publish","type":"product","link":"https:\/\/pofix.com\/hr\/product\/pofix-eps\/","title":{"rendered":"POFIX EPS"},"content":{"rendered":"<p><strong>POFIX THERM EPS  <\/strong><\/p>\n<p>Plo\u010de od ekspandirane polistirenske pjene za u\u010dinkovitu izolaciju i svestrane primjene u gra\u0111evinarstvu<\/p>\n<p>POFIX THERM EPS pjenaste plo\u010de dizajnirane su kao bitne izolacijske komponente u razli\u010ditim gra\u0111evinskim strukturama. Proizvedene od visokokvalitetnog ekspandiranog polistirena, ove su plo\u010de namijenjene za toplinsku izolaciju i posebne primjene gdje je lagana, svestrana izolacija klju\u010dna. Pjenaste plo\u010de neprimjetno se nanose na podlogu, pove\u0107avaju\u0107i energetsku u\u010dinkovitost u cijeloj zgradi. Klju\u010dne primjene uklju\u010duju:<\/p>\n<ul>\n<li><strong>U\u010dinkovita izolacija za zidove i stropove<\/strong> : Idealna za izolaciju stambenih i uredskih zgrada, \u0161kola, bolnica i hladnja\u010da, pru\u017eaju\u0107i prepreku gubitku i dobivanju topline<\/li>\n<li><strong>Podna izolacija<\/strong> : Kao temeljni sloj, nudi toplinsku izolaciju i udobnost pod nogama u razli\u010ditim primjenama podova<\/li>\n<li><strong>Izolacija krova<\/strong> : Pogodna za tradicionalne, obrnute i zelene krovove, osigurava toplinsku u\u010dinkovitost odozgo prema dolje i za\u0161titu od vremenskih nepogoda.<\/li>\n<\/ul>\n<p><strong>Kori\u0161tenje<\/strong><\/p>\n<p>Optimalne performanse POFIX THERM EPS pjenastih plo\u010da posti\u017eu se kada se postavljaju prema smjernicama na\u0161eg proizvo\u0111a\u010da, osiguravaju\u0107i da su plo\u010de za\u0161ti\u0107ene od padalina, vla\u017eenja ili vremenskih utjecaja tijekom transporta i skladi\u0161tenja. Instalacija tako\u0111er mora biti u skladu s nacionalnim gra\u0111evinskim propisima za kori\u0161tenje EPS izolacijskih materijala.<\/p>\n<p>&nbsp;<\/p>\n<\/p>\n<div class=\"table-1\">\n<table width=\"100%\">\n<thead>\n<tr>\n<th align=\"left\"><b>Tehni\u010dke specifikacije<\/b><\/th>\n<th align=\"left\">Parametri<\/th>\n<\/tr>\n<\/thead>\n<tbody>\n<tr>\n<td align=\"left\">duljina<\/td>\n<td align=\"left\"><span style=\"font-weight: 400;\">1250 mm<\/span><\/td>\n<\/tr>\n<tr>\n<td align=\"left\">Nazivne debljine<\/td>\n<td align=\"left\"><span style=\"font-weight: 400;\">10 mm do 1000 mm<\/span><\/td>\n<\/tr>\n<tr>\n<td align=\"left\">Nazivne \u0161irine<\/td>\n<td align=\"left\"><span style=\"font-weight: 400;\">600 mm &#8211; 1000 mm<\/span><\/td>\n<\/tr>\n<tr>\n<td align=\"left\"><b>Raspon<\/b> <span style=\"font-weight: 400;\">gusto\u0107e<\/span><\/td>\n<td align=\"left\"><span style=\"font-weight: 400;\">15 kg\/m3, 17 kg\/m3, 20 kg\/m3, 22 kg\/m3, 25 kg\/m3 i 30 kg\/m3<\/span><\/td>\n<\/tr>\n<tr>\n<td align=\"left\"><span style=\"font-weight: 400;\">\u0161irina<\/span><\/td>\n<td align=\"left\"><span style=\"font-weight: 400;\">10 mm &#8211; 1000 mm<\/span><\/td>\n<\/tr>\n<tr>\n<td align=\"left\"><span style=\"font-weight: 400;\">Materijal<\/span><\/td>\n<td align=\"left\"><strong>Ekspandirani polistiren (EPS)<\/strong> je lagani, kruti izolacijski materijal od plasti\u010dne pjene proizveden od \u010dvrstih kuglica polistirena<\/td>\n<\/tr>\n<tr>\n<td align=\"left\"><span style=\"font-weight: 400;\">EN i ISO standardi za testiranje proizvoda<\/span><\/td>\n<td align=\"left\">  EN 826:2013; EN 1602:2013; EN ISO 11925-2:2010; EN 13501-1:2013; EN 12667:2001; EN 12939:2001; EN A1:2015 dodatak C; EN 12087:2013 (metoda 2A); EN 12088:2013; EN 12091:2013; EN 12088; EN 823:2013; EN 822:2013; EN 824:2013; EN 826:2013; EN 1605:2013; EN 1604:2013; EN ISO 4590:2016 (metoda)<\/td>\n<\/tr>\n<tr>\n<td align=\"left\"><\/td>\n<td align=\"left\"> <img decoding=\"async\" class=\"lazyload alignnone wp-image-20295\" src=\"data:image\/svg+xml,%3Csvg%20xmlns%3D%27http%3A%2F%2Fwww.w3.org%2F2000%2Fsvg%27%20width%3D%2732%27%20height%3D%2732%27%20viewBox%3D%270%200%2032%2032%27%3E%3Crect%20width%3D%2732%27%20height%3D%2732%27%20fill-opacity%3D%220%22%2F%3E%3C%2Fsvg%3E\" data-orig-src=\"https:\/\/pofix.com\/wp-content\/uploads\/2023\/05\/white.png\" alt=\"\" width=\"32\" height=\"32\"><\/td>\n<\/tr>\n<tr>\n<td align=\"left\">radni vijek<\/td>\n<td align=\"left\"><b>najmanje<\/b> <span style=\"font-weight: 400;\">30 godina<\/span><\/td>\n<\/tr>\n<\/tbody>\n<\/table>\n<\/div>\n<p>\n","protected":false},"excerpt":{"rendered":"<p>POFIX THERM EPS pjenaste plo\u010de dizajnirane su kao bitne izolacijske komponente u razli\u010ditim gra\u0111evinskim strukturama. Proizvedene od visokokvalitetnog ekspandiranog polistirena, ove su plo\u010de namijenjene za toplinsku izolaciju i posebne primjene gdje je lagana, svestrana izolacija klju\u010dna.<\/p>\n","protected":false},"featured_media":22886,"template":"","meta":[],"product_brand":[],"product_cat":[364,365],"product_tag":[357,355],"class_list":{"0":"post-23312","1":"product","2":"type-product","3":"status-publish","4":"has-post-thumbnail","6":"product_cat-izolacija","7":"product_cat-pofix-therm-eps-hr","8":"product_tag-p-11-uw-stropni-profil","9":"product_tag-pofiks","11":"first","12":"instock","13":"featured","14":"shipping-taxable","15":"purchasable","16":"product-type-simple"},"aioseo_notices":[],"_links":{"self":[{"href":"https:\/\/pofix.com\/hr\/wp-json\/wp\/v2\/product\/23312","targetHints":{"allow":["GET"]}}],"collection":[{"href":"https:\/\/pofix.com\/hr\/wp-json\/wp\/v2\/product"}],"about":[{"href":"https:\/\/pofix.com\/hr\/wp-json\/wp\/v2\/types\/product"}],"wp:featuredmedia":[{"embeddable":true,"href":"https:\/\/pofix.com\/hr\/wp-json\/wp\/v2\/media\/22886"}],"wp:attachment":[{"href":"https:\/\/pofix.com\/hr\/wp-json\/wp\/v2\/media?parent=23312"}],"wp:term":[{"taxonomy":"product_brand","embeddable":true,"href":"https:\/\/pofix.com\/hr\/wp-json\/wp\/v2\/product_brand?post=23312"},{"taxonomy":"product_cat","embeddable":true,"href":"https:\/\/pofix.com\/hr\/wp-json\/wp\/v2\/product_cat?post=23312"},{"taxonomy":"product_tag","embeddable":true,"href":"https:\/\/pofix.com\/hr\/wp-json\/wp\/v2\/product_tag?post=23312"}],"curies":[{"name":"wp","href":"https:\/\/api.w.org\/{rel}","templated":true}]}}