{"id":23291,"date":"2024-02-20T10:21:57","date_gmt":"2024-02-20T10:21:57","guid":{"rendered":"https:\/\/pofix.com\/product\/pofix-xps\/"},"modified":"2024-03-12T01:48:45","modified_gmt":"2024-03-12T01:48:45","slug":"pofix-xps","status":"publish","type":"product","link":"https:\/\/pofix.com\/hr\/product\/pofix-xps\/","title":{"rendered":"POFIX XPS"},"content":{"rendered":"<p><strong>POFIX XPS <\/strong><\/p>\n<p>Plo\u010de od ekstrudirane polistirenske pjene kao nosivi sloj i\/ili toplinska izolacija izvan hidroizolacije<\/p>\n<p>Plo\u010de od ekstrudirane polistirenske pjene namijenjene su za kori\u0161tenje kao nosivi slojevi i\/ili toplinska izolacija izvan hidroizolacije. Plo\u010de se ravnomjerno pola\u017eu na podlogu na koju se postavljaju. Posebno su namijenjene sljede\u0107e primjene:<\/p>\n<ul>\n<li>Nosivost i toplinska izolacija ispod temeljnih plo\u010da<\/li>\n<li>Vanjska horizontalna i vertikalna toplinska izolacija podzemnih konstrukcija u nekonstrukcijskim primjenama (tako\u0111er u slu\u010daju podzemnih voda)<\/li>\n<li>Izolacija obrnutog krova (uklju\u010duju\u0107i primjenu na palubi parka i zelenom krovu).<\/li>\n<\/ul>\n<p><strong>Kori\u0161tenje<\/strong><\/p>\n<p>Prema odjeljku o uporabi proizvoda, u\u010dinak vrijedi samo ako su toplinsko-izolacijske plo\u010de postavljene prema uputama proizvo\u0111a\u010da i za\u0161ti\u0107ene od oborina, vla\u017eenja ili vremenskih utjecaja tijekom transporta i skladi\u0161tenja prije ugradnje.<br \/>\nOdgovaraju\u0107i nacionalni propisi tako\u0111er se moraju po\u0161tovati u vezi s primjenom plo\u010da za toplinsku izolaciju.<\/p>\n<p>&nbsp;<\/p>\n<\/p>\n<div class=\"table-1\">\n<table width=\"100%\">\n<thead>\n<tr>\n<th align=\"left\"><b>Tehni\u010dke specifikacije<\/b><\/th>\n<th align=\"left\">Parametri<\/th>\n<\/tr>\n<\/thead>\n<tbody>\n<tr>\n<td align=\"left\">duljina<\/td>\n<td align=\"left\"><span style=\"font-weight: 400;\">1250 mm<\/span><\/td>\n<\/tr>\n<tr>\n<td align=\"left\">Nazivne debljine<\/td>\n<td align=\"left\"><span style=\"font-weight: 400;\">50 mm do 200 mm<\/span><\/td>\n<\/tr>\n<tr>\n<td align=\"left\">Nazivne \u0161irine<\/td>\n<td align=\"left\"><span style=\"font-weight: 400;\">600 mm.<\/span><\/td>\n<\/tr>\n<tr>\n<td align=\"left\"><b>Raspon<\/b> <span style=\"font-weight: 400;\">gusto\u0107e<\/span><\/td>\n<td align=\"left\"><span style=\"font-weight: 400;\">30 kg\/m3 (testirano 33,6 kg<\/span> <b>\/m3)<\/b><\/td>\n<\/tr>\n<tr>\n<td align=\"left\"><span style=\"font-weight: 400;\">\u0161irina<\/span><\/td>\n<td align=\"left\"><span style=\"font-weight: 400;\">600 mm.<\/span><\/td>\n<\/tr>\n<tr>\n<td align=\"left\"><span style=\"font-weight: 400;\">Materijal<\/span><\/td>\n<td align=\"left\"><span style=\"font-weight: 400;\">Plo\u010de od ekstrudirane polistirenske pjene<\/span> <b>POFIX XPS<\/b> <span style=\"font-weight: 400;\">izra\u0111ene<\/span> su <b>od krutog<\/b> <span style=\"font-weight: 400;\">\u0107elijskog plasti\u010dnog materijala<\/span> <b>ekstrudiranog<\/b> <span style=\"font-weight: 400;\">iz polistirena ili jednog od njegovih kopolimera,<\/span> <span style=\"font-weight: 400;\">koji<\/span> <b>ima<\/b> <span style=\"font-weight: 400;\">strukturu<\/span> <b>zatvorenih \u0107elija.<\/b><\/td>\n<\/tr>\n<tr>\n<td align=\"left\"><span style=\"font-weight: 400;\">EN i ISO standardi za testiranje proizvoda<\/span><\/td>\n<td align=\"left\">  EN 826:2013; EN 1602:2013; EN ISO 11925-2:2010; EN 13501-1:2013; EN 12667:2001; EN 12939:2001; EN A1:2015 dodatak C; EN 12087:2013 (metoda 2A); EN 12088:2013; EN 12091:2013; EN 12088; EN 823:2013; EN 822:2013; EN 824:2013; EN 826:2013; EN 1605:2013; EN 1604:2013; EN ISO 4590:2016 (metoda)<\/td>\n<\/tr>\n<tr>\n<td align=\"left\"><\/td>\n<td align=\"left\"> <img decoding=\"async\" class=\"lazyload alignnone size-full wp-image-20927\" src=\"data:image\/svg+xml,%3Csvg%20xmlns%3D%27http%3A%2F%2Fwww.w3.org%2F2000%2Fsvg%27%20width%3D%2730%27%20height%3D%2730%27%20viewBox%3D%270%200%2030%2030%27%3E%3Crect%20width%3D%2730%27%20height%3D%2730%27%20fill-opacity%3D%220%22%2F%3E%3C%2Fsvg%3E\" data-orig-src=\"https:\/\/pofix.com\/wp-content\/uploads\/2024\/02\/xpsColor.png\" alt=\"\" width=\"30\" height=\"30\"><\/td>\n<\/tr>\n<tr>\n<td align=\"left\">radni vijek<\/td>\n<td align=\"left\"><b>najmanje<\/b> <span style=\"font-weight: 400;\">50 godina<\/span><\/td>\n<\/tr>\n<\/tbody>\n<\/table>\n<\/div>\n<p>\n","protected":false},"excerpt":{"rendered":"<p>Proizvodi za toplinsku izolaciju. Plo\u010de od ekstrudirane polistirenske pjene kao nosivi sloj i\/ili toplinska izolacija izvan hidroizolacije<\/p>\n","protected":false},"featured_media":0,"template":"","meta":[],"product_brand":[],"product_cat":[364,378],"product_tag":[357,355],"class_list":{"0":"post-23291","1":"product","2":"type-product","3":"status-publish","5":"product_cat-izolacija","6":"product_cat-pofix-xps-hr","7":"product_tag-p-11-uw-stropni-profil","8":"product_tag-pofiks","10":"first","11":"instock","12":"featured","13":"shipping-taxable","14":"purchasable","15":"product-type-simple"},"aioseo_notices":[],"_links":{"self":[{"href":"https:\/\/pofix.com\/hr\/wp-json\/wp\/v2\/product\/23291","targetHints":{"allow":["GET"]}}],"collection":[{"href":"https:\/\/pofix.com\/hr\/wp-json\/wp\/v2\/product"}],"about":[{"href":"https:\/\/pofix.com\/hr\/wp-json\/wp\/v2\/types\/product"}],"wp:attachment":[{"href":"https:\/\/pofix.com\/hr\/wp-json\/wp\/v2\/media?parent=23291"}],"wp:term":[{"taxonomy":"product_brand","embeddable":true,"href":"https:\/\/pofix.com\/hr\/wp-json\/wp\/v2\/product_brand?post=23291"},{"taxonomy":"product_cat","embeddable":true,"href":"https:\/\/pofix.com\/hr\/wp-json\/wp\/v2\/product_cat?post=23291"},{"taxonomy":"product_tag","embeddable":true,"href":"https:\/\/pofix.com\/hr\/wp-json\/wp\/v2\/product_tag?post=23291"}],"curies":[{"name":"wp","href":"https:\/\/api.w.org\/{rel}","templated":true}]}}