{"id":23279,"date":"2023-05-01T15:32:23","date_gmt":"2023-05-01T15:32:23","guid":{"rendered":"https:\/\/pofix.com\/product\/pofix-222\/"},"modified":"2024-03-12T01:48:39","modified_gmt":"2024-03-12T01:48:39","slug":"pofix-222","status":"publish","type":"product","link":"https:\/\/pofix.com\/hr\/product\/pofix-222\/","title":{"rendered":"POFIX 222"},"content":{"rendered":"<p><strong>Ostakljenje<\/strong><\/p>\n<p><span style=\"font-weight: 400;\"><strong>Pofix 222<\/strong> je pra\u0161kasti materijal-stakljenje na bazi \u017ebuke za unutarnje zidove koji se koristi ru\u010dno. Koristi se za izravnavanje zidova u tankim slojevima, gletanje grubih povr\u0161ina, te razne korekcije na povr\u0161inama (npr. za popunjavanje pukotina). Postavlja se nakon potpunog su\u0161enja temeljnog morta (Pofix 10, Pofix 090 i dr.). Nakon \u0161to se potpuno osu\u0161i zidovi se mogu obojiti ili oblo\u017eiti papirnatim zidovima itd. Prije nano\u0161enja Pofixa 222 preporu\u010da se koristiti Potiefgrund.<\/span><\/p>\n<p><img decoding=\"async\" class=\"lazyload alignnone size-medium wp-image-20322\" src=\"https:\/\/pofix.com\/wp-content\/uploads\/2023\/05\/imp-300x47.png\" data-orig-src=\"https:\/\/pofix.com\/wp-content\/uploads\/2023\/05\/imp-300x47.png\" alt=\"\" width=\"300\" height=\"47\" srcset=\"data:image\/svg+xml,%3Csvg%20xmlns%3D%27http%3A%2F%2Fwww.w3.org%2F2000%2Fsvg%27%20width%3D%27300%27%20height%3D%2747%27%20viewBox%3D%270%200%20300%2047%27%3E%3Crect%20width%3D%27300%27%20height%3D%2747%27%20fill-opacity%3D%220%22%2F%3E%3C%2Fsvg%3E\" data-srcset=\"https:\/\/pofix.com\/wp-content\/uploads\/2023\/05\/imp-200x32.png 200w, https:\/\/pofix.com\/wp-content\/uploads\/2023\/05\/imp-300x47.png 300w, https:\/\/pofix.com\/wp-content\/uploads\/2023\/05\/imp.png 355w\" data-sizes=\"auto\" data-orig-sizes=\"(max-width: 300px) 100vw, 300px\" \/><\/p>\n<\/p>\n<div class=\"table-1\">\n<table width=\"100%\">\n<thead>\n<tr>\n<th align=\"left\"><b>Priprema i primjena<\/b><\/th>\n<th align=\"left\">Parametri<\/th>\n<\/tr>\n<\/thead>\n<tbody>\n<tr>\n<td align=\"left\"><span style=\"font-weight: 400;\">Vrijeme primjene nakon mije\u0161anja s vodom<\/span><\/td>\n<td align=\"left\">60 min.<\/td>\n<\/tr>\n<tr>\n<td align=\"left\"><span style=\"font-weight: 400;\">Vrijeme su\u0161enja materijala<\/span><\/td>\n<td align=\"left\"><span style=\"font-weight: 400;\">24 h.<\/span><\/td>\n<\/tr>\n<tr>\n<td align=\"left\"><span style=\"font-weight: 400;\">Debljina nano\u0161enja<\/span><\/td>\n<td align=\"left\"><span style=\"font-weight: 400;\">1,5 mm.<\/span><\/td>\n<\/tr>\n<tr>\n<td align=\"left\"><span style=\"font-weight: 400;\">Granulacija<\/span><\/td>\n<td align=\"left\"><span style=\"font-weight: 400;\">0 &#8211; 0,3 mm.<\/span><\/td>\n<\/tr>\n<tr>\n<td align=\"left\"><span style=\"font-weight: 400;\">Potro\u0161nja<\/span><\/td>\n<td align=\"left\"><span style=\"font-weight: 400;\">1,5 kg\/m2.<\/span><\/td>\n<\/tr>\n<tr>\n<td align=\"left\"><span style=\"font-weight: 400;\">Temperatura zraka i povr\u0161ine<\/span><\/td>\n<td align=\"left\"><span style=\"font-weight: 400;\">+5\/+35\u00b0C<\/span><\/td>\n<\/tr>\n<tr>\n<td align=\"left\"><span style=\"font-weight: 400;\">Boja<\/span><\/td>\n<td align=\"left\"><img decoding=\"async\" class=\"lazyload alignnone size-full wp-image-20295\" src=\"data:image\/svg+xml,%3Csvg%20xmlns%3D%27http%3A%2F%2Fwww.w3.org%2F2000%2Fsvg%27%20width%3D%2725%27%20height%3D%2725%27%20viewBox%3D%270%200%2025%2025%27%3E%3Crect%20width%3D%2725%27%20height%3D%2725%27%20fill-opacity%3D%220%22%2F%3E%3C%2Fsvg%3E\" data-orig-src=\"https:\/\/pofix.com\/wp-content\/uploads\/2023\/05\/white.png\" alt=\"\" width=\"25\" height=\"25\"><\/td>\n<\/tr>\n<tr>\n<td align=\"left\"><span style=\"font-weight: 400;\">Vre\u0107a od kg<\/span><\/td>\n<td align=\"left\"><span style=\"font-weight: 400;\">20<\/span><\/td>\n<\/tr>\n<tr>\n<td align=\"left\"><span style=\"font-weight: 400;\">Vre\u0107e\/paleta<\/span><\/td>\n<td align=\"left\">60<\/td>\n<\/tr>\n<\/tbody>\n<\/table>\n<\/div>\n<p>\n","protected":false},"excerpt":{"rendered":"<p><b><span style=\"font-weight: 400;\"><strong>Pofix 222<\/strong><\/span> Ostakljenje<\/b><\/p>\n<p><span style=\"font-weight: 400;\">je pra\u0161kasti materijal-stakljenje na bazi \u017ebuke za unutarnje zidove koji se koristi ru\u010dno. Koristi se za izravnavanje zidova u tankim slojevima, za gletanje grubih povr\u0161ina, te razne korekcije na povr\u0161inama (npr. za popunjavanje pukotina). Postavlja se nakon potpunog su\u0161enja temeljnog morta (Pofix 10, Pofix 090 i dr.). Nakon \u0161to se potpuno osu\u0161i zidovi se mogu obojiti ili staviti na papirnate zidove i sl. Prije nano\u0161enja Pofixa 200 preporu\u010da se koristiti Potiefgrund.<\/span><\/p>\n","protected":false},"featured_media":0,"template":"","meta":[],"product_brand":[],"product_cat":[268,284],"product_tag":[285,286,332,361],"class_list":{"0":"post-23279","1":"product","2":"type-product","3":"status-publish","5":"product_cat-mineralni-proizvodi","6":"product_cat-molteri-za-ravnjenje","7":"product_tag-mineralni-proizvodi","8":"product_tag-mort-za-ravnanje","9":"product_tag-ostakljenje","10":"product_tag-pofiks-222","12":"first","13":"instock","14":"shipping-taxable","15":"purchasable","16":"product-type-simple"},"aioseo_notices":[],"_links":{"self":[{"href":"https:\/\/pofix.com\/hr\/wp-json\/wp\/v2\/product\/23279","targetHints":{"allow":["GET"]}}],"collection":[{"href":"https:\/\/pofix.com\/hr\/wp-json\/wp\/v2\/product"}],"about":[{"href":"https:\/\/pofix.com\/hr\/wp-json\/wp\/v2\/types\/product"}],"wp:attachment":[{"href":"https:\/\/pofix.com\/hr\/wp-json\/wp\/v2\/media?parent=23279"}],"wp:term":[{"taxonomy":"product_brand","embeddable":true,"href":"https:\/\/pofix.com\/hr\/wp-json\/wp\/v2\/product_brand?post=23279"},{"taxonomy":"product_cat","embeddable":true,"href":"https:\/\/pofix.com\/hr\/wp-json\/wp\/v2\/product_cat?post=23279"},{"taxonomy":"product_tag","embeddable":true,"href":"https:\/\/pofix.com\/hr\/wp-json\/wp\/v2\/product_tag?post=23279"}],"curies":[{"name":"wp","href":"https:\/\/api.w.org\/{rel}","templated":true}]}}