{"id":23272,"date":"2023-05-14T22:23:51","date_gmt":"2023-05-14T22:23:51","guid":{"rendered":"https:\/\/pofix.com\/product\/p-12-uw-stropni-profil\/"},"modified":"2024-03-12T01:48:42","modified_gmt":"2024-03-12T01:48:42","slug":"p-12-uw-stropni-profil","status":"publish","type":"product","link":"https:\/\/pofix.com\/hr\/product\/p-12-uw-stropni-profil\/","title":{"rendered":"P-12 UW STROPNI PROFIL"},"content":{"rendered":"<p><strong>P-12 UW STROPNI PROFIL<\/strong><\/p>\n<p><span style=\"font-weight: 400;\"><strong>P-12<\/strong> je U-zidni standardni stropni profil koji se naziva i UW-100. Zidni U-profil se pri\u010dvr\u0161\u0107uje na zid do kraja prema \u017eeljenoj visini ugradnje.<\/span><\/p>\n<p><img decoding=\"async\" class=\"lazyload alignnone size-medium wp-image-20563\" src=\"https:\/\/pofix.com\/wp-content\/uploads\/2023\/05\/P-12Dimm-198x300.png\" data-orig-src=\"https:\/\/pofix.com\/wp-content\/uploads\/2023\/05\/P-12Dimm-198x300.png\" alt=\"\" width=\"198\" height=\"300\" srcset=\"data:image\/svg+xml,%3Csvg%20xmlns%3D%27http%3A%2F%2Fwww.w3.org%2F2000%2Fsvg%27%20width%3D%27198%27%20height%3D%27300%27%20viewBox%3D%270%200%20198%20300%27%3E%3Crect%20width%3D%27198%27%20height%3D%27300%27%20fill-opacity%3D%220%22%2F%3E%3C%2Fsvg%3E\" data-srcset=\"https:\/\/pofix.com\/wp-content\/uploads\/2023\/05\/P-12Dimm-198x300.png 198w, https:\/\/pofix.com\/wp-content\/uploads\/2023\/05\/P-12Dimm-200x304.png 200w, https:\/\/pofix.com\/wp-content\/uploads\/2023\/05\/P-12Dimm-400x607.png 400w, https:\/\/pofix.com\/wp-content\/uploads\/2023\/05\/P-12Dimm-500x759.png 500w, https:\/\/pofix.com\/wp-content\/uploads\/2023\/05\/P-12Dimm.png 550w\" data-sizes=\"auto\" data-orig-sizes=\"(max-width: 198px) 100vw, 198px\" \/> <img decoding=\"async\" class=\"lazyload alignnone size-medium wp-image-20564\" src=\"https:\/\/pofix.com\/wp-content\/uploads\/2023\/05\/P-12Main-198x300.png\" data-orig-src=\"https:\/\/pofix.com\/wp-content\/uploads\/2023\/05\/P-12Main-198x300.png\" alt=\"\" width=\"198\" height=\"300\" srcset=\"data:image\/svg+xml,%3Csvg%20xmlns%3D%27http%3A%2F%2Fwww.w3.org%2F2000%2Fsvg%27%20width%3D%27198%27%20height%3D%27300%27%20viewBox%3D%270%200%20198%20300%27%3E%3Crect%20width%3D%27198%27%20height%3D%27300%27%20fill-opacity%3D%220%22%2F%3E%3C%2Fsvg%3E\" data-srcset=\"https:\/\/pofix.com\/wp-content\/uploads\/2023\/05\/P-12Main-198x300.png 198w, https:\/\/pofix.com\/wp-content\/uploads\/2023\/05\/P-12Main-200x304.png 200w, https:\/\/pofix.com\/wp-content\/uploads\/2023\/05\/P-12Main-400x607.png 400w, https:\/\/pofix.com\/wp-content\/uploads\/2023\/05\/P-12Main-500x759.png 500w, https:\/\/pofix.com\/wp-content\/uploads\/2023\/05\/P-12Main.png 550w\" data-sizes=\"auto\" data-orig-sizes=\"(max-width: 198px) 100vw, 198px\" \/> <img decoding=\"async\" class=\"lazyload alignnone size-medium wp-image-20565\" src=\"https:\/\/pofix.com\/wp-content\/uploads\/2023\/05\/P-12Zoom-198x300.png\" data-orig-src=\"https:\/\/pofix.com\/wp-content\/uploads\/2023\/05\/P-12Zoom-198x300.png\" alt=\"\" width=\"198\" height=\"300\" srcset=\"data:image\/svg+xml,%3Csvg%20xmlns%3D%27http%3A%2F%2Fwww.w3.org%2F2000%2Fsvg%27%20width%3D%27198%27%20height%3D%27300%27%20viewBox%3D%270%200%20198%20300%27%3E%3Crect%20width%3D%27198%27%20height%3D%27300%27%20fill-opacity%3D%220%22%2F%3E%3C%2Fsvg%3E\" data-srcset=\"https:\/\/pofix.com\/wp-content\/uploads\/2023\/05\/P-12Zoom-198x300.png 198w, https:\/\/pofix.com\/wp-content\/uploads\/2023\/05\/P-12Zoom-200x304.png 200w, https:\/\/pofix.com\/wp-content\/uploads\/2023\/05\/P-12Zoom-400x607.png 400w, https:\/\/pofix.com\/wp-content\/uploads\/2023\/05\/P-12Zoom-500x759.png 500w, https:\/\/pofix.com\/wp-content\/uploads\/2023\/05\/P-12Zoom.png 550w\" data-sizes=\"auto\" data-orig-sizes=\"(max-width: 198px) 100vw, 198px\" \/><\/p>\n<\/p>\n<div class=\"table-1\">\n<table width=\"100%\">\n<thead>\n<tr>\n<th align=\"left\"><b>Tehni\u010dki podaci<\/b><\/th>\n<th align=\"left\">Parametri<\/th>\n<\/tr>\n<\/thead>\n<tbody>\n<tr>\n<td align=\"left\">duljina<\/td>\n<td align=\"left\"><span style=\"font-weight: 400;\">4000 mm<\/span><\/td>\n<\/tr>\n<tr>\n<td align=\"left\"><span style=\"font-weight: 400;\">Debljina nano\u0161enja<\/span><\/td>\n<td align=\"left\"><span style=\"font-weight: 400;\">1 mm.<\/span><\/td>\n<\/tr>\n<tr>\n<td align=\"left\"><span style=\"font-weight: 400;\">duljina jedne strane<\/span><\/td>\n<td align=\"left\"><span style=\"font-weight: 400;\">40 mm.<\/span><\/td>\n<\/tr>\n<tr>\n<td align=\"left\"><span style=\"font-weight: 400;\">duljina druge stranice<\/span><\/td>\n<td align=\"left\"><span style=\"font-weight: 400;\">40 mm.<\/span><\/td>\n<\/tr>\n<tr>\n<td align=\"left\"><span style=\"font-weight: 400;\">\u0161irina<\/span><\/td>\n<td align=\"left\"><span style=\"font-weight: 400;\">100 mm.<\/span><\/td>\n<\/tr>\n<tr>\n<td align=\"left\"><span style=\"font-weight: 400;\">Materijal<\/span><\/td>\n<td align=\"left\"><span style=\"font-weight: 400;\">metal<\/span><\/td>\n<\/tr>\n<tr>\n<td align=\"left\"><span style=\"font-weight: 400;\">Boja<\/span><\/td>\n<td align=\"left\"><img decoding=\"async\" class=\"lazyload alignnone size-full wp-image-20279\" src=\"data:image\/svg+xml,%3Csvg%20xmlns%3D%27http%3A%2F%2Fwww.w3.org%2F2000%2Fsvg%27%20width%3D%2725%27%20height%3D%2725%27%20viewBox%3D%270%200%2025%2025%27%3E%3Crect%20width%3D%2725%27%20height%3D%2725%27%20fill-opacity%3D%220%22%2F%3E%3C%2Fsvg%3E\" data-orig-src=\"https:\/\/pofix.com\/wp-content\/uploads\/2015\/10\/greeColor.png\" alt=\"\" width=\"25\" height=\"25\">  (Srebro)<\/td>\n<\/tr>\n<\/tbody>\n<\/table>\n<\/div>\n<p>\n","protected":false},"excerpt":{"rendered":"<p><strong>P-12 UW STROPNI PROFIL<\/strong><\/p>\n<p><span style=\"font-weight: 400;\"><strong>P-12<\/strong> je U-zidni standardni stropni profil koji se naziva i UW-70. Zidni U-profil se pri\u010dvr\u0161\u0107uje na zid do kraja prema \u017eeljenoj visini ugradnje.<\/span><\/p>\n","protected":false},"featured_media":0,"template":"","meta":[],"product_brand":[],"product_cat":[351],"product_tag":[357,355],"class_list":{"0":"post-23272","1":"product","2":"type-product","3":"status-publish","5":"product_cat-profili","6":"product_tag-p-11-uw-stropni-profil","7":"product_tag-pofiks","9":"first","10":"instock","11":"shipping-taxable","12":"purchasable","13":"product-type-simple"},"aioseo_notices":[],"_links":{"self":[{"href":"https:\/\/pofix.com\/hr\/wp-json\/wp\/v2\/product\/23272","targetHints":{"allow":["GET"]}}],"collection":[{"href":"https:\/\/pofix.com\/hr\/wp-json\/wp\/v2\/product"}],"about":[{"href":"https:\/\/pofix.com\/hr\/wp-json\/wp\/v2\/types\/product"}],"wp:attachment":[{"href":"https:\/\/pofix.com\/hr\/wp-json\/wp\/v2\/media?parent=23272"}],"wp:term":[{"taxonomy":"product_brand","embeddable":true,"href":"https:\/\/pofix.com\/hr\/wp-json\/wp\/v2\/product_brand?post=23272"},{"taxonomy":"product_cat","embeddable":true,"href":"https:\/\/pofix.com\/hr\/wp-json\/wp\/v2\/product_cat?post=23272"},{"taxonomy":"product_tag","embeddable":true,"href":"https:\/\/pofix.com\/hr\/wp-json\/wp\/v2\/product_tag?post=23272"}],"curies":[{"name":"wp","href":"https:\/\/api.w.org\/{rel}","templated":true}]}}