{"id":23252,"date":"2023-05-01T14:15:10","date_gmt":"2023-05-01T14:15:10","guid":{"rendered":"https:\/\/pofix.com\/product\/pofix-75-svjetlo\/"},"modified":"2024-03-13T02:19:50","modified_gmt":"2024-03-13T02:19:50","slug":"pofix-75-svjetlo","status":"publish","type":"product","link":"https:\/\/pofix.com\/hr\/product\/pofix-75-svjetlo\/","title":{"rendered":"Pofix 75 LIGHT"},"content":{"rendered":"<p><strong>Osnovni zavr\u0161ni mort  <\/strong><\/p>\n<p><strong>Pofix 75-Light<\/strong> je gotova \u017ebuka za mehani\u010dku obradu. Koristi se za oblaganje unutarnjih zidova u jednom sloju. Mo\u017ee se oblo\u017eiti zidovi od opeke, betonski blokovi, betonski zidovi, siporeks blokovi itd. Podloga mora biti suha, o\u010di\u0161\u0107ena od pra\u0161ine i ulja te mora zadovoljavati gra\u0111evinske standarde.<\/p>\n<p><img decoding=\"async\" class=\"lazyload alignnone wp-image-20309\" src=\"https:\/\/pofix.com\/wp-content\/uploads\/2023\/05\/Preparatiion4-300x45.png\" data-orig-src=\"https:\/\/pofix.com\/wp-content\/uploads\/2023\/05\/Preparatiion4-300x45.png\" alt=\"\" width=\"300\" height=\"45\" srcset=\"data:image\/svg+xml,%3Csvg%20xmlns%3D%27http%3A%2F%2Fwww.w3.org%2F2000%2Fsvg%27%20width%3D%27300%27%20height%3D%2745%27%20viewBox%3D%270%200%20300%2045%27%3E%3Crect%20width%3D%27300%27%20height%3D%2745%27%20fill-opacity%3D%220%22%2F%3E%3C%2Fsvg%3E\" data-srcset=\"https:\/\/pofix.com\/wp-content\/uploads\/2023\/05\/Preparatiion4-200x30.png 200w, https:\/\/pofix.com\/wp-content\/uploads\/2023\/05\/Preparatiion4-300x45.png 300w, https:\/\/pofix.com\/wp-content\/uploads\/2023\/05\/Preparatiion4.png 364w\" data-sizes=\"auto\" data-orig-sizes=\"(max-width: 300px) 100vw, 300px\" \/><\/p>\n<\/p>\n<div class=\"table-1\">\n<table width=\"100%\">\n<thead>\n<tr>\n<th align=\"left\"><b>Priprema i primjena<\/b><\/th>\n<th align=\"left\">Parametri<\/th>\n<\/tr>\n<\/thead>\n<tbody>\n<tr>\n<td align=\"left\"><span style=\"font-weight: 400;\">Vrijeme primjene nakon mije\u0161anja s vodom<\/span><\/td>\n<td align=\"left\">3-4 h.<\/td>\n<\/tr>\n<tr>\n<td align=\"left\"><span style=\"font-weight: 400;\">Vrijeme su\u0161enja materijala<\/span><\/td>\n<td align=\"left\"><span style=\"font-weight: 400;\">48 h.<\/span><\/td>\n<\/tr>\n<tr>\n<td align=\"left\"><span style=\"font-weight: 400;\">Debljina nano\u0161enja<\/span><\/td>\n<td align=\"left\"><span style=\"font-weight: 400;\">1,7 mm.<\/span><\/td>\n<\/tr>\n<tr>\n<td align=\"left\"><span style=\"font-weight: 400;\">Granulacija<\/span><\/td>\n<td align=\"left\"><span style=\"font-weight: 400;\">0,7 mm.<\/span><\/td>\n<\/tr>\n<tr>\n<td align=\"left\"><span style=\"font-weight: 400;\">Potro\u0161nja<\/span><\/td>\n<td align=\"left\"><span style=\"font-weight: 400;\">15 kg\/m2.<\/span><\/td>\n<\/tr>\n<tr>\n<td align=\"left\"><span style=\"font-weight: 400;\">Temperatura zraka i povr\u0161ine<\/span><\/td>\n<td align=\"left\"><span style=\"font-weight: 400;\">+5\/+35\u00b0C<\/span><\/td>\n<\/tr>\n<tr>\n<td align=\"left\"><span style=\"font-weight: 400;\">Boja<\/span><\/td>\n<td align=\"left\"><img decoding=\"async\" class=\"lazyload alignnone size-full wp-image-20279\" src=\"data:image\/svg+xml,%3Csvg%20xmlns%3D%27http%3A%2F%2Fwww.w3.org%2F2000%2Fsvg%27%20width%3D%2725%27%20height%3D%2725%27%20viewBox%3D%270%200%2025%2025%27%3E%3Crect%20width%3D%2725%27%20height%3D%2725%27%20fill-opacity%3D%220%22%2F%3E%3C%2Fsvg%3E\" data-orig-src=\"https:\/\/pofix.com\/wp-content\/uploads\/2015\/10\/greeColor.png\" alt=\"\" width=\"25\" height=\"25\"><\/td>\n<\/tr>\n<tr>\n<td align=\"left\"><span style=\"font-weight: 400;\">Vre\u0107a od kg<\/span><\/td>\n<td align=\"left\"><span style=\"font-weight: 400;\">30<\/span><\/td>\n<\/tr>\n<tr>\n<td align=\"left\"><span style=\"font-weight: 400;\">Vre\u0107e\/paleta<\/span><\/td>\n<td align=\"left\">42<\/td>\n<\/tr>\n<\/tbody>\n<\/table>\n<\/div>\n<p>\n","protected":false},"excerpt":{"rendered":"<p><strong>Pofix 75-Light Basic zavr\u0161ni mort  <\/strong><\/p>\n<p>je gotova \u017ebuka za mehani\u010dku obradu. Koristi se za oblaganje unutarnjih zidova u jednom sloju. Mo\u017ee se oblo\u017eiti zidovi od opeke, betonski blokovi, betonski zidovi, siporeks blokovi itd. Podloga mora biti suha, o\u010di\u0161\u0107ena od pra\u0161ine i ulja te mora zadovoljavati gra\u0111evinske standarde.<\/p>\n","protected":false},"featured_media":22061,"template":"","meta":[],"product_brand":[],"product_cat":[268,269],"product_tag":[285,295,333,334],"class_list":{"0":"post-23252","1":"product","2":"type-product","3":"status-publish","4":"has-post-thumbnail","6":"product_cat-mineralni-proizvodi","7":"product_cat-osnovni-molteri","8":"product_tag-mineralni-proizvodi","9":"product_tag-osnovni-molteri","10":"product_tag-osnovni-zavrsni-mort","11":"product_tag-pofix-75-light-hr","12":"qcld-product-has-gallery","14":"first","15":"instock","16":"shipping-taxable","17":"purchasable","18":"product-type-simple"},"aioseo_notices":[],"_links":{"self":[{"href":"https:\/\/pofix.com\/hr\/wp-json\/wp\/v2\/product\/23252","targetHints":{"allow":["GET"]}}],"collection":[{"href":"https:\/\/pofix.com\/hr\/wp-json\/wp\/v2\/product"}],"about":[{"href":"https:\/\/pofix.com\/hr\/wp-json\/wp\/v2\/types\/product"}],"wp:featuredmedia":[{"embeddable":true,"href":"https:\/\/pofix.com\/hr\/wp-json\/wp\/v2\/media\/22061"}],"wp:attachment":[{"href":"https:\/\/pofix.com\/hr\/wp-json\/wp\/v2\/media?parent=23252"}],"wp:term":[{"taxonomy":"product_brand","embeddable":true,"href":"https:\/\/pofix.com\/hr\/wp-json\/wp\/v2\/product_brand?post=23252"},{"taxonomy":"product_cat","embeddable":true,"href":"https:\/\/pofix.com\/hr\/wp-json\/wp\/v2\/product_cat?post=23252"},{"taxonomy":"product_tag","embeddable":true,"href":"https:\/\/pofix.com\/hr\/wp-json\/wp\/v2\/product_tag?post=23252"}],"curies":[{"name":"wp","href":"https:\/\/api.w.org\/{rel}","templated":true}]}}