{"id":23149,"date":"2023-05-01T13:55:39","date_gmt":"2023-05-01T13:55:39","guid":{"rendered":"https:\/\/pofix.com\/product\/pofix-90\/"},"modified":"2024-03-12T01:47:26","modified_gmt":"2024-03-12T01:47:26","slug":"pofix-90","status":"publish","type":"product","link":"https:\/\/pofix.com\/hr\/product\/pofix-90\/","title":{"rendered":"POFIX-90"},"content":{"rendered":"<p><strong>Mort s bazom od gipsa<\/strong><\/p>\n<p><strong>Pofix 90<\/strong> je mort sa gipsom, vapnom i aditivnim temeljnim premazom za strojnu i ru\u010dnu primjenu. Koristi se kao temeljni mort za zavr\u0161nu \u017ebuku s mineralnim sadr\u017eajem, strukturnu \u017ebuku i kliznu \u017ebuku. Primjenjuje se na unutarnje zidove, cigle, betonske blokove, grube betonske povr\u0161ine, stropove itd. Upotreba Pobetonconactita neophodna je na glatkim betonskim povr\u0161inama.<\/p>\n<p><img decoding=\"async\" class=\"lazyload alignnone size-full wp-image-20274\" src=\"https:\/\/pofix.com\/wp-content\/uploads\/2015\/10\/Preparation-and-Application.png\" data-orig-src=\"https:\/\/pofix.com\/wp-content\/uploads\/2015\/10\/Preparation-and-Application.png\" alt=\"\" width=\"281\" height=\"55\" srcset=\"data:image\/svg+xml,%3Csvg%20xmlns%3D%27http%3A%2F%2Fwww.w3.org%2F2000%2Fsvg%27%20width%3D%27281%27%20height%3D%2755%27%20viewBox%3D%270%200%20281%2055%27%3E%3Crect%20width%3D%27281%27%20height%3D%2755%27%20fill-opacity%3D%220%22%2F%3E%3C%2Fsvg%3E\" data-srcset=\"https:\/\/pofix.com\/wp-content\/uploads\/2015\/10\/Preparation-and-Application-200x39.png 200w, https:\/\/pofix.com\/wp-content\/uploads\/2015\/10\/Preparation-and-Application.png 281w\" data-sizes=\"auto\" data-orig-sizes=\"(max-width: 281px) 100vw, 281px\" \/><\/p>\n<\/p>\n<div class=\"table-1\">\n<table width=\"100%\">\n<thead>\n<tr>\n<th align=\"left\"><b>Priprema i primjena<\/b><\/th>\n<th align=\"left\">Parametri<\/th>\n<\/tr>\n<\/thead>\n<tbody>\n<tr>\n<td align=\"left\"><span style=\"font-weight: 400;\">Vrijeme primjene nakon mije\u0161anja s vodom<\/span><\/td>\n<td align=\"left\">\/<\/td>\n<\/tr>\n<tr>\n<td align=\"left\"><span style=\"font-weight: 400;\">Vrijeme su\u0161enja materijala<\/span><\/td>\n<td align=\"left\"><span style=\"font-weight: 400;\">24 h.<\/span><\/td>\n<\/tr>\n<tr>\n<td align=\"left\"><span style=\"font-weight: 400;\">Debljina nano\u0161enja<\/span><\/td>\n<td align=\"left\"> <span style=\"font-weight: 400;\">18 mm.<\/span><\/td>\n<\/tr>\n<tr>\n<td align=\"left\"><span style=\"font-weight: 400;\">Granulacija<\/span><\/td>\n<td align=\"left\"><span style=\"font-weight: 400;\">0-1,3 mm.<\/span><\/td>\n<\/tr>\n<tr>\n<td align=\"left\"><span style=\"font-weight: 400;\">Potro\u0161nja<\/span><\/td>\n<td align=\"left\"><span style=\"font-weight: 400;\">15 kg\/m2.<\/span><\/td>\n<\/tr>\n<tr>\n<td align=\"left\"><span style=\"font-weight: 400;\">Temperatura zraka i povr\u0161ine<\/span><\/td>\n<td align=\"left\"><span style=\"font-weight: 400;\">+5\/+35\u00b0C<\/span><\/td>\n<\/tr>\n<tr>\n<td align=\"left\"><span style=\"font-weight: 400;\">Boja<\/span><\/td>\n<td align=\"left\"><img decoding=\"async\" class=\"lazyload alignnone size-full wp-image-20279\" src=\"data:image\/svg+xml,%3Csvg%20xmlns%3D%27http%3A%2F%2Fwww.w3.org%2F2000%2Fsvg%27%20width%3D%2725%27%20height%3D%2725%27%20viewBox%3D%270%200%2025%2025%27%3E%3Crect%20width%3D%2725%27%20height%3D%2725%27%20fill-opacity%3D%220%22%2F%3E%3C%2Fsvg%3E\" data-orig-src=\"https:\/\/pofix.com\/wp-content\/uploads\/2015\/10\/greeColor.png\" alt=\"\" width=\"25\" height=\"25\"><\/td>\n<\/tr>\n<tr>\n<td align=\"left\"><span style=\"font-weight: 400;\">Vre\u0107a od kg<\/span><\/td>\n<td align=\"left\"><span style=\"font-weight: 400;\">30<\/span><\/td>\n<\/tr>\n<tr>\n<td align=\"left\"><span style=\"font-weight: 400;\">Vre\u0107e\/paleta<\/span><\/td>\n<td align=\"left\">42<\/td>\n<\/tr>\n<\/tbody>\n<\/table>\n<\/div>\n<p>\n","protected":false},"excerpt":{"rendered":"<p><strong>Pofix 90 &#8211; Mort na bazi gipsa<\/strong><\/p>\n<p>je mort sa gipsom, vapnom i aditivom za temeljnu boju za strojnu i ru\u010dnu primjenu. Koristi se kao temeljni mort za zavr\u0161nu \u017ebuku s mineralnim sadr\u017eajem, strukturnu \u017ebuku i kliznu \u017ebuku. Primjenjuje se na unutarnje zidove, cigle, betonske blokove, grube betonske povr\u0161ine, stropove itd. Upotreba Pobetonconactita neophodna je na glatkim betonskim povr\u0161inama.<\/p>\n","protected":false},"featured_media":0,"template":"","meta":[],"product_brand":[],"product_cat":[268,269],"product_tag":[285,290,295,293],"class_list":{"0":"post-23149","1":"product","2":"type-product","3":"status-publish","5":"product_cat-mineralni-proizvodi","6":"product_cat-osnovni-molteri","7":"product_tag-mineralni-proizvodi","8":"product_tag-mort-s-bazom-od-gipsa","9":"product_tag-osnovni-molteri","10":"product_tag-pofix-90-hr","12":"first","13":"instock","14":"shipping-taxable","15":"purchasable","16":"product-type-simple"},"aioseo_notices":[],"_links":{"self":[{"href":"https:\/\/pofix.com\/hr\/wp-json\/wp\/v2\/product\/23149","targetHints":{"allow":["GET"]}}],"collection":[{"href":"https:\/\/pofix.com\/hr\/wp-json\/wp\/v2\/product"}],"about":[{"href":"https:\/\/pofix.com\/hr\/wp-json\/wp\/v2\/types\/product"}],"wp:attachment":[{"href":"https:\/\/pofix.com\/hr\/wp-json\/wp\/v2\/media?parent=23149"}],"wp:term":[{"taxonomy":"product_brand","embeddable":true,"href":"https:\/\/pofix.com\/hr\/wp-json\/wp\/v2\/product_brand?post=23149"},{"taxonomy":"product_cat","embeddable":true,"href":"https:\/\/pofix.com\/hr\/wp-json\/wp\/v2\/product_cat?post=23149"},{"taxonomy":"product_tag","embeddable":true,"href":"https:\/\/pofix.com\/hr\/wp-json\/wp\/v2\/product_tag?post=23149"}],"curies":[{"name":"wp","href":"https:\/\/api.w.org\/{rel}","templated":true}]}}