{"id":23073,"date":"2015-09-14T00:05:19","date_gmt":"2015-09-14T00:05:19","guid":{"rendered":"https:\/\/pofix.com\/vijesti\/"},"modified":"2024-03-12T01:31:31","modified_gmt":"2024-03-12T01:31:31","slug":"vijesti","status":"publish","type":"page","link":"https:\/\/pofix.com\/hr\/vijesti\/","title":{"rendered":"Vijesti"},"content":{"rendered":"<p><div class=\"fusion-fullwidth fullwidth-box fusion-builder-row-1 fusion-flex-container fusion-parallax-none nonhundred-percent-fullwidth non-hundred-percent-height-scrolling lazyload\" style=\"--awb-background-position:center top;--awb-border-sizes-top:0px;--awb-border-sizes-bottom:0px;--awb-border-sizes-left:0px;--awb-border-sizes-right:0px;--awb-border-radius-top-left:0px;--awb-border-radius-top-right:0px;--awb-border-radius-bottom-right:0px;--awb-border-radius-bottom-left:0px;--awb-padding-top:100px;--awb-padding-bottom:90px;--awb-background-size:cover;--awb-flex-wrap:wrap;\" data-bg=\"https:\/\/pofix1.fs.mk\/wp-content\/uploads\/2015\/09\/home1_slide_one_bg.jpg\" ><div class=\"fusion-builder-row fusion-row fusion-flex-align-items-flex-start fusion-flex-content-wrap\" style=\"max-width:1352px;margin-left: calc(-4% \/ 2 );margin-right: calc(-4% \/ 2 );\"><div class=\"fusion-layout-column fusion_builder_column fusion-builder-column-0 fusion_builder_column_1_1 1_1 fusion-flex-column fusion-flex-align-self-flex-start fusion-column-no-min-height\" style=\"--awb-bg-size:cover;--awb-width-large:100%;--awb-margin-top-large:0px;--awb-spacing-right-large:1.92%;--awb-margin-bottom-large:0px;--awb-spacing-left-large:1.92%;--awb-width-medium:100%;--awb-spacing-right-medium:1.92%;--awb-spacing-left-medium:1.92%;--awb-width-small:100%;--awb-spacing-right-small:1.92%;--awb-spacing-left-small:1.92%;\"><div class=\"fusion-column-wrapper fusion-flex-justify-content-flex-start fusion-content-layout-column\"><div class=\"fusion-title title fusion-title-1 fusion-title-center fusion-title-text fusion-title-size-one\" style=\"--awb-text-color:var(--awb-color1);--awb-margin-bottom:12px;--awb-margin-top-small:10px;--awb-margin-bottom-small:20px;--awb-font-size:52px;\"><div class=\"title-sep-container title-sep-container-left\"><div class=\"title-sep sep- sep-solid\" style=\"border-color:var(--awb-color3);\"><\/div><\/div><span class=\"awb-title-spacer\"><\/span><h1 class=\"fusion-title-heading title-heading-center fusion-responsive-typography-calculated\" style=\"margin:0;font-size:1em;--fontSize:52;line-height:1.23;\">Na\u0161 blog<\/h1><span class=\"awb-title-spacer\"><\/span><div class=\"title-sep-container title-sep-container-right\"><div class=\"title-sep sep- sep-solid\" style=\"border-color:var(--awb-color3);\"><\/div><\/div><\/div><div class=\"fusion-text fusion-text-1\" style=\"--awb-content-alignment:center;--awb-font-size:18px;--awb-line-height:30px;--awb-letter-spacing:3px;--awb-text-color:var(--awb-color1);\"><p>NAJNOVIJE MODNE VIJESTI<\/p>\n<\/div><\/div><\/div><\/div><\/div><div class=\"fusion-fullwidth fullwidth-box fusion-builder-row-2 fusion-flex-container nonhundred-percent-fullwidth non-hundred-percent-height-scrolling\" style=\"--awb-background-position:left top;--awb-border-sizes-top:0px;--awb-border-sizes-bottom:0px;--awb-border-sizes-left:0px;--awb-border-sizes-right:0px;--awb-border-radius-top-left:0px;--awb-border-radius-top-right:0px;--awb-border-radius-bottom-right:0px;--awb-border-radius-bottom-left:0px;--awb-padding-top:80px;--awb-padding-bottom:0px;--awb-flex-wrap:wrap;\" ><div class=\"fusion-builder-row fusion-row fusion-flex-align-items-flex-start fusion-flex-content-wrap\" style=\"max-width:calc( 1300px + 0px );margin-left: calc(-0px \/ 2 );margin-right: calc(-0px \/ 2 );\"><div class=\"fusion-layout-column fusion_builder_column fusion-builder-column-1 fusion_builder_column_1_1 1_1 fusion-flex-column fusion-flex-align-self-flex-start fusion-column-no-min-height\" style=\"--awb-bg-size:cover;--awb-width-large:100%;--awb-margin-top-large:0px;--awb-spacing-right-large:0px;--awb-margin-bottom-large:0px;--awb-spacing-left-large:0px;--awb-width-medium:100%;--awb-spacing-right-medium:0px;--awb-spacing-left-medium:0px;--awb-width-small:100%;--awb-spacing-right-small:0px;--awb-spacing-left-small:0px;\"><div class=\"fusion-column-wrapper fusion-flex-justify-content-flex-start fusion-content-layout-column\"><div class=\"fusion-blog-shortcode fusion-blog-shortcode-1 fusion-blog-archive fusion-blog-layout-grid-wrapper fusion-blog-infinite\"><style type=\"text\/css\">.fusion-blog-shortcode-1 .fusion-blog-layout-grid .fusion-post-grid{padding:17.5px;}.fusion-blog-shortcode-1 .fusion-posts-container{margin-left: -17.5px !important; margin-right:-17.5px !important;}<\/style><div class=\"fusion-posts-container fusion-posts-container-infinite fusion-posts-container-load-more fusion-blog-rollover fusion-blog-layout-grid fusion-blog-layout-grid-3 isotope\" data-pages=\"1\" data-grid-col-space=\"35\" style=\"margin: -17.5px -17.5px 0;min-height:500px;\"><article id=\"blog-1-post-23208\" class=\"fusion-post-grid post-23208 post type-post status-publish format-standard has-post-thumbnail hentry category-vijesti tag-pofix-ligistic-hr tag-prijevoz\">\n<div class=\"fusion-post-wrapper\" style=\"background-color:rgba(255,255,255,0);border:1px solid var(--awb-color3);border-bottom-width:3px;\">\n\n\t\t\t<div class=\"fusion-flexslider flexslider fusion-flexslider-loading fusion-post-slideshow\" style=\"border-color:var(--awb-color3);\">\n\t\t<ul class=\"slides\">\n\t\t\t\n\t\t\t\t\t\t\t\t\t\t\t\t\t\t<li><div  class=\"fusion-image-wrapper\" aria-haspopup=\"true\">\n\t\t\t\t<img decoding=\"async\" width=\"843\" height=\"740\" src=\"https:\/\/pofix.com\/wp-content\/uploads\/2024\/02\/Logistics.png\" class=\"attachment-full size-full lazyload wp-post-image\" alt=\"\" srcset=\"data:image\/svg+xml,%3Csvg%20xmlns%3D%27http%3A%2F%2Fwww.w3.org%2F2000%2Fsvg%27%20width%3D%27843%27%20height%3D%27740%27%20viewBox%3D%270%200%20843%20740%27%3E%3Crect%20width%3D%27843%27%20height%3D%27740%27%20fill-opacity%3D%220%22%2F%3E%3C%2Fsvg%3E\" data-orig-src=\"https:\/\/pofix.com\/wp-content\/uploads\/2024\/02\/Logistics.png\" data-srcset=\"https:\/\/pofix.com\/wp-content\/uploads\/2024\/02\/Logistics-200x176.png 200w, https:\/\/pofix.com\/wp-content\/uploads\/2024\/02\/Logistics-400x351.png 400w, https:\/\/pofix.com\/wp-content\/uploads\/2024\/02\/Logistics-600x527.png 600w, https:\/\/pofix.com\/wp-content\/uploads\/2024\/02\/Logistics-800x702.png 800w, https:\/\/pofix.com\/wp-content\/uploads\/2024\/02\/Logistics.png 843w\" data-sizes=\"auto\" \/><div class=\"fusion-rollover\">\n\t<div class=\"fusion-rollover-content\">\n\n\t\t\t\t\t\t\t\t\t\t\t\t\t\t<a class=\"fusion-rollover-link\" href=\"https:\/\/pofix.com\/hr\/pojednostavljenje-uspjeha-pofix-ova-predanost-besprijekornoj-logistici\/\">Pojednostavljenje uspjeha: POFIX-ova predanost besprijekornoj logistici<\/a>\n\t\t\t\n\t\t\t\t\t\t\t\t\n\t\t\n\t\t\t\t\t\t\t\t\t\t\t\t<h4 class=\"fusion-rollover-title\">\n\t\t\t\t\t<a class=\"fusion-rollover-title-link\" href=\"https:\/\/pofix.com\/hr\/pojednostavljenje-uspjeha-pofix-ova-predanost-besprijekornoj-logistici\/\">\n\t\t\t\t\t\tPojednostavljenje uspjeha: POFIX-ova predanost besprijekornoj logistici\t\t\t\t\t<\/a>\n\t\t\t\t<\/h4>\n\t\t\t\n\t\t\t\t\t\t\t\t\n\t\t\n\t\t\t\t\t\t<a class=\"fusion-link-wrapper\" href=\"https:\/\/pofix.com\/hr\/pojednostavljenje-uspjeha-pofix-ova-predanost-besprijekornoj-logistici\/\" aria-label=\"Pojednostavljenje uspjeha: POFIX-ova predanost besprijekornoj logistici\"><\/a>\n\t<\/div>\n<\/div>\n<\/div>\n<\/li>\n\t\t\t\n\t\t\t\n\t\t\t\t\t\t\t\t\t\t\t\t\t\t\t\t\t\t\t\t\t\t\t\t\t\t\t\t\t\t\t\t\t\t\t\t\t\t\t\t\t\t\t\t\t\t\t\t\t\t\t\t\t\t\t\t\t\t\t\t\t\t\t\t\t\t\t\t<\/ul>\n\t<\/div>\n\t<div class=\"fusion-post-content-wrapper\" style=\"padding:30px 25px 20px 25px;\"><div class=\"fusion-post-content post-content\"><h2 class=\"blog-shortcode-post-title entry-title\">Pojednostavljenje uspjeha: POFIX-ova predanost besprijekornoj logistici<\/h2><p class=\"fusion-single-line-meta\">By <span><a href=\"https:\/\/pofix.com\/hr\/author\/admin\/\" title=\"Objave od: POFIX\" rel=\"author\">POFIX<\/a><\/span><span class=\"fusion-inline-sep\">|<\/span><span class=\"updated\" style=\"display:none;\">2024-03-12T01:47:20+00:00<\/span><span>9 prosinca, 2023<\/span><span class=\"fusion-inline-sep\">|<\/span><\/p><div class=\"fusion-content-sep sep-double sep-solid\"><\/div><div class=\"fusion-post-content-container\"><p> U POFIX-u razumijemo da temelj na\u0161eg uspjeha ne le\u017ei samo u neusporedivoj kvaliteti na\u0161ih proizvoda, ve\u0107<\/p><\/div><\/div><div class=\"fusion-meta-info\"><div class=\"fusion-alignleft\"><a class=\"fusion-read-more\" href=\"https:\/\/pofix.com\/hr\/pojednostavljenje-uspjeha-pofix-ova-predanost-besprijekornoj-logistici\/\" aria-label=\"More on Pojednostavljenje uspjeha: POFIX-ova predanost besprijekornoj logistici\">Read More<\/a><\/div><div class=\"fusion-alignright\"><span>Komentari isklju\u010deni<span class=\"screen-reader-text\"> za Pojednostavljenje uspjeha: POFIX-ova predanost besprijekornoj logistici<\/span><\/span><\/div><\/div><\/div><div class=\"fusion-clearfix\"><\/div><\/div>\n<\/article>\n<article id=\"blog-1-post-23136\" class=\"fusion-post-grid post-23136 post type-post status-publish format-standard has-post-thumbnail hentry category-vijesti tag-eps-pofix-eps-hr\">\n<div class=\"fusion-post-wrapper\" style=\"background-color:rgba(255,255,255,0);border:1px solid var(--awb-color3);border-bottom-width:3px;\">\n\n\t\t\t<div class=\"fusion-flexslider flexslider fusion-flexslider-loading fusion-post-slideshow\" style=\"border-color:var(--awb-color3);\">\n\t\t<ul class=\"slides\">\n\t\t\t\n\t\t\t\t\t\t\t\t\t\t\t\t\t\t<li><div  class=\"fusion-image-wrapper\" aria-haspopup=\"true\">\n\t\t\t\t<img decoding=\"async\" width=\"1344\" height=\"1008\" src=\"https:\/\/pofix.com\/wp-content\/uploads\/2024\/02\/graphite-ESP.jpg\" class=\"attachment-full size-full lazyload wp-post-image\" alt=\"\" srcset=\"data:image\/svg+xml,%3Csvg%20xmlns%3D%27http%3A%2F%2Fwww.w3.org%2F2000%2Fsvg%27%20width%3D%271344%27%20height%3D%271008%27%20viewBox%3D%270%200%201344%201008%27%3E%3Crect%20width%3D%271344%27%20height%3D%271008%27%20fill-opacity%3D%220%22%2F%3E%3C%2Fsvg%3E\" data-orig-src=\"https:\/\/pofix.com\/wp-content\/uploads\/2024\/02\/graphite-ESP.jpg\" data-srcset=\"https:\/\/pofix.com\/wp-content\/uploads\/2024\/02\/graphite-ESP-200x150.jpg 200w, https:\/\/pofix.com\/wp-content\/uploads\/2024\/02\/graphite-ESP-400x300.jpg 400w, https:\/\/pofix.com\/wp-content\/uploads\/2024\/02\/graphite-ESP-600x450.jpg 600w, https:\/\/pofix.com\/wp-content\/uploads\/2024\/02\/graphite-ESP-800x600.jpg 800w, https:\/\/pofix.com\/wp-content\/uploads\/2024\/02\/graphite-ESP-1200x900.jpg 1200w, https:\/\/pofix.com\/wp-content\/uploads\/2024\/02\/graphite-ESP.jpg 1344w\" data-sizes=\"auto\" \/><div class=\"fusion-rollover\">\n\t<div class=\"fusion-rollover-content\">\n\n\t\t\t\t\t\t\t\t\t\t\t\t\t\t<a class=\"fusion-rollover-link\" href=\"https:\/\/pofix.com\/hr\/pofix-podize-eps-inovacije-s-grafitnom-tehnologijom-na-kosovu\/\">POFIX podi\u017ee EPS inovacije s grafitnom tehnologijom na Kosovu<\/a>\n\t\t\t\n\t\t\t\t\t\t\t\t\n\t\t\n\t\t\t\t\t\t\t\t\t\t\t\t<h4 class=\"fusion-rollover-title\">\n\t\t\t\t\t<a class=\"fusion-rollover-title-link\" href=\"https:\/\/pofix.com\/hr\/pofix-podize-eps-inovacije-s-grafitnom-tehnologijom-na-kosovu\/\">\n\t\t\t\t\t\tPOFIX podi\u017ee EPS inovacije s grafitnom tehnologijom na Kosovu\t\t\t\t\t<\/a>\n\t\t\t\t<\/h4>\n\t\t\t\n\t\t\t\t\t\t\t\t\n\t\t\n\t\t\t\t\t\t<a class=\"fusion-link-wrapper\" href=\"https:\/\/pofix.com\/hr\/pofix-podize-eps-inovacije-s-grafitnom-tehnologijom-na-kosovu\/\" aria-label=\"POFIX podi\u017ee EPS inovacije s grafitnom tehnologijom na Kosovu\"><\/a>\n\t<\/div>\n<\/div>\n<\/div>\n<\/li>\n\t\t\t\n\t\t\t\n\t\t\t\t\t\t\t\t\t\t\t\t\t\t\t\t\t\t\t\t\t\t\t\t\t\t\t\t\t\t\t\t\t\t\t\t\t\t\t\t\t\t\t\t\t\t\t\t\t\t\t\t\t\t\t\t\t\t\t\t\t\t\t\t\t\t\t\t<\/ul>\n\t<\/div>\n\t<div class=\"fusion-post-content-wrapper\" style=\"padding:30px 25px 20px 25px;\"><div class=\"fusion-post-content post-content\"><h2 class=\"blog-shortcode-post-title entry-title\">POFIX podi\u017ee EPS inovacije s grafitnom tehnologijom na Kosovu<\/h2><p class=\"fusion-single-line-meta\">By <span><a href=\"https:\/\/pofix.com\/hr\/author\/admin\/\" title=\"Objave od: POFIX\" rel=\"author\">POFIX<\/a><\/span><span class=\"fusion-inline-sep\">|<\/span><span class=\"updated\" style=\"display:none;\">2024-03-12T01:47:07+00:00<\/span><span>9 rujna, 2023<\/span><span class=\"fusion-inline-sep\">|<\/span><\/p><div class=\"fusion-content-sep sep-double sep-solid\"><\/div><div class=\"fusion-post-content-container\"><p>Ve\u0107 vi\u0161e od desetlje\u0107a POFIX je na \u010delu proizvodnje visokokvalitetnih proizvoda od ekspandiranog polistirena (EPS), koji zadovoljavaju<\/p><\/div><\/div><div class=\"fusion-meta-info\"><div class=\"fusion-alignleft\"><a class=\"fusion-read-more\" href=\"https:\/\/pofix.com\/hr\/pofix-podize-eps-inovacije-s-grafitnom-tehnologijom-na-kosovu\/\" aria-label=\"More on POFIX podi\u017ee EPS inovacije s grafitnom tehnologijom na Kosovu\">Read More<\/a><\/div><div class=\"fusion-alignright\"><span>Komentari isklju\u010deni<span class=\"screen-reader-text\"> za POFIX podi\u017ee EPS inovacije s grafitnom tehnologijom na Kosovu<\/span><\/span><\/div><\/div><\/div><div class=\"fusion-clearfix\"><\/div><\/div>\n<\/article>\n<article id=\"blog-1-post-23203\" class=\"fusion-post-grid post-23203 post type-post status-publish format-standard has-post-thumbnail hentry category-vijesti tag-eta-hr tag-eu-hr tag-pofiks tag-pofix-xps-300-hr tag-proizvodi-za-toplinsku-izolaciju tag-xps-hr\">\n<div class=\"fusion-post-wrapper\" style=\"background-color:rgba(255,255,255,0);border:1px solid var(--awb-color3);border-bottom-width:3px;\">\n\n\t\t\t<div class=\"fusion-flexslider flexslider fusion-flexslider-loading fusion-post-slideshow\" style=\"border-color:var(--awb-color3);\">\n\t\t<ul class=\"slides\">\n\t\t\t\n\t\t\t\t\t\t\t\t\t\t\t\t\t\t<li><div  class=\"fusion-image-wrapper\" aria-haspopup=\"true\">\n\t\t\t\t<img decoding=\"async\" width=\"200\" height=\"128\" src=\"data:image\/svg+xml,%3Csvg%20xmlns%3D%27http%3A%2F%2Fwww.w3.org%2F2000%2Fsvg%27%20width%3D%27200%27%20height%3D%27128%27%20viewBox%3D%270%200%20200%20128%27%3E%3Crect%20width%3D%27200%27%20height%3D%27128%27%20fill-opacity%3D%220%22%2F%3E%3C%2Fsvg%3E\" class=\"attachment-full size-full lazyload wp-post-image\" alt=\"\" data-orig-src=\"https:\/\/pofix.com\/wp-content\/uploads\/2015\/09\/NewsETA.png\" \/><div class=\"fusion-rollover\">\n\t<div class=\"fusion-rollover-content\">\n\n\t\t\t\t\t\t\t\t\t\t\t\t\t\t<a class=\"fusion-rollover-link\" href=\"https:\/\/pofix.com\/hr\/otkljucavanje-europskih-trzista-uz-kvalitetu-bez-premca-pofix-xps-300\/\">Otklju\u010davanje europskih tr\u017ei\u0161ta uz kvalitetu bez premca: POFIX XPS 300<\/a>\n\t\t\t\n\t\t\t\t\t\t\t\t\n\t\t\n\t\t\t\t\t\t\t\t\t\t\t\t<h4 class=\"fusion-rollover-title\">\n\t\t\t\t\t<a class=\"fusion-rollover-title-link\" href=\"https:\/\/pofix.com\/hr\/otkljucavanje-europskih-trzista-uz-kvalitetu-bez-premca-pofix-xps-300\/\">\n\t\t\t\t\t\tOtklju\u010davanje europskih tr\u017ei\u0161ta uz kvalitetu bez premca: POFIX XPS 300\t\t\t\t\t<\/a>\n\t\t\t\t<\/h4>\n\t\t\t\n\t\t\t\t\t\t\t\t\n\t\t\n\t\t\t\t\t\t<a class=\"fusion-link-wrapper\" href=\"https:\/\/pofix.com\/hr\/otkljucavanje-europskih-trzista-uz-kvalitetu-bez-premca-pofix-xps-300\/\" aria-label=\"Otklju\u010davanje europskih tr\u017ei\u0161ta uz kvalitetu bez premca: POFIX XPS 300\"><\/a>\n\t<\/div>\n<\/div>\n<\/div>\n<\/li>\n\t\t\t\n\t\t\t\n\t\t\t\t\t\t\t\t\t\t\t\t\t\t\t\t\t\t\t\t\t\t\t\t\t\t\t\t\t\t\t\t\t\t\t\t\t\t\t\t\t\t\t\t\t\t\t\t\t\t\t\t\t\t\t\t\t\t\t\t\t\t\t\t\t\t\t\t<\/ul>\n\t<\/div>\n\t<div class=\"fusion-post-content-wrapper\" style=\"padding:30px 25px 20px 25px;\"><div class=\"fusion-post-content post-content\"><h2 class=\"blog-shortcode-post-title entry-title\">Otklju\u010davanje europskih tr\u017ei\u0161ta uz kvalitetu bez premca: POFIX XPS 300<\/h2><p class=\"fusion-single-line-meta\">By <span><a href=\"https:\/\/pofix.com\/hr\/author\/admin\/\" title=\"Objave od: POFIX\" rel=\"author\">POFIX<\/a><\/span><span class=\"fusion-inline-sep\">|<\/span><span class=\"updated\" style=\"display:none;\">2024-03-12T01:47:08+00:00<\/span><span>9 kolovoza, 2023<\/span><span class=\"fusion-inline-sep\">|<\/span><\/p><div class=\"fusion-content-sep sep-double sep-solid\"><\/div><div class=\"fusion-post-content-container\"><p>U zna\u010dajnom koraku prema me\u0111unarodnom priznanju, POFIX doo ponosno najavljuje svoje najnovije postignu\u0107e - Europsku tehni\u010dku ocjenu<\/p><\/div><\/div><div class=\"fusion-meta-info\"><div class=\"fusion-alignleft\"><a class=\"fusion-read-more\" href=\"https:\/\/pofix.com\/hr\/otkljucavanje-europskih-trzista-uz-kvalitetu-bez-premca-pofix-xps-300\/\" aria-label=\"More on Otklju\u010davanje europskih tr\u017ei\u0161ta uz kvalitetu bez premca: POFIX XPS 300\">Read More<\/a><\/div><div class=\"fusion-alignright\"><span>Komentari isklju\u010deni<span class=\"screen-reader-text\"> za Otklju\u010davanje europskih tr\u017ei\u0161ta uz kvalitetu bez premca: POFIX XPS 300<\/span><\/span><\/div><\/div><\/div><div class=\"fusion-clearfix\"><\/div><\/div>\n<\/article>\n<article id=\"blog-1-post-23123\" class=\"fusion-post-grid post-23123 post type-post status-publish format-standard has-post-thumbnail hentry category-vijesti tag-ebrd-hr tag-eps-pofix-eps-hr tag-geff-hr tag-pofiks tag-pofix-xps-300-hr\">\n<div class=\"fusion-post-wrapper\" style=\"background-color:rgba(255,255,255,0);border:1px solid var(--awb-color3);border-bottom-width:3px;\">\n\n\t\t\t<div class=\"fusion-flexslider flexslider fusion-flexslider-loading fusion-post-slideshow\" style=\"border-color:var(--awb-color3);\">\n\t\t<ul class=\"slides\">\n\t\t\t\n\t\t\t\t\t\t\t\t\t\t\t\t\t\t<li><div  class=\"fusion-image-wrapper\" aria-haspopup=\"true\">\n\t\t\t\t<img decoding=\"async\" width=\"800\" height=\"428\" src=\"https:\/\/pofix.com\/wp-content\/uploads\/2024\/02\/PofixGeff.png\" class=\"attachment-full size-full lazyload wp-post-image\" alt=\"\" srcset=\"data:image\/svg+xml,%3Csvg%20xmlns%3D%27http%3A%2F%2Fwww.w3.org%2F2000%2Fsvg%27%20width%3D%27800%27%20height%3D%27428%27%20viewBox%3D%270%200%20800%20428%27%3E%3Crect%20width%3D%27800%27%20height%3D%27428%27%20fill-opacity%3D%220%22%2F%3E%3C%2Fsvg%3E\" data-orig-src=\"https:\/\/pofix.com\/wp-content\/uploads\/2024\/02\/PofixGeff.png\" data-srcset=\"https:\/\/pofix.com\/wp-content\/uploads\/2024\/02\/PofixGeff-200x107.png 200w, https:\/\/pofix.com\/wp-content\/uploads\/2024\/02\/PofixGeff-400x214.png 400w, https:\/\/pofix.com\/wp-content\/uploads\/2024\/02\/PofixGeff-600x321.png 600w, https:\/\/pofix.com\/wp-content\/uploads\/2024\/02\/PofixGeff.png 800w\" data-sizes=\"auto\" \/><div class=\"fusion-rollover\">\n\t<div class=\"fusion-rollover-content\">\n\n\t\t\t\t\t\t\t\t\t\t\t\t\t\t<a class=\"fusion-rollover-link\" href=\"https:\/\/pofix.com\/hr\/povecajte-svoje-ustede-i-povrate-uz-pofix-otkljucajte-do-20-u-bespovratnim-sredstvima-i-35-povrata-ulaganja\/\">Pove\u0107ajte svoje u\u0161tede i povrate uz POFIX: otklju\u010dajte do 20% u bespovratnim sredstvima i 35% povrata ulaganja<\/a>\n\t\t\t\n\t\t\t\t\t\t\t\t\n\t\t\n\t\t\t\t\t\t\t\t\t\t\t\t<h4 class=\"fusion-rollover-title\">\n\t\t\t\t\t<a class=\"fusion-rollover-title-link\" href=\"https:\/\/pofix.com\/hr\/povecajte-svoje-ustede-i-povrate-uz-pofix-otkljucajte-do-20-u-bespovratnim-sredstvima-i-35-povrata-ulaganja\/\">\n\t\t\t\t\t\tPove\u0107ajte svoje u\u0161tede i povrate uz POFIX: otklju\u010dajte do 20% u bespovratnim sredstvima i 35% povrata ulaganja\t\t\t\t\t<\/a>\n\t\t\t\t<\/h4>\n\t\t\t\n\t\t\t\t\t\t\t\t\n\t\t\n\t\t\t\t\t\t<a class=\"fusion-link-wrapper\" href=\"https:\/\/pofix.com\/hr\/povecajte-svoje-ustede-i-povrate-uz-pofix-otkljucajte-do-20-u-bespovratnim-sredstvima-i-35-povrata-ulaganja\/\" aria-label=\"Pove\u0107ajte svoje u\u0161tede i povrate uz POFIX: otklju\u010dajte do 20% u bespovratnim sredstvima i 35% povrata ulaganja\"><\/a>\n\t<\/div>\n<\/div>\n<\/div>\n<\/li>\n\t\t\t\n\t\t\t\n\t\t\t\t\t\t\t\t\t\t\t\t\t\t\t\t\t\t\t\t\t\t\t\t\t\t\t\t\t\t\t\t\t\t\t\t\t\t\t\t\t\t\t\t\t\t\t\t\t\t\t\t\t\t\t\t\t\t\t\t\t\t\t\t\t\t\t\t<\/ul>\n\t<\/div>\n\t<div class=\"fusion-post-content-wrapper\" style=\"padding:30px 25px 20px 25px;\"><div class=\"fusion-post-content post-content\"><h2 class=\"blog-shortcode-post-title entry-title\">Pove\u0107ajte svoje u\u0161tede i povrate uz POFIX: otklju\u010dajte do 20% u bespovratnim sredstvima i 35% povrata ulaganja<\/h2><p class=\"fusion-single-line-meta\">By <span><a href=\"https:\/\/pofix.com\/hr\/author\/admin\/\" title=\"Objave od: POFIX\" rel=\"author\">POFIX<\/a><\/span><span class=\"fusion-inline-sep\">|<\/span><span class=\"updated\" style=\"display:none;\">2024-03-12T01:47:18+00:00<\/span><span>9 rujna, 2022<\/span><span class=\"fusion-inline-sep\">|<\/span><\/p><div class=\"fusion-content-sep sep-double sep-solid\"><\/div><div class=\"fusion-post-content-container\"><p>U uzbudljivom razvoju gra\u0111evinske i izolacijske industrije, POFIX s odu\u0161evljenjem najavljuje revolucionarnu priliku koja kombinira iznimnu kvalitetu<\/p><\/div><\/div><div class=\"fusion-meta-info\"><div class=\"fusion-alignleft\"><a class=\"fusion-read-more\" href=\"https:\/\/pofix.com\/hr\/povecajte-svoje-ustede-i-povrate-uz-pofix-otkljucajte-do-20-u-bespovratnim-sredstvima-i-35-povrata-ulaganja\/\" aria-label=\"More on Pove\u0107ajte svoje u\u0161tede i povrate uz POFIX: otklju\u010dajte do 20% u bespovratnim sredstvima i 35% povrata ulaganja\">Read More<\/a><\/div><div class=\"fusion-alignright\"><span>Komentari isklju\u010deni<span class=\"screen-reader-text\"> za Pove\u0107ajte svoje u\u0161tede i povrate uz POFIX: otklju\u010dajte do 20% u bespovratnim sredstvima i 35% povrata ulaganja<\/span><\/span><\/div><\/div><\/div><div class=\"fusion-clearfix\"><\/div><\/div>\n<\/article>\n<div class=\"fusion-clearfix\"><\/div><\/div><\/div><\/div><\/div><\/div><\/div><\/p>\n","protected":false},"excerpt":{"rendered":"","protected":false},"author":1,"featured_media":0,"parent":0,"menu_order":0,"comment_status":"closed","ping_status":"closed","template":"100-width.php","meta":{"footnotes":""},"class_list":["post-23073","page","type-page","status-publish","hentry"],"aioseo_notices":[],"_links":{"self":[{"href":"https:\/\/pofix.com\/hr\/wp-json\/wp\/v2\/pages\/23073","targetHints":{"allow":["GET"]}}],"collection":[{"href":"https:\/\/pofix.com\/hr\/wp-json\/wp\/v2\/pages"}],"about":[{"href":"https:\/\/pofix.com\/hr\/wp-json\/wp\/v2\/types\/page"}],"author":[{"embeddable":true,"href":"https:\/\/pofix.com\/hr\/wp-json\/wp\/v2\/users\/1"}],"replies":[{"embeddable":true,"href":"https:\/\/pofix.com\/hr\/wp-json\/wp\/v2\/comments?post=23073"}],"version-history":[{"count":2,"href":"https:\/\/pofix.com\/hr\/wp-json\/wp\/v2\/pages\/23073\/revisions"}],"predecessor-version":[{"id":23085,"href":"https:\/\/pofix.com\/hr\/wp-json\/wp\/v2\/pages\/23073\/revisions\/23085"}],"wp:attachment":[{"href":"https:\/\/pofix.com\/hr\/wp-json\/wp\/v2\/media?parent=23073"}],"curies":[{"name":"wp","href":"https:\/\/api.w.org\/{rel}","templated":true}]}}